{"id":725507,"date":"2025-08-27T19:51:33","date_gmt":"2025-08-27T16:51:33","guid":{"rendered":"https:\/\/roveyayinevi.com.tr\/index.php\/urun\/tursu-tursuluk-sebzelerin-yetistiriciligi-tursu-cesitleri-ve-yoresel-tarifler\/"},"modified":"2026-04-16T02:33:30","modified_gmt":"2026-04-15T23:33:30","slug":"tursu-tursuluk-sebzelerin-yetistiriciligi-tursu-cesitleri-ve-yoresel-tarifler","status":"publish","type":"product","link":"https:\/\/roveyayinevi.com.tr\/index.php\/urun\/tursu-tursuluk-sebzelerin-yetistiriciligi-tursu-cesitleri-ve-yoresel-tarifler\/","title":{"rendered":"Tur\u015fu Tur\u015fuluk Sebzelerin Yeti\u015ftiricili\u011fi, Tur\u015fu \u00c7e\u015fitleri ve Y\u00f6resel Tarifler"},"content":{"rendered":"<p>Anadolu sofra k\u00fclt\u00fcr\u00fcn\u00fcn en \u00f6nemli par\u00e7alar\u0131ndan biri hi\u00e7 \u015f\u00fcphesiz tur\u015fudur. Arkaik d\u00f6nemlerden g\u00fcn\u00fcm\u00fcze, binlerce y\u0131ll\u0131k s\u00fcre\u00e7te sofralar\u0131n vazge\u00e7ilmez par\u00e7alar\u0131ndan biri olan tur\u015fu, simgele\u015fmi\u015f yemeklerimizin ba\u015f\u0131nda gelmektedir. Mevsimine g\u00f6re hemen her sebze ve hatta meyveden \u00fcretilebilen tur\u015fu, uzun s\u00fcreli \u00f6mr\u00fc, kullan\u0131\u015fl\u0131 olu\u015fu ve lezzetiyle toplumumuzda reva\u00e7ta olan bir besindir. Ba\u015fta Anadolu olmak \u00fczere, d\u00fcnyan\u0131n hemen her yerinde \u00e7ok geni\u015f bir meyve ve sebze grubu tur\u015fu olarak t\u00fcketilmektedir. Bu kitapta, binlerce y\u0131ll\u0131k bir gelene\u011fin \u00fcr\u00fcn\u00fc olan tur\u015funun hammaddesi konumundaki meyve ve sebzelerin ideal yeti\u015ftirme tekniklerinden, toplan\u0131p tur\u015fuya haz\u0131r hale gelmesine; fermantasyonundan sunumuna kadar \u00e7ok geni\u015f bir yelpazede teknik bilgiler bulacaks\u0131n\u0131z. Ayn\u0131 zamanda, Anadolu\u2019nun \u00e7e\u015fitli y\u00f6relerinden tur\u015fu \u00e7e\u015fitlerinin yap\u0131m a\u015famas\u0131na ve tariflerine de ula\u015fmak m\u00fcmk\u00fcn. <\/p>\n","protected":false},"excerpt":{"rendered":"<p>Anadolu sofra k\u00fclt\u00fcr\u00fcn\u00fcn en \u00f6nemli par\u00e7alar\u0131ndan biri hi\u00e7 \u015f\u00fcphesiz tur\u015fudur. Arkaik d\u00f6nemlerden g\u00fcn\u00fcm\u00fcze, binlerce y\u0131ll\u0131k s\u00fcre\u00e7te sofralar\u0131n vazge\u00e7ilmez par\u00e7alar\u0131ndan biri olan tur\u015fu, simgele\u015fmi\u015f yemeklerimizin ba\u015f\u0131nda gelmektedir.<span class=\"excerpt-hellip\"> [\u2026]<\/span><\/p>\n","protected":false},"featured_media":0,"template":"","meta":{"_monsterinsights_skip_tracking":false,"_monsterinsights_sitenote_active":false,"_monsterinsights_sitenote_note":"","_monsterinsights_sitenote_category":0},"product_brand":[],"product_cat":[12458,12457],"product_tag":[],"class_list":{"0":"post-725507","1":"product","2":"type-product","3":"status-publish","5":"product_cat-turk-mutfagi","6":"product_cat-yemek-kitaplari","7":"pa_cilt-ciltsiz","8":"pa_tur-kitap","9":"pa_yayinevi-efil-yayinevi","10":"pa_yazar-efil-kolektif","12":"first","13":"instock","14":"sale","15":"shipping-taxable","16":"purchasable","17":"product-type-simple"},"_links":{"self":[{"href":"https:\/\/roveyayinevi.com.tr\/index.php\/wp-json\/wp\/v2\/product\/725507","targetHints":{"allow":["GET"]}}],"collection":[{"href":"https:\/\/roveyayinevi.com.tr\/index.php\/wp-json\/wp\/v2\/product"}],"about":[{"href":"https:\/\/roveyayinevi.com.tr\/index.php\/wp-json\/wp\/v2\/types\/product"}],"wp:attachment":[{"href":"https:\/\/roveyayinevi.com.tr\/index.php\/wp-json\/wp\/v2\/media?parent=725507"}],"wp:term":[{"taxonomy":"product_brand","embeddable":true,"href":"https:\/\/roveyayinevi.com.tr\/index.php\/wp-json\/wp\/v2\/product_brand?post=725507"},{"taxonomy":"product_cat","embeddable":true,"href":"https:\/\/roveyayinevi.com.tr\/index.php\/wp-json\/wp\/v2\/product_cat?post=725507"},{"taxonomy":"product_tag","embeddable":true,"href":"https:\/\/roveyayinevi.com.tr\/index.php\/wp-json\/wp\/v2\/product_tag?post=725507"}],"curies":[{"name":"wp","href":"https:\/\/api.w.org\/{rel}","templated":true}]}}