{"id":725506,"date":"2025-08-27T19:51:33","date_gmt":"2025-08-27T16:51:33","guid":{"rendered":"https:\/\/roveyayinevi.com.tr\/index.php\/urun\/yeni-dunya-10\/"},"modified":"2026-04-16T02:33:30","modified_gmt":"2026-04-15T23:33:30","slug":"yeni-dunya-10","status":"publish","type":"product","link":"https:\/\/roveyayinevi.com.tr\/index.php\/urun\/yeni-dunya-10\/","title":{"rendered":"Yeni D\u00fcnya"},"content":{"rendered":"<p>Avustralya\u2019daki yang\u0131nlar, Amazon ya\u011fmur ormanlar\u0131n\u0131n b\u00fcy\u00fck k\u0131sm\u0131n\u0131n \u00e7ok k\u0131sa s\u00fcrede k\u00fcle d\u00f6nmesi, kas\u0131rgalar, son olarak da salg\u0131n\u2026Tabiatta her \u015fey birbirine ba\u011fl\u0131d\u0131r, biz ise mevcut ya\u015fam tarz\u0131m\u0131z ve al\u0131\u015fkanl\u0131klar\u0131m\u0131zla var olan denge ve d\u00f6ng\u00fcleri bozuyoruz, do\u011fa da buna tepki veriyor. Taner Aksel bilimsel veriler e\u015fli\u011finde i\u00e7inde bulundu\u011fumuz ko\u015fullar\u0131n genel bir resmini \u00e7izip bizi yak\u0131n gelecekte bekleyen daha b\u00fcy\u00fck tehlikelere kar\u015f\u0131 uyarmakla kalm\u0131yor, ayn\u0131 zamanda bu \u00e7\u0131kmazdan kurtulman\u0131n bir yol haritas\u0131n\u0131 da sunuyor.\u00dcstelik \u00f6nerilerini ki\u015fisel deneyimleri ve kolektif \u015fekilde hayata ge\u00e7irilen somut \u00f6rneklerle destekleyerek sadece k\u0131rsaldakilere de\u011fil, \u015fehirde ya\u015fayanlara da s\u00fcrd\u00fcr\u00fclebilir bir hayata d\u00f6n\u00fc\u015f\u00fcn m\u00fcmk\u00fcn oldu\u011funu g\u00f6steriyor. \u00c7o\u011fu ki\u015finin aksine bu zorlu d\u00f6nemleri do\u011fayla kopan ba\u011f\u0131m\u0131z\u0131 tekrar kurmak i\u00e7in bir f\u0131rsat olarak g\u00f6r\u00fcrken bunu yeni bir ya\u015fam d\u00fczenine ge\u00e7mek \u00fczere de\u011ferlendirdi\u011fimiz takdirde insanl\u0131\u011f\u0131n gelece\u011fi i\u00e7in de bir umut penceresinin a\u00e7\u0131laca\u011f\u0131n\u0131 vurguluyor.\u015eehirde topluluk bah\u00e7elerinden ekoparklara, k\u0131rsalda ise eko\u00e7iftlik tasar\u0131mlar\u0131ndan \u00f6l\u00fc topra\u011f\u0131 canland\u0131rmaya dek \u00e7e\u015fitli uygulamalar ve \u00e7\u00f6z\u00fcmler sunan bu kitapta a\u015fa\u011f\u0131daki sorular\u0131n ve \u00e7ok daha fazlas\u0131n\u0131n yan\u0131t\u0131n\u0131 bulacaks\u0131n\u0131z:\u2022 Permak\u00fclt\u00fcr nedir ve bize ne gibi faydalar sa\u011flar?\u2022 Yeni ya\u015fam alan\u0131m\u0131z i\u00e7in en uygun araziyi nas\u0131l se\u00e7eriz, \u00e7oklu i\u015flevli \u00f6\u011feleri en verimli \u015fekilde nas\u0131l bir arada kullanabiliriz?\u2022 Hem masraflar\u0131m\u0131z\u0131 azaltacak hem de \u00e7evre dostu konutlar nas\u0131l tasarlan\u0131r?<\/p>\n","protected":false},"excerpt":{"rendered":"<p>Avustralya\u2019daki yang\u0131nlar, Amazon ya\u011fmur ormanlar\u0131n\u0131n b\u00fcy\u00fck k\u0131sm\u0131n\u0131n \u00e7ok k\u0131sa s\u00fcrede k\u00fcle d\u00f6nmesi, kas\u0131rgalar, son olarak da salg\u0131n\u2026Tabiatta her \u015fey birbirine ba\u011fl\u0131d\u0131r, biz ise mevcut ya\u015fam tarz\u0131m\u0131z<span class=\"excerpt-hellip\"> [\u2026]<\/span><\/p>\n","protected":false},"featured_media":0,"template":"","meta":{"_monsterinsights_skip_tracking":false,"_monsterinsights_sitenote_active":false,"_monsterinsights_sitenote_note":"","_monsterinsights_sitenote_category":0},"product_brand":[],"product_cat":[23323,12364],"product_tag":[],"class_list":{"0":"post-725506","1":"product","2":"type-product","3":"status-publish","5":"product_cat-ekoloji","6":"product_cat-genel-konular","7":"pa_cilt-ciltsiz","8":"pa_tur-kitap","9":"pa_yayinevi-epsilon-yayinlari","10":"pa_yazar-taner-aksel","12":"first","13":"instock","14":"sale","15":"shipping-taxable","16":"purchasable","17":"product-type-simple"},"_links":{"self":[{"href":"https:\/\/roveyayinevi.com.tr\/index.php\/wp-json\/wp\/v2\/product\/725506","targetHints":{"allow":["GET"]}}],"collection":[{"href":"https:\/\/roveyayinevi.com.tr\/index.php\/wp-json\/wp\/v2\/product"}],"about":[{"href":"https:\/\/roveyayinevi.com.tr\/index.php\/wp-json\/wp\/v2\/types\/product"}],"wp:attachment":[{"href":"https:\/\/roveyayinevi.com.tr\/index.php\/wp-json\/wp\/v2\/media?parent=725506"}],"wp:term":[{"taxonomy":"product_brand","embeddable":true,"href":"https:\/\/roveyayinevi.com.tr\/index.php\/wp-json\/wp\/v2\/product_brand?post=725506"},{"taxonomy":"product_cat","embeddable":true,"href":"https:\/\/roveyayinevi.com.tr\/index.php\/wp-json\/wp\/v2\/product_cat?post=725506"},{"taxonomy":"product_tag","embeddable":true,"href":"https:\/\/roveyayinevi.com.tr\/index.php\/wp-json\/wp\/v2\/product_tag?post=725506"}],"curies":[{"name":"wp","href":"https:\/\/api.w.org\/{rel}","templated":true}]}}