{"id":725503,"date":"2025-08-27T19:51:30","date_gmt":"2025-08-27T16:51:30","guid":{"rendered":"https:\/\/roveyayinevi.com.tr\/index.php\/urun\/aaahhh\/"},"modified":"2026-04-16T02:33:30","modified_gmt":"2026-04-15T23:33:30","slug":"aaahhh","status":"publish","type":"product","link":"https:\/\/roveyayinevi.com.tr\/index.php\/urun\/aaahhh\/","title":{"rendered":"Aaahhh!"},"content":{"rendered":"<p>AAAHHH!T\u00fcm d\u00fcnyay\u0131 etkisi alt\u0131na alan \u015fiddetli bir ses, b\u00fcy\u00fck bir karma\u015fa ve kaosa yol a\u00e7ar. Herkes merakla bu sesin kayna\u011f\u0131n\u0131 aramaya koyulur. Bilim insanlar\u0131 ellerindeki b\u00fc-t\u00fcn olanaklar\u0131 kullanarak d\u00fcnyam\u0131z\u0131 bir anda de\u011fi\u015ftiren bu gizemi \u00e7\u00f6zmeye \u00e7al\u0131\u015f\u0131r. Halk b\u00fcy\u00fck kalabal\u0131klar halinde sokaklara d\u00f6k\u00fcl\u00fcr. Fabrikalar, d\u00fckkanlar, hatta okul-lar bile kapat\u0131l\u0131r. Uzay\u0131n derinliklerinden geldi\u011fi san\u0131lan bu g\u00fc\u00e7l\u00fc sesin kayna\u011f\u0131 acaba nerede? \u015ea\u015f\u0131rt\u0131c\u0131 bir ger\u00e7ek ke\u015ffedilmeyi bekliyor.Brezilyal\u0131 \u00e7izer  Guilherme Karsten, \u00fclkesinde En \u0130yi Yeni \u00c7izer \u00f6d\u00fcl\u00fcn\u00fc ald\u0131-\u011f\u0131 2010 y\u0131l\u0131ndan bu yana Asya, Avrupa ve Latin Amerika\u2019da yay\u0131mlanan bir\u00e7ok kita-ba \u00e7izimleriyle hayat verdi. Hem yaz\u0131p hem resimledi\u011fi yeni kitab\u0131 Aaahh! ise Golden Pinwheel B\u00fcy\u00fck \u00d6d\u00fcl\u00fc\u2019ne lay\u0131k g\u00f6r\u00fcld\u00fc. <\/p>\n","protected":false},"excerpt":{"rendered":"<p>AAAHHH!T\u00fcm d\u00fcnyay\u0131 etkisi alt\u0131na alan \u015fiddetli bir ses, b\u00fcy\u00fck bir karma\u015fa ve kaosa yol a\u00e7ar. Herkes merakla bu sesin kayna\u011f\u0131n\u0131 aramaya koyulur. Bilim insanlar\u0131 ellerindeki b\u00fc-t\u00fcn<span class=\"excerpt-hellip\"> [\u2026]<\/span><\/p>\n","protected":false},"featured_media":0,"template":"","meta":{"_monsterinsights_skip_tracking":false,"_monsterinsights_sitenote_active":false,"_monsterinsights_sitenote_note":"","_monsterinsights_sitenote_category":0},"product_brand":[],"product_cat":[12913,12274],"product_tag":[],"class_list":{"0":"post-725503","1":"product","2":"type-product","3":"status-publish","5":"product_cat-3-6-yas-kitaplari","6":"product_cat-cocuk-ve-genclik-kitaplari","7":"pa_cilt-ciltsiz","8":"pa_tur-kitap","9":"pa_yayinevi-nesin-yayinlari","10":"pa_yazar-guilherme-karsten","12":"first","13":"instock","14":"sale","15":"shipping-taxable","16":"purchasable","17":"product-type-simple"},"_links":{"self":[{"href":"https:\/\/roveyayinevi.com.tr\/index.php\/wp-json\/wp\/v2\/product\/725503","targetHints":{"allow":["GET"]}}],"collection":[{"href":"https:\/\/roveyayinevi.com.tr\/index.php\/wp-json\/wp\/v2\/product"}],"about":[{"href":"https:\/\/roveyayinevi.com.tr\/index.php\/wp-json\/wp\/v2\/types\/product"}],"wp:attachment":[{"href":"https:\/\/roveyayinevi.com.tr\/index.php\/wp-json\/wp\/v2\/media?parent=725503"}],"wp:term":[{"taxonomy":"product_brand","embeddable":true,"href":"https:\/\/roveyayinevi.com.tr\/index.php\/wp-json\/wp\/v2\/product_brand?post=725503"},{"taxonomy":"product_cat","embeddable":true,"href":"https:\/\/roveyayinevi.com.tr\/index.php\/wp-json\/wp\/v2\/product_cat?post=725503"},{"taxonomy":"product_tag","embeddable":true,"href":"https:\/\/roveyayinevi.com.tr\/index.php\/wp-json\/wp\/v2\/product_tag?post=725503"}],"curies":[{"name":"wp","href":"https:\/\/api.w.org\/{rel}","templated":true}]}}