{"id":725501,"date":"2025-08-27T19:51:28","date_gmt":"2025-08-27T16:51:28","guid":{"rendered":"https:\/\/roveyayinevi.com.tr\/index.php\/urun\/surdurulebilir-yasam-rehberi\/"},"modified":"2025-11-21T06:11:41","modified_gmt":"2025-11-21T03:11:41","slug":"surdurulebilir-yasam-rehberi","status":"publish","type":"product","link":"https:\/\/roveyayinevi.com.tr\/index.php\/urun\/surdurulebilir-yasam-rehberi\/","title":{"rendered":"S\u00fcrd\u00fcr\u00fclebilir Ya\u015fam Rehberi"},"content":{"rendered":"<p>S\u00fcrd\u00fcr\u00fclebilirlik, kentle\u015fme ve modern ya\u015fam\u0131n getirdi\u011fi kolayl\u0131klar kar\u015f\u0131s\u0131nda bozulan do\u011fal dengenin yeniden in\u015fas\u0131na y\u00f6nelik bir etkile\u015fim hareketidir. Artan n\u00fcfusun taleplerinin kar\u015f\u0131s\u0131nda s\u0131n\u0131rl\u0131 varl\u0131klar\u0131n bilin\u00e7li insanlar\u0131 \u00e7\u00f6z\u00fcm yollar\u0131 aramaya itmi\u015f; bu da ekonomik, \u00e7evresel dayana\u011f\u0131 olan bir sosyal bilimin do\u011fmas\u0131n\u0131 sa\u011flam\u0131\u015ft\u0131r. Kirlenen hava ve su varl\u0131klar\u0131, iklim krizi, ger\u00e7ek g\u0131daya ula\u015f\u0131labilirlik, her bireye e\u015fit e\u011fitim, i\u015f ve sa\u011fl\u0131k hizmetleri hepsi s\u00fcrd\u00fcr\u00fclebilirlik kavram\u0131n\u0131n i\u00e7indedir. Bu y\u00f6n\u00fcyle bozulan dengeyi yeniden onarmak yaln\u0131zca bireylerin de\u011fil, i\u015f ve e\u011fitim d\u00fcnyas\u0131n\u0131n ve elbette siyaset\u00e7ilerin de g\u00fcndeminde olmak zorundad\u0131r. S\u00f6z konusu s\u00fcre\u00e7 ancak \u201cekolojik s\u00fcrd\u00fcr\u00fclebilirlik\u201d ile m\u00fcmk\u00fcnd\u00fcr. Ekolojik s\u00fcrd\u00fcr\u00fclebilirlik gelecek nesillerin ihtiya\u00e7lar\u0131n\u0131 kar\u015f\u0131lama kapasitelerine zarar vermeden bug\u00fcn\u00fcn ihtiya\u00e7lar\u0131n\u0131 kar\u015f\u0131lamak demektir. Fosil yak\u0131t yerine g\u00fcne\u015f ve r\u00fczg\u00e2r gibi yenilenebilir enerji kaynaklar\u0131n\u0131 yayg\u0131nla\u015ft\u0131rmak, geleneksel tar\u0131m i\u00e7in verim art\u0131r\u0131c\u0131 destek programlar\u0131 geli\u015ftirmek, artan t\u00fcketim hevesini yok etmek, do\u011fadan ald\u0131\u011f\u0131m\u0131z\u0131 tekrar yerine koymal\u0131y\u0131z.S\u00fcrd\u00fcr\u00fclebilir Ya\u015fam Rehberi; beslenme \u015feklimizden sanat anlay\u0131\u015f\u0131m\u0131za, s\u00fcrd\u00fcr\u00fclebilir iyi olma halinden ya\u015fam boyu \u00f6\u011frenmeye, s\u00fcrd\u00fcr\u00fclebilir fiziksel aktiviteden at\u0131k y\u00f6netimine kadar pek \u00e7ok g\u00fcndelik konuya de\u011finerek s\u00fcrd\u00fcr\u00fclebilir bir ya\u015fam\u0131n nas\u0131l m\u00fcmk\u00fcn olabilece\u011fini g\u00f6zler \u00f6n\u00fcne seriyor. S\u00fcrd\u00fcr\u00fclebilir bir d\u00fcnyay\u0131 bug\u00fcnden kurmak istiyorsan\u0131z bu kitab\u0131 yan\u0131n\u0131zdan ay\u0131rmayacaks\u0131n\u0131z. Gezegenin yaralar\u0131n\u0131 sarmak i\u00e7in h\u00e2l\u00e2 ge\u00e7 de\u011fil!<\/p>\n","protected":false},"excerpt":{"rendered":"<p>S\u00fcrd\u00fcr\u00fclebilirlik, kentle\u015fme ve modern ya\u015fam\u0131n getirdi\u011fi kolayl\u0131klar kar\u015f\u0131s\u0131nda bozulan do\u011fal dengenin yeniden in\u015fas\u0131na y\u00f6nelik bir etkile\u015fim hareketidir. Artan n\u00fcfusun taleplerinin kar\u015f\u0131s\u0131nda s\u0131n\u0131rl\u0131 varl\u0131klar\u0131n bilin\u00e7li insanlar\u0131 \u00e7\u00f6z\u00fcm<span class=\"excerpt-hellip\"> [\u2026]<\/span><\/p>\n","protected":false},"featured_media":0,"template":"","meta":{"_monsterinsights_skip_tracking":false,"_monsterinsights_sitenote_active":false,"_monsterinsights_sitenote_note":"","_monsterinsights_sitenote_category":0},"product_brand":[],"product_cat":[23323,12364],"product_tag":[],"class_list":{"0":"post-725501","1":"product","2":"type-product","3":"status-publish","5":"product_cat-ekoloji","6":"product_cat-genel-konular","7":"pa_cilt-ciltsiz","8":"pa_tur-kitap","9":"pa_yayinevi-yeni-insan-yayinlari","10":"pa_yazar-yeni-insan-kolektif","12":"first","13":"instock","14":"sale","15":"shipping-taxable","16":"purchasable","17":"product-type-simple"},"_links":{"self":[{"href":"https:\/\/roveyayinevi.com.tr\/index.php\/wp-json\/wp\/v2\/product\/725501","targetHints":{"allow":["GET"]}}],"collection":[{"href":"https:\/\/roveyayinevi.com.tr\/index.php\/wp-json\/wp\/v2\/product"}],"about":[{"href":"https:\/\/roveyayinevi.com.tr\/index.php\/wp-json\/wp\/v2\/types\/product"}],"wp:attachment":[{"href":"https:\/\/roveyayinevi.com.tr\/index.php\/wp-json\/wp\/v2\/media?parent=725501"}],"wp:term":[{"taxonomy":"product_brand","embeddable":true,"href":"https:\/\/roveyayinevi.com.tr\/index.php\/wp-json\/wp\/v2\/product_brand?post=725501"},{"taxonomy":"product_cat","embeddable":true,"href":"https:\/\/roveyayinevi.com.tr\/index.php\/wp-json\/wp\/v2\/product_cat?post=725501"},{"taxonomy":"product_tag","embeddable":true,"href":"https:\/\/roveyayinevi.com.tr\/index.php\/wp-json\/wp\/v2\/product_tag?post=725501"}],"curies":[{"name":"wp","href":"https:\/\/api.w.org\/{rel}","templated":true}]}}