{"id":725489,"date":"2025-08-27T19:51:18","date_gmt":"2025-08-27T16:51:18","guid":{"rendered":"https:\/\/roveyayinevi.com.tr\/index.php\/urun\/dilgezin-drami\/"},"modified":"2026-03-31T02:40:28","modified_gmt":"2026-03-30T23:40:28","slug":"dilgezin-drami","status":"publish","type":"product","link":"https:\/\/roveyayinevi.com.tr\/index.php\/urun\/dilgezin-drami\/","title":{"rendered":"D\u0131lgez\u2019in Dram\u0131"},"content":{"rendered":"<p>\u0130sminin anlam\u0131 kaderine d\u00f6n\u00fc\u015fen D\u0131lgez (Y\u00fcrek Yaras\u0131), Ermeni olarak do\u011fdu\u011fu ya\u015fam\u0131n\u0131 K\u00fcrt olarak s\u00fcrd\u00fcrmeye olanak bulamadan \u00c7ingene olmak zorunda kalm\u0131\u015f.G\u00fcne\u015fin ay\u0131n, kurdun ku\u015fun, da\u011f\u0131n ta\u015f\u0131n bile kutsal say\u0131ld\u0131\u011f\u0131, d\u00fcnyan\u0131n cennet k\u00f6\u015felerinden biri olan Munzur Da\u011flar\u0131nda ba\u015flayan dram\u0131, yine orada, Munzur g\u00f6zelerinin ba\u015f\u0131nda mutlulu\u011fa d\u00f6n\u00fc\u015f\u00fcr\u20261938 Dersim \u2018\u2018Harek\u00e2t\u0131n\u2019\u2019dan sonra, k\u0131sa ya\u015fam\u0131na bir\u00e7ok ac\u0131, hasret ve mucizeler s\u0131\u011fd\u0131ran D\u0131lgez\u2019in, katliamlar, firarlar, s\u00fcrg\u00fcnler ve yokluklarla y\u00fckl\u00fc dram\u0131n\u0131 nefesinizi tutarak okuyacaks\u0131n\u0131z\u2026<\/p>\n","protected":false},"excerpt":{"rendered":"<p>\u0130sminin anlam\u0131 kaderine d\u00f6n\u00fc\u015fen D\u0131lgez (Y\u00fcrek Yaras\u0131), Ermeni olarak do\u011fdu\u011fu ya\u015fam\u0131n\u0131 K\u00fcrt olarak s\u00fcrd\u00fcrmeye olanak bulamadan \u00c7ingene olmak zorunda kalm\u0131\u015f.G\u00fcne\u015fin ay\u0131n, kurdun ku\u015fun, da\u011f\u0131n ta\u015f\u0131n bile<span class=\"excerpt-hellip\"> [\u2026]<\/span><\/p>\n","protected":false},"featured_media":0,"template":"","meta":{"_monsterinsights_skip_tracking":false,"_monsterinsights_sitenote_active":false,"_monsterinsights_sitenote_note":"","_monsterinsights_sitenote_category":0},"product_brand":[],"product_cat":[12291,12711],"product_tag":[],"class_list":{"0":"post-725489","1":"product","2":"type-product","3":"status-publish","5":"product_cat-edebiyat","6":"product_cat-roman-oyku","7":"pa_cilt-ciltsiz","8":"pa_tur-kitap","9":"pa_yayinevi-favori-yayinlari","10":"pa_yazar-nuri-aslan","12":"first","13":"instock","14":"sale","15":"shipping-taxable","16":"purchasable","17":"product-type-simple"},"_links":{"self":[{"href":"https:\/\/roveyayinevi.com.tr\/index.php\/wp-json\/wp\/v2\/product\/725489","targetHints":{"allow":["GET"]}}],"collection":[{"href":"https:\/\/roveyayinevi.com.tr\/index.php\/wp-json\/wp\/v2\/product"}],"about":[{"href":"https:\/\/roveyayinevi.com.tr\/index.php\/wp-json\/wp\/v2\/types\/product"}],"wp:attachment":[{"href":"https:\/\/roveyayinevi.com.tr\/index.php\/wp-json\/wp\/v2\/media?parent=725489"}],"wp:term":[{"taxonomy":"product_brand","embeddable":true,"href":"https:\/\/roveyayinevi.com.tr\/index.php\/wp-json\/wp\/v2\/product_brand?post=725489"},{"taxonomy":"product_cat","embeddable":true,"href":"https:\/\/roveyayinevi.com.tr\/index.php\/wp-json\/wp\/v2\/product_cat?post=725489"},{"taxonomy":"product_tag","embeddable":true,"href":"https:\/\/roveyayinevi.com.tr\/index.php\/wp-json\/wp\/v2\/product_tag?post=725489"}],"curies":[{"name":"wp","href":"https:\/\/api.w.org\/{rel}","templated":true}]}}