{"id":725488,"date":"2025-08-27T19:51:17","date_gmt":"2025-08-27T16:51:17","guid":{"rendered":"https:\/\/roveyayinevi.com.tr\/index.php\/urun\/duslerimize-ates-dustu\/"},"modified":"2026-04-13T02:40:48","modified_gmt":"2026-04-12T23:40:48","slug":"duslerimize-ates-dustu","status":"publish","type":"product","link":"https:\/\/roveyayinevi.com.tr\/index.php\/urun\/duslerimize-ates-dustu\/","title":{"rendered":"D\u00fc\u015flerimize Ate\u015f D\u00fc\u015ft\u00fc"},"content":{"rendered":"<p>Sahilde k\u00fc\u00e7\u00fck bir kasabada ya\u015fad\u0131m, uzun y\u0131llar. Ya\u015fam\u0131 s\u0131rtlad\u0131\u011f\u0131m bu yerde, gen\u00e7li\u011fimin sevdas\u0131n\u0131, a\u015fk\u0131n\u0131 ve h\u00fczn\u00fcn\u00fc ya\u015fad\u0131m. Sevda t\u00fcrk\u00fcleri dinledim, sokaklar\u0131nda. M\u00fccadeleyi tan\u0131d\u0131m, dostlu\u011fu ve ihaneti&#8230; Bir avu\u00e7 gen\u00e7 insand\u0131k. Dostlu\u011fumuz biraz da gen\u00e7liktendi. Damarlar\u0131m\u0131zdaki devinim, bilincimizi zorluyordu. Pervas\u0131zd\u0131k; ancak ya\u015famdaki y\u0131\u011f\u0131nla sorunu g\u00f6r\u00fcp, sorumluluk duyabildik. \u015eafa\u011f\u0131 t\u0131kayan sis aralanmal\u0131yd\u0131. Bunu biliyorduk. Ayd\u0131nl\u0131k bir ak\u015famda kur\u015funlanan liselinin g\u00f6zlerindeki s\u00f6nmeyen par\u0131lt\u0131y\u0131 yakalay\u0131p, sahiplendik. \u00d6zlemlerini \u00f6zlemlerimize katt\u0131k, umudunu umudumuz belledik, s\u0131ms\u0131k\u0131 sar\u0131ld\u0131k. Gen\u00e7tik. Kitap sayfalar\u0131na yeni varm\u0131\u015ft\u0131k. Sab\u0131rs\u0131z ve deneyimsizdik. Ya\u015fam bir anlam\u0131yla, oyundu g\u00f6zlerimizde. Bizlerse amat\u00f6r oyunculard\u0131k.Liman\u0131n a\u00e7\u0131k denize bakan yakas\u0131nda, &#8220;Tupamaroslar\u0131&#8221; okurduk, g\u0131ptayla, heyecanla. Kap\u0131lar\u0131m\u0131z gece yar\u0131lar\u0131 tekmelenmeye ba\u015fland\u0131\u011f\u0131nda, uzakla\u015ft\u0131k tan\u0131d\u0131k yerlerden. Ka\u00e7\u0131yorduk art\u0131k&#8230;<\/p>\n","protected":false},"excerpt":{"rendered":"<p>Sahilde k\u00fc\u00e7\u00fck bir kasabada ya\u015fad\u0131m, uzun y\u0131llar. Ya\u015fam\u0131 s\u0131rtlad\u0131\u011f\u0131m bu yerde, gen\u00e7li\u011fimin sevdas\u0131n\u0131, a\u015fk\u0131n\u0131 ve h\u00fczn\u00fcn\u00fc ya\u015fad\u0131m. Sevda t\u00fcrk\u00fcleri dinledim, sokaklar\u0131nda. M\u00fccadeleyi tan\u0131d\u0131m, dostlu\u011fu ve ihaneti&#8230;<span class=\"excerpt-hellip\"> [\u2026]<\/span><\/p>\n","protected":false},"featured_media":0,"template":"","meta":{"_monsterinsights_skip_tracking":false,"_monsterinsights_sitenote_active":false,"_monsterinsights_sitenote_note":"","_monsterinsights_sitenote_category":0},"product_brand":[],"product_cat":[12291,12711],"product_tag":[],"class_list":{"0":"post-725488","1":"product","2":"type-product","3":"status-publish","5":"product_cat-edebiyat","6":"product_cat-roman-oyku","7":"pa_cilt-ciltsiz","8":"pa_tur-kitap","9":"pa_yayinevi-favori-yayinlari","10":"pa_yazar-omer-odemis","12":"first","13":"instock","14":"sale","15":"shipping-taxable","16":"purchasable","17":"product-type-simple"},"_links":{"self":[{"href":"https:\/\/roveyayinevi.com.tr\/index.php\/wp-json\/wp\/v2\/product\/725488","targetHints":{"allow":["GET"]}}],"collection":[{"href":"https:\/\/roveyayinevi.com.tr\/index.php\/wp-json\/wp\/v2\/product"}],"about":[{"href":"https:\/\/roveyayinevi.com.tr\/index.php\/wp-json\/wp\/v2\/types\/product"}],"wp:attachment":[{"href":"https:\/\/roveyayinevi.com.tr\/index.php\/wp-json\/wp\/v2\/media?parent=725488"}],"wp:term":[{"taxonomy":"product_brand","embeddable":true,"href":"https:\/\/roveyayinevi.com.tr\/index.php\/wp-json\/wp\/v2\/product_brand?post=725488"},{"taxonomy":"product_cat","embeddable":true,"href":"https:\/\/roveyayinevi.com.tr\/index.php\/wp-json\/wp\/v2\/product_cat?post=725488"},{"taxonomy":"product_tag","embeddable":true,"href":"https:\/\/roveyayinevi.com.tr\/index.php\/wp-json\/wp\/v2\/product_tag?post=725488"}],"curies":[{"name":"wp","href":"https:\/\/api.w.org\/{rel}","templated":true}]}}