{"id":725487,"date":"2025-08-27T19:51:17","date_gmt":"2025-08-27T16:51:17","guid":{"rendered":"https:\/\/roveyayinevi.com.tr\/index.php\/urun\/ailem-co-vid19-ve-ben\/"},"modified":"2026-04-16T02:33:30","modified_gmt":"2026-04-15T23:33:30","slug":"ailem-co-vid19-ve-ben","status":"publish","type":"product","link":"https:\/\/roveyayinevi.com.tr\/index.php\/urun\/ailem-co-vid19-ve-ben\/","title":{"rendered":"Ailem Co vid19 ve Ben"},"content":{"rendered":"<p>Size bir iyi, bir de k\u00f6t\u00fc haberimiz var\u2026 \u00d6nce k\u00f6t\u00fc haberi verelim: Bu son salg\u0131n de\u011fil, olmayacak da. Orta\u00e7a\u011f ve sonras\u0131ndaki veba salg\u0131nlar\u0131 d\u0131\u015far\u0131da b\u0131rak\u0131l\u0131rsa insanl\u0131\u011f\u0131n sosyoekonomik ve k\u00fclt\u00fcrel anlamda en yo\u011fun etkilendi\u011fi pandemilerden birini ya\u015f\u0131yoruz. Bu salg\u0131n bir s\u00fcre sonra bitse bile yeni salg\u0131nlar gelecektir.\u0130yi haber mi? Salg\u0131na kar\u015f\u0131 m\u00fccadelede dayan\u0131\u015fmay\u0131, sevgiyi, dostlu\u011fu, ger\u00e7ek yard\u0131mla\u015fman\u0131n de\u011ferini \u00f6\u011frenme f\u0131rsat\u0131m\u0131z oldu. Hastal\u0131ktan \u201csosyal mesafe\u201d ile de\u011fil, \u201ctoplumsal dayan\u0131\u015fma\u201d ile kurtulaca\u011f\u0131m\u0131z\u0131 \u00f6ne \u00e7\u0131kard\u0131k.Maskeler, el dezenfektanlar\u0131yla ge\u00e7irecek uzun y\u0131llar\u0131m\u0131z, yeni ku\u015faklar\u0131m\u0131z olaca\u011f\u0131 ortadad\u0131r. O nedenle sosyok\u00fclt\u00fcrel kodlar\u0131n uzun vadeli olarak evrilmesi d\u00fc\u015f\u00fcn\u00fclmelidir. Bunun i\u00e7in okul-\u00f6ncesi ve okul \u00e7ocuklar\u0131 ile kad\u0131nlar\u0131n e\u011fitimi kilit rol oynar.\u201cZincir, en zay\u0131f halkas\u0131 kadar g\u00fc\u00e7l\u00fcd\u00fcr,\u201d de\u011fil, \u201cZincirin t\u00fcm\u00fc kadar g\u00fc\u00e7l\u00fcy\u00fcz,\u201d diyece\u011fiz. Pandemi sadece sa\u011fl\u0131k\u00e7\u0131lar\u0131n \u00f6zveri ve kahramanl\u0131\u011f\u0131yla yenilmeyecektir. Herkes bir yap\u0131daki kilit ta\u015flar\u0131 gibi do\u011fru i\u015flev g\u00f6rd\u00fc\u011f\u00fcnde, do\u011faya ayk\u0131r\u0131 sald\u0131r\u0131lar, ya\u015fam alanlar\u0131 k\u0131s\u0131tlamalar\u0131 durdu\u011funda yenilir pandemiler.<\/p>\n","protected":false},"excerpt":{"rendered":"<p>Size bir iyi, bir de k\u00f6t\u00fc haberimiz var\u2026 \u00d6nce k\u00f6t\u00fc haberi verelim: Bu son salg\u0131n de\u011fil, olmayacak da. Orta\u00e7a\u011f ve sonras\u0131ndaki veba salg\u0131nlar\u0131 d\u0131\u015far\u0131da b\u0131rak\u0131l\u0131rsa insanl\u0131\u011f\u0131n<span class=\"excerpt-hellip\"> [\u2026]<\/span><\/p>\n","protected":false},"featured_media":0,"template":"","meta":{"_monsterinsights_skip_tracking":false,"_monsterinsights_sitenote_active":false,"_monsterinsights_sitenote_note":"","_monsterinsights_sitenote_category":0},"product_brand":[],"product_cat":[13366,13365],"product_tag":[],"class_list":{"0":"post-725487","1":"product","2":"type-product","3":"status-publish","5":"product_cat-diger-saglik","6":"product_cat-saglik","7":"pa_cilt-ciltsiz","8":"pa_tur-kitap","9":"pa_yayinevi-say-yayinlari","10":"pa_yazar-ozgur-karcioglu","12":"first","13":"instock","14":"sale","15":"shipping-taxable","16":"purchasable","17":"product-type-simple"},"_links":{"self":[{"href":"https:\/\/roveyayinevi.com.tr\/index.php\/wp-json\/wp\/v2\/product\/725487","targetHints":{"allow":["GET"]}}],"collection":[{"href":"https:\/\/roveyayinevi.com.tr\/index.php\/wp-json\/wp\/v2\/product"}],"about":[{"href":"https:\/\/roveyayinevi.com.tr\/index.php\/wp-json\/wp\/v2\/types\/product"}],"wp:attachment":[{"href":"https:\/\/roveyayinevi.com.tr\/index.php\/wp-json\/wp\/v2\/media?parent=725487"}],"wp:term":[{"taxonomy":"product_brand","embeddable":true,"href":"https:\/\/roveyayinevi.com.tr\/index.php\/wp-json\/wp\/v2\/product_brand?post=725487"},{"taxonomy":"product_cat","embeddable":true,"href":"https:\/\/roveyayinevi.com.tr\/index.php\/wp-json\/wp\/v2\/product_cat?post=725487"},{"taxonomy":"product_tag","embeddable":true,"href":"https:\/\/roveyayinevi.com.tr\/index.php\/wp-json\/wp\/v2\/product_tag?post=725487"}],"curies":[{"name":"wp","href":"https:\/\/api.w.org\/{rel}","templated":true}]}}