{"id":725486,"date":"2025-08-27T19:51:16","date_gmt":"2025-08-27T16:51:16","guid":{"rendered":"https:\/\/roveyayinevi.com.tr\/index.php\/urun\/ilk-ve-son-hermes\/"},"modified":"2026-04-16T02:33:30","modified_gmt":"2026-04-15T23:33:30","slug":"ilk-ve-son-hermes","status":"publish","type":"product","link":"https:\/\/roveyayinevi.com.tr\/index.php\/urun\/ilk-ve-son-hermes\/","title":{"rendered":"\u0130lk ve Son &#8211; Hermes"},"content":{"rendered":"<p>Bedenden D\u00fcnya\u2019ya gelen, ilk insan olan Kabil\u2019in; Tanr\u0131\u2019n\u0131n kendi kurban\u0131n\u0131 kabul etmemesinden dolay\u0131 Tanr\u0131\u2019ya ba\u015fkald\u0131rmas\u0131 ve D\u00fcnya\u2019ya tekrar gelerek bir k\u00e2se i\u00e7inde k\u00e2inatta yarat\u0131lm\u0131\u015f t\u00fcm canl\u0131lar\u0131n kan\u0131 olan bir sunu daha sunmak i\u00e7in yapt\u0131\u011f\u0131 plan\u0131n ilk a\u015famas\u0131d\u0131r.\u201cKarde\u015fim, onun yeri benim yaratt\u0131\u011f\u0131m \u00e7ukurdur. Onu buraya yolla! \u0130nsanl\u0131\u011fa verilen se\u00e7me hakk\u0131n\u0131n yanl\u0131\u015f oldu\u011funu babam\u0131za g\u00f6sterece\u011fim.\u201d Kay\u0131\u011f\u0131n d\u00fcmeni karanl\u0131\u011f\u0131n en dip rotas\u0131na do\u011fru k\u0131r\u0131ld\u0131. Karde\u015fimin Kabil&#8217;e ne yapaca\u011f\u0131n\u0131 \u00e7ok merak ediyordum ama sorgulama g\u00fcd\u00fcm\u00fcz yoktu. Biz melekler sadece d\u00fczenin i\u015fleyi\u015fini sa\u011flamakla y\u00fck\u00fcml\u00fcyd\u00fck.\u201c&#8217;\u0130lk ve Son\u201d serisinin \u00fc\u00e7\u00fcnc\u00fc kitab\u0131 olan bu kitap olaylar\u0131n ba\u015flang\u0131c\u0131d\u0131r. \u2018Yarat\u0131l\u0131\u015f\u2019 ile ba\u015flayan, \u2018\u00d6l\u00fcm\u00fcn Do\u011fu\u015fu\u2019 ile s\u00fcren bu maceram\u0131z devam etmektedir.<span>Tan\u0131t\u0131m Metn<\/p>\n","protected":false},"excerpt":{"rendered":"<p>Bedenden D\u00fcnya\u2019ya gelen, ilk insan olan Kabil\u2019in; Tanr\u0131\u2019n\u0131n kendi kurban\u0131n\u0131 kabul etmemesinden dolay\u0131 Tanr\u0131\u2019ya ba\u015fkald\u0131rmas\u0131 ve D\u00fcnya\u2019ya tekrar gelerek bir k\u00e2se i\u00e7inde k\u00e2inatta yarat\u0131lm\u0131\u015f t\u00fcm canl\u0131lar\u0131n<span class=\"excerpt-hellip\"> [\u2026]<\/span><\/p>\n","protected":false},"featured_media":0,"template":"","meta":{"_monsterinsights_skip_tracking":false,"_monsterinsights_sitenote_active":false,"_monsterinsights_sitenote_note":"","_monsterinsights_sitenote_category":0},"product_brand":[],"product_cat":[12291,14272],"product_tag":[],"class_list":{"0":"post-725486","1":"product","2":"type-product","3":"status-publish","5":"product_cat-edebiyat","6":"product_cat-tiyatro","7":"pa_cilt-ciltsiz","8":"pa_tur-kitap","9":"pa_yayinevi-vaveyla-yayincilik","10":"pa_yazar-umit-dagci","12":"first","13":"instock","14":"sale","15":"shipping-taxable","16":"purchasable","17":"product-type-simple"},"_links":{"self":[{"href":"https:\/\/roveyayinevi.com.tr\/index.php\/wp-json\/wp\/v2\/product\/725486","targetHints":{"allow":["GET"]}}],"collection":[{"href":"https:\/\/roveyayinevi.com.tr\/index.php\/wp-json\/wp\/v2\/product"}],"about":[{"href":"https:\/\/roveyayinevi.com.tr\/index.php\/wp-json\/wp\/v2\/types\/product"}],"wp:attachment":[{"href":"https:\/\/roveyayinevi.com.tr\/index.php\/wp-json\/wp\/v2\/media?parent=725486"}],"wp:term":[{"taxonomy":"product_brand","embeddable":true,"href":"https:\/\/roveyayinevi.com.tr\/index.php\/wp-json\/wp\/v2\/product_brand?post=725486"},{"taxonomy":"product_cat","embeddable":true,"href":"https:\/\/roveyayinevi.com.tr\/index.php\/wp-json\/wp\/v2\/product_cat?post=725486"},{"taxonomy":"product_tag","embeddable":true,"href":"https:\/\/roveyayinevi.com.tr\/index.php\/wp-json\/wp\/v2\/product_tag?post=725486"}],"curies":[{"name":"wp","href":"https:\/\/api.w.org\/{rel}","templated":true}]}}