{"id":725483,"date":"2025-08-27T19:51:13","date_gmt":"2025-08-27T16:51:13","guid":{"rendered":"https:\/\/roveyayinevi.com.tr\/index.php\/urun\/degerler-egitimi-arkadas-egitimi\/"},"modified":"2026-04-16T02:33:30","modified_gmt":"2026-04-15T23:33:30","slug":"degerler-egitimi-arkadas-egitimi","status":"publish","type":"product","link":"https:\/\/roveyayinevi.com.tr\/index.php\/urun\/degerler-egitimi-arkadas-egitimi\/","title":{"rendered":"De\u011ferler E\u011fitimi \/ Arkada\u015f E\u011fitimi"},"content":{"rendered":"<p>\u00c7ocu\u011funuza davran\u0131\u015flar\u0131n\u0131n di\u011fer insanlar\u0131 nas\u0131l etkiledi\u011fini anlamas\u0131nda yard\u0131mc\u0131 olun. Ba\u015fkalar\u0131yla iyige\u00e7inmesinde destek olacak olumlu \u00f6zellikler geli\u015ftirmesini sa\u011flay\u0131n.Tekrar kullan\u0131labilir \u00e7\u0131kartmalar her konuyu e\u011flencelih\u00e2le getirirken \u00e7ocuklar\u0131n resimlere daha dikkatlibakmalar\u0131n\u0131 sa\u011flayacakt\u0131r. B\u00f6ylece karakterlerdenders al\u0131p arkada\u015f edinmenin ya\u015famlar\u0131n\u0131 ne denlietkileyece\u011fini \u00f6\u011frenmi\u015f olacaklar.<\/p>\n","protected":false},"excerpt":{"rendered":"<p>\u00c7ocu\u011funuza davran\u0131\u015flar\u0131n\u0131n di\u011fer insanlar\u0131 nas\u0131l etkiledi\u011fini anlamas\u0131nda yard\u0131mc\u0131 olun. Ba\u015fkalar\u0131yla iyige\u00e7inmesinde destek olacak olumlu \u00f6zellikler geli\u015ftirmesini sa\u011flay\u0131n.Tekrar kullan\u0131labilir \u00e7\u0131kartmalar her konuyu e\u011flencelih\u00e2le getirirken \u00e7ocuklar\u0131n resimlere daha<span class=\"excerpt-hellip\"> [\u2026]<\/span><\/p>\n","protected":false},"featured_media":0,"template":"","meta":{"_monsterinsights_skip_tracking":false,"_monsterinsights_sitenote_active":false,"_monsterinsights_sitenote_note":"","_monsterinsights_sitenote_category":0},"product_brand":[],"product_cat":[12274,15842],"product_tag":[],"class_list":{"0":"post-725483","1":"product","2":"type-product","3":"status-publish","5":"product_cat-cocuk-ve-genclik-kitaplari","6":"product_cat-egitici-kitaplar","7":"pa_cilt-ciltsiz","8":"pa_tur-kitap","9":"pa_yayinevi-altin-kitaplar","10":"pa_yazar-altin-kitap-kolektif","12":"first","13":"instock","14":"sale","15":"shipping-taxable","16":"purchasable","17":"product-type-simple"},"_links":{"self":[{"href":"https:\/\/roveyayinevi.com.tr\/index.php\/wp-json\/wp\/v2\/product\/725483","targetHints":{"allow":["GET"]}}],"collection":[{"href":"https:\/\/roveyayinevi.com.tr\/index.php\/wp-json\/wp\/v2\/product"}],"about":[{"href":"https:\/\/roveyayinevi.com.tr\/index.php\/wp-json\/wp\/v2\/types\/product"}],"wp:attachment":[{"href":"https:\/\/roveyayinevi.com.tr\/index.php\/wp-json\/wp\/v2\/media?parent=725483"}],"wp:term":[{"taxonomy":"product_brand","embeddable":true,"href":"https:\/\/roveyayinevi.com.tr\/index.php\/wp-json\/wp\/v2\/product_brand?post=725483"},{"taxonomy":"product_cat","embeddable":true,"href":"https:\/\/roveyayinevi.com.tr\/index.php\/wp-json\/wp\/v2\/product_cat?post=725483"},{"taxonomy":"product_tag","embeddable":true,"href":"https:\/\/roveyayinevi.com.tr\/index.php\/wp-json\/wp\/v2\/product_tag?post=725483"}],"curies":[{"name":"wp","href":"https:\/\/api.w.org\/{rel}","templated":true}]}}