{"id":725481,"date":"2025-08-27T19:51:12","date_gmt":"2025-08-27T16:51:12","guid":{"rendered":"https:\/\/roveyayinevi.com.tr\/index.php\/urun\/fazla-saka-yapan-sofia\/"},"modified":"2026-04-16T02:33:29","modified_gmt":"2026-04-15T23:33:29","slug":"fazla-saka-yapan-sofia","status":"publish","type":"product","link":"https:\/\/roveyayinevi.com.tr\/index.php\/urun\/fazla-saka-yapan-sofia\/","title":{"rendered":"Fazla \u015eaka Yapan Sofia"},"content":{"rendered":"<p>Sofia hep ne\u015feli ve arkada\u015flar\u0131na \u015fakalar yapmaya bay\u0131l\u0131yor ancak bu \u015fakalardan biri arkada\u015flar\u0131n\u0131n \u00fcz\u00fclmesine neden olunca i\u015fler de\u011fi\u015fiyor.\u00d6\u011freniyoruz dizisinde yer alan her kitap, \u00e7ocuklar\u0131m\u0131za yeni beceriler kazand\u0131r\u0131p hayata haz\u0131rlanmalar\u0131n\u0131 sa\u011flayacak. Hi\u00e7 \u015f\u00fcphe yok ki g\u00fcnl\u00fck hayat\u0131m\u0131zda \u015fahit oldu\u011fumuz benzer durumlar\u0131 anlatan bu komik hikayelerden \u00e7\u0131kar\u0131lacak \u00f6nemli dersler var.<\/p>\n","protected":false},"excerpt":{"rendered":"<p>Sofia hep ne\u015feli ve arkada\u015flar\u0131na \u015fakalar yapmaya bay\u0131l\u0131yor ancak bu \u015fakalardan biri arkada\u015flar\u0131n\u0131n \u00fcz\u00fclmesine neden olunca i\u015fler de\u011fi\u015fiyor.\u00d6\u011freniyoruz dizisinde yer alan her kitap, \u00e7ocuklar\u0131m\u0131za yeni beceriler<span class=\"excerpt-hellip\"> [\u2026]<\/span><\/p>\n","protected":false},"featured_media":0,"template":"","meta":{"_monsterinsights_skip_tracking":false,"_monsterinsights_sitenote_active":false,"_monsterinsights_sitenote_note":"","_monsterinsights_sitenote_category":0},"product_brand":[],"product_cat":[12274,12284],"product_tag":[],"class_list":{"0":"post-725481","1":"product","2":"type-product","3":"status-publish","5":"product_cat-cocuk-ve-genclik-kitaplari","6":"product_cat-hikayeler","7":"pa_cilt-ciltli","8":"pa_tur-kitap","9":"pa_yayinevi-1001-cicek-kitaplar","10":"pa_yazar-ann-rocard","12":"first","13":"instock","14":"sale","15":"shipping-taxable","16":"purchasable","17":"product-type-simple"},"_links":{"self":[{"href":"https:\/\/roveyayinevi.com.tr\/index.php\/wp-json\/wp\/v2\/product\/725481","targetHints":{"allow":["GET"]}}],"collection":[{"href":"https:\/\/roveyayinevi.com.tr\/index.php\/wp-json\/wp\/v2\/product"}],"about":[{"href":"https:\/\/roveyayinevi.com.tr\/index.php\/wp-json\/wp\/v2\/types\/product"}],"wp:attachment":[{"href":"https:\/\/roveyayinevi.com.tr\/index.php\/wp-json\/wp\/v2\/media?parent=725481"}],"wp:term":[{"taxonomy":"product_brand","embeddable":true,"href":"https:\/\/roveyayinevi.com.tr\/index.php\/wp-json\/wp\/v2\/product_brand?post=725481"},{"taxonomy":"product_cat","embeddable":true,"href":"https:\/\/roveyayinevi.com.tr\/index.php\/wp-json\/wp\/v2\/product_cat?post=725481"},{"taxonomy":"product_tag","embeddable":true,"href":"https:\/\/roveyayinevi.com.tr\/index.php\/wp-json\/wp\/v2\/product_tag?post=725481"}],"curies":[{"name":"wp","href":"https:\/\/api.w.org\/{rel}","templated":true}]}}