{"id":725477,"date":"2025-08-27T19:51:08","date_gmt":"2025-08-27T16:51:08","guid":{"rendered":"https:\/\/roveyayinevi.com.tr\/index.php\/urun\/ev-degil-carsamba-pazari\/"},"modified":"2026-04-16T02:33:29","modified_gmt":"2026-04-15T23:33:29","slug":"ev-degil-carsamba-pazari","status":"publish","type":"product","link":"https:\/\/roveyayinevi.com.tr\/index.php\/urun\/ev-degil-carsamba-pazari\/","title":{"rendered":"Ev De\u011fil \u00c7ar\u015famba Pazar\u0131"},"content":{"rendered":"<p>\u00c7\u0131\u011fr\u0131ndan \u00e7\u0131kan bir ev ve yer\u00e7ekiminemeydan okuyan bir dede!Toplumun farkl\u0131 kesimlerinden insanlar\u0131 i\u00e7tenlikle anlatan LeylaRuhan Okyay, yeni roman\u0131nda s\u0131rad\u0131\u015f\u0131 bir aileyi konu ediyor.Yal\u0131n dili ve etkili g\u00f6zlem g\u00fcc\u00fcyle okuru, ele avuca s\u0131\u011fmazbireylerden olu\u015fan bir ailenin evine konuk ediyor. B\u00fcy\u00fcmeninunutulmaz duygular\u0131n\u0131, g\u00fczel anlar\u0131n\u0131 ve s\u00fcrprizlerini okurlar\u0131nkula\u011f\u0131na f\u0131s\u0131ldayan roman, hem \u00e7ok ger\u00e7ek hem de b\u00fcy\u00fcl\u00fcger\u00e7ek\u00e7i karakterleriyle dikkati \u00e7ekiyor. K\u00fc\u00e7\u00fck b\u00fcy\u00fck her ya\u015ftanokurun severek okudu\u011fu kitaplar\u0131n yazar\u0131 Leyla RuhanOkyay\u2019dan ileti\u015fim, dayan\u0131\u015fma, ba\u015far\u0131 ve sorumluluk \u00fczerined\u00fc\u015f\u00fcnd\u00fcren, sevgi dolu, e\u011flenceli bir hik\u00e2ye.Sinanlar\u2019\u0131n evinde b\u00fct\u00fcn i\u015fler, \u00f6\u011fretmen olan annesininomuzundad\u0131r. Bir g\u00fcn Nurten Han\u0131m okulda baca\u011f\u0131n\u0131 k\u0131r\u0131ncaevin d\u00fczeni \u00e7\u0131\u011fr\u0131ndan \u00e7\u0131kar: G\u00f6kdelen gibi y\u00fckselen bula\u015f\u0131klar,d\u00f6rt yan\u0131 ku\u015fatan kar\u0131ncalar, kirli giysi da\u011flar\u0131, eve gizliceal\u0131nan minik kedi ve bunlar yetmezmi\u015f gibi, yer\u00e7ekimine meydanokuyan inat\u00e7\u0131 dede\u2026 Ev ger\u00e7ekten \u201c\u00e7ar\u015famba pazar\u0131\u201dnad\u00f6nm\u00fc\u015f, karman \u00e7orman olmu\u015ftur. \u00c7\u0131lg\u0131n aile, anne iyile\u015fmedenher \u015feyin \u00fcstesinden gelebilecek midir?.. <\/p>\n","protected":false},"excerpt":{"rendered":"<p>\u00c7\u0131\u011fr\u0131ndan \u00e7\u0131kan bir ev ve yer\u00e7ekiminemeydan okuyan bir dede!Toplumun farkl\u0131 kesimlerinden insanlar\u0131 i\u00e7tenlikle anlatan LeylaRuhan Okyay, yeni roman\u0131nda s\u0131rad\u0131\u015f\u0131 bir aileyi konu ediyor.Yal\u0131n dili ve etkili<span class=\"excerpt-hellip\"> [\u2026]<\/span><\/p>\n","protected":false},"featured_media":0,"template":"","meta":{"_monsterinsights_skip_tracking":false,"_monsterinsights_sitenote_active":false,"_monsterinsights_sitenote_note":"","_monsterinsights_sitenote_category":0},"product_brand":[],"product_cat":[12275,12274],"product_tag":[],"class_list":{"0":"post-725477","1":"product","2":"type-product","3":"status-publish","5":"product_cat-6-12-yas-kitaplari","6":"product_cat-cocuk-ve-genclik-kitaplari","7":"pa_cilt-ciltsiz","8":"pa_tur-kitap","9":"pa_yayinevi-gunisigi-kitapligi","10":"pa_yazar-leyla-ruhan-okyay","12":"first","13":"instock","14":"sale","15":"shipping-taxable","16":"purchasable","17":"product-type-simple"},"_links":{"self":[{"href":"https:\/\/roveyayinevi.com.tr\/index.php\/wp-json\/wp\/v2\/product\/725477","targetHints":{"allow":["GET"]}}],"collection":[{"href":"https:\/\/roveyayinevi.com.tr\/index.php\/wp-json\/wp\/v2\/product"}],"about":[{"href":"https:\/\/roveyayinevi.com.tr\/index.php\/wp-json\/wp\/v2\/types\/product"}],"wp:attachment":[{"href":"https:\/\/roveyayinevi.com.tr\/index.php\/wp-json\/wp\/v2\/media?parent=725477"}],"wp:term":[{"taxonomy":"product_brand","embeddable":true,"href":"https:\/\/roveyayinevi.com.tr\/index.php\/wp-json\/wp\/v2\/product_brand?post=725477"},{"taxonomy":"product_cat","embeddable":true,"href":"https:\/\/roveyayinevi.com.tr\/index.php\/wp-json\/wp\/v2\/product_cat?post=725477"},{"taxonomy":"product_tag","embeddable":true,"href":"https:\/\/roveyayinevi.com.tr\/index.php\/wp-json\/wp\/v2\/product_tag?post=725477"}],"curies":[{"name":"wp","href":"https:\/\/api.w.org\/{rel}","templated":true}]}}