{"id":725475,"date":"2025-08-27T19:51:06","date_gmt":"2025-08-27T16:51:06","guid":{"rendered":"https:\/\/roveyayinevi.com.tr\/index.php\/urun\/bir-garip-sair-hikayesi\/"},"modified":"2026-04-16T02:33:29","modified_gmt":"2026-04-15T23:33:29","slug":"bir-garip-sair-hikayesi","status":"publish","type":"product","link":"https:\/\/roveyayinevi.com.tr\/index.php\/urun\/bir-garip-sair-hikayesi\/","title":{"rendered":"Bir Garip \u015eair Hikayesi"},"content":{"rendered":"<p>S\u00f6yle bana ey! Ariz, bilinir mi bu haller?A\u015fk\u0131n s\u0131rr\u0131 elle tutulur mu?Renkleri siyaha, Leyla\u2019y\u0131 da Mecnun\u2019a sormal\u0131.Sormal\u0131 da duydu\u011fuyla yanmal\u0131.Kimler geldi kimler ge\u00e7ti bu handan,Lakin bizim ge\u00e7i\u015fimiz Hakk\u2019a ayan olmal\u0131\u2026<\/p>\n","protected":false},"excerpt":{"rendered":"<p>S\u00f6yle bana ey! Ariz, bilinir mi bu haller?A\u015fk\u0131n s\u0131rr\u0131 elle tutulur mu?Renkleri siyaha, Leyla\u2019y\u0131 da Mecnun\u2019a sormal\u0131.Sormal\u0131 da duydu\u011fuyla yanmal\u0131.Kimler geldi kimler ge\u00e7ti bu handan,Lakin bizim<span class=\"excerpt-hellip\"> [\u2026]<\/span><\/p>\n","protected":false},"featured_media":0,"template":"","meta":{"_monsterinsights_skip_tracking":false,"_monsterinsights_sitenote_active":false,"_monsterinsights_sitenote_note":"","_monsterinsights_sitenote_category":0},"product_brand":[],"product_cat":[12291,12509],"product_tag":[],"class_list":{"0":"post-725475","1":"product","2":"type-product","3":"status-publish","5":"product_cat-edebiyat","6":"product_cat-siir","7":"pa_cilt-ciltsiz","8":"pa_tur-kitap","9":"pa_yayinevi-luna-yayinlari","10":"pa_yazar-gizem-orman","12":"first","13":"instock","14":"sale","15":"shipping-taxable","16":"purchasable","17":"product-type-simple"},"_links":{"self":[{"href":"https:\/\/roveyayinevi.com.tr\/index.php\/wp-json\/wp\/v2\/product\/725475","targetHints":{"allow":["GET"]}}],"collection":[{"href":"https:\/\/roveyayinevi.com.tr\/index.php\/wp-json\/wp\/v2\/product"}],"about":[{"href":"https:\/\/roveyayinevi.com.tr\/index.php\/wp-json\/wp\/v2\/types\/product"}],"wp:attachment":[{"href":"https:\/\/roveyayinevi.com.tr\/index.php\/wp-json\/wp\/v2\/media?parent=725475"}],"wp:term":[{"taxonomy":"product_brand","embeddable":true,"href":"https:\/\/roveyayinevi.com.tr\/index.php\/wp-json\/wp\/v2\/product_brand?post=725475"},{"taxonomy":"product_cat","embeddable":true,"href":"https:\/\/roveyayinevi.com.tr\/index.php\/wp-json\/wp\/v2\/product_cat?post=725475"},{"taxonomy":"product_tag","embeddable":true,"href":"https:\/\/roveyayinevi.com.tr\/index.php\/wp-json\/wp\/v2\/product_tag?post=725475"}],"curies":[{"name":"wp","href":"https:\/\/api.w.org\/{rel}","templated":true}]}}