{"id":725473,"date":"2025-08-27T19:51:04","date_gmt":"2025-08-27T16:51:04","guid":{"rendered":"https:\/\/roveyayinevi.com.tr\/index.php\/urun\/katliam-hocalida-kanli-gece\/"},"modified":"2026-04-16T02:33:29","modified_gmt":"2026-04-15T23:33:29","slug":"katliam-hocalida-kanli-gece","status":"publish","type":"product","link":"https:\/\/roveyayinevi.com.tr\/index.php\/urun\/katliam-hocalida-kanli-gece\/","title":{"rendered":"Katliam, Hocal\u0131&#8217;da Kanl\u0131 Gece"},"content":{"rendered":"<p>Bu romanda Ermenistan taraf\u0131ndan Da\u011fl\u0131k Karaba\u011f\u2019\u0131n i\u015fgali s\u0131ras\u0131nda yap\u0131lan kanl\u0131 cinayetlerden bahsediliyor. Ermeni cellatlar\u0131 taraf\u0131ndan Azerbaycan\u2019\u0131n \u00e7ok eski yerle\u015fim mekanlar\u0131ndan biri olan Hocal\u0131 \u015fehrinin ve onun civar k\u00f6ylerinin ahalisinin tarihte g\u00f6r\u00fclmemi\u015f gaddarl\u0131kla mahvedilmesi; Hocal\u0131\u2019n\u0131n da\u011f\u0131t\u0131l\u0131p yak\u0131larak yery\u00fcz\u00fcnden silinmesi geni\u015f ve etrafl\u0131 bir \u015fekilde tasvir edilmi\u015ftir. Eserde, Hocal\u0131 hadiselerini ya\u015fayan, azizlerini, yak\u0131nlar\u0131n\u0131, Karaba\u011f\u2019\u0131n\u0131, Hocal\u0131\u2019s\u0131n\u0131 yitiren onlarca \u015fahidin hat\u0131ralar\u0131ndan istifade edilmi\u015ftir. Kitapta kurnaz ve gaddar Ermeni i\u015fgalcilerine kar\u015f\u0131 yerli halk\u0131n kendini savunma birliklerinin ve milis g\u00f6revlilerinin fedakar m\u00fccadelesi de yeralmaktad\u0131r.<\/p>\n","protected":false},"excerpt":{"rendered":"<p>Bu romanda Ermenistan taraf\u0131ndan Da\u011fl\u0131k Karaba\u011f\u2019\u0131n i\u015fgali s\u0131ras\u0131nda yap\u0131lan kanl\u0131 cinayetlerden bahsediliyor. Ermeni cellatlar\u0131 taraf\u0131ndan Azerbaycan\u2019\u0131n \u00e7ok eski yerle\u015fim mekanlar\u0131ndan biri olan Hocal\u0131 \u015fehrinin ve onun<span class=\"excerpt-hellip\"> [\u2026]<\/span><\/p>\n","protected":false},"featured_media":0,"template":"","meta":{"_monsterinsights_skip_tracking":false,"_monsterinsights_sitenote_active":false,"_monsterinsights_sitenote_note":"","_monsterinsights_sitenote_category":0},"product_brand":[],"product_cat":[12291,12711],"product_tag":[],"class_list":{"0":"post-725473","1":"product","2":"type-product","3":"status-publish","5":"product_cat-edebiyat","6":"product_cat-roman-oyku","7":"pa_cilt-ciltsiz","8":"pa_tur-kitap","9":"pa_yayinevi-omca-yayinlari","10":"pa_yazar-aliaga-cerefov","12":"first","13":"instock","14":"sale","15":"shipping-taxable","16":"purchasable","17":"product-type-simple"},"_links":{"self":[{"href":"https:\/\/roveyayinevi.com.tr\/index.php\/wp-json\/wp\/v2\/product\/725473","targetHints":{"allow":["GET"]}}],"collection":[{"href":"https:\/\/roveyayinevi.com.tr\/index.php\/wp-json\/wp\/v2\/product"}],"about":[{"href":"https:\/\/roveyayinevi.com.tr\/index.php\/wp-json\/wp\/v2\/types\/product"}],"wp:attachment":[{"href":"https:\/\/roveyayinevi.com.tr\/index.php\/wp-json\/wp\/v2\/media?parent=725473"}],"wp:term":[{"taxonomy":"product_brand","embeddable":true,"href":"https:\/\/roveyayinevi.com.tr\/index.php\/wp-json\/wp\/v2\/product_brand?post=725473"},{"taxonomy":"product_cat","embeddable":true,"href":"https:\/\/roveyayinevi.com.tr\/index.php\/wp-json\/wp\/v2\/product_cat?post=725473"},{"taxonomy":"product_tag","embeddable":true,"href":"https:\/\/roveyayinevi.com.tr\/index.php\/wp-json\/wp\/v2\/product_tag?post=725473"}],"curies":[{"name":"wp","href":"https:\/\/api.w.org\/{rel}","templated":true}]}}