{"id":725471,"date":"2025-08-27T19:51:02","date_gmt":"2025-08-27T16:51:02","guid":{"rendered":"https:\/\/roveyayinevi.com.tr\/index.php\/urun\/orneklerle-satranc\/"},"modified":"2026-04-16T02:33:29","modified_gmt":"2026-04-15T23:33:29","slug":"orneklerle-satranc","status":"publish","type":"product","link":"https:\/\/roveyayinevi.com.tr\/index.php\/urun\/orneklerle-satranc\/","title":{"rendered":"\u00d6rneklerle Satran\u00e7"},"content":{"rendered":"<p>Temel Satran\u00e7 Bilgileri kitab\u0131n\u0131n geni\u015fletilmi\u015f bask\u0131s\u0131 olan \u00d6rneklerle Satran\u00e7 kitab\u0131, MOSEM (Masal ve Oyunla Satran\u00e7 E\u011fitim Metodu) e\u011fitim setinin d\u00f6rdu\u0308ncu\u0308 kitab\u0131d\u0131r.Kitapta a\u00e7\u0131l\u0131\u015f prensipleri, bilinmesi gereken temel matlar, taktik temalar ve oyun sonlar\u0131 ile ilgili konular incelenmi\u015f ve \u00f6rneklerle peki\u015ftirilmi\u015ftir.\u00d6\u011frencinin, satran\u00e7 ile ilgili temel bilgileri s\u0131k\u0131lmadan ve e\u011flenceli bir \u015fekilde \u00f6\u011frenmesi ama\u00e7lanm\u0131\u015ft\u0131r. Kitapta karma\u015f\u0131k ve zor konumlardan ka\u00e7\u0131n\u0131larak, konunun sade bir dille anlat\u0131lmas\u0131na \u00f6zen g\u00f6sterilmi\u015ftir. B\u00f6ylece okul ve kulu\u0308plerde, tu\u0308m \u00f6\u011frencilerin seviyelerine uygun bir \u015fekilde al\u0131\u015ft\u0131rmalar\u0131 \u00e7\u00f6zebilmeleri hedeflenmi\u015ftir.7-10 ya\u015f aras\u0131 \u00e7ocuklara y\u00f6nelik olan \u00d6rneklerle Satran\u00e7 kitab\u0131nda 30 konu anlat\u0131m\u0131 ile 284 al\u0131\u015ft\u0131rma yer almaktad\u0131r.<\/p>\n","protected":false},"excerpt":{"rendered":"<p>Temel Satran\u00e7 Bilgileri kitab\u0131n\u0131n geni\u015fletilmi\u015f bask\u0131s\u0131 olan \u00d6rneklerle Satran\u00e7 kitab\u0131, MOSEM (Masal ve Oyunla Satran\u00e7 E\u011fitim Metodu) e\u011fitim setinin d\u00f6rdu\u0308ncu\u0308 kitab\u0131d\u0131r.Kitapta a\u00e7\u0131l\u0131\u015f prensipleri, bilinmesi gereken temel<span class=\"excerpt-hellip\"> [\u2026]<\/span><\/p>\n","protected":false},"featured_media":0,"template":"","meta":{"_monsterinsights_skip_tracking":false,"_monsterinsights_sitenote_active":false,"_monsterinsights_sitenote_note":"","_monsterinsights_sitenote_category":0},"product_brand":[],"product_cat":[12274,12649],"product_tag":[],"class_list":{"0":"post-725471","1":"product","2":"type-product","3":"status-publish","5":"product_cat-cocuk-ve-genclik-kitaplari","6":"product_cat-hobi-muzik","7":"pa_cilt-ciltsiz","8":"pa_tur-kitap","9":"pa_yayinevi-odtu-gelistirme-vakfi-yayincilik","10":"pa_yazar-ozan-capan","12":"first","13":"instock","14":"sale","15":"shipping-taxable","16":"purchasable","17":"product-type-simple"},"_links":{"self":[{"href":"https:\/\/roveyayinevi.com.tr\/index.php\/wp-json\/wp\/v2\/product\/725471","targetHints":{"allow":["GET"]}}],"collection":[{"href":"https:\/\/roveyayinevi.com.tr\/index.php\/wp-json\/wp\/v2\/product"}],"about":[{"href":"https:\/\/roveyayinevi.com.tr\/index.php\/wp-json\/wp\/v2\/types\/product"}],"wp:attachment":[{"href":"https:\/\/roveyayinevi.com.tr\/index.php\/wp-json\/wp\/v2\/media?parent=725471"}],"wp:term":[{"taxonomy":"product_brand","embeddable":true,"href":"https:\/\/roveyayinevi.com.tr\/index.php\/wp-json\/wp\/v2\/product_brand?post=725471"},{"taxonomy":"product_cat","embeddable":true,"href":"https:\/\/roveyayinevi.com.tr\/index.php\/wp-json\/wp\/v2\/product_cat?post=725471"},{"taxonomy":"product_tag","embeddable":true,"href":"https:\/\/roveyayinevi.com.tr\/index.php\/wp-json\/wp\/v2\/product_tag?post=725471"}],"curies":[{"name":"wp","href":"https:\/\/api.w.org\/{rel}","templated":true}]}}