{"id":725469,"date":"2025-08-27T19:51:00","date_gmt":"2025-08-27T16:51:00","guid":{"rendered":"https:\/\/roveyayinevi.com.tr\/index.php\/urun\/dort-olu-kralice-ciltli\/"},"modified":"2026-04-16T02:33:29","modified_gmt":"2026-04-15T23:33:29","slug":"dort-olu-kralice-ciltli","status":"publish","type":"product","link":"https:\/\/roveyayinevi.com.tr\/index.php\/urun\/dort-olu-kralice-ciltli\/","title":{"rendered":"D\u00f6rt \u00d6l\u00fc Krali\u00e7e ( Ciltli )"},"content":{"rendered":"<p>Koca bir yalan. \u0130ki yasak a\u015fk. Katili yakalamak i\u00e7in \u00fc\u00e7 g\u00fcn.Quadara, birbirinden alabildi\u011fine farkl\u0131 d\u00f6rt b\u00f6lgeye b\u00f6l\u00fcnm\u00fc\u015ft\u00fc: tar\u0131m toplumu Archia, geli\u015fime inanan Eonia, ticaret merkezi Toria ve sanat\u0131n kalbi Ludia. Her b\u00f6lgenin kendi krali\u00e7esi vard\u0131 ve \u00fclkeyi merkezdeki sarayda Krali\u00e7e Yasas\u0131 uyar\u0131nca y\u00f6netiyorlard\u0131. Oysa g\u00f6lgelerin ard\u0131nda gizlenen biri, bug\u00fcne kadar t\u0131k\u0131r t\u0131k\u0131r i\u015flemi\u015f d\u00fczeni tamamen alt \u00fcst etmeye kararl\u0131yd\u0131.On yedi ya\u015f\u0131ndaki Keralie Corrington olduk\u00e7a zarars\u0131z g\u00f6r\u00fcnse de asl\u0131nda Quadara\u2019n\u0131n en yetenekli yankesicisiydi ve saraydan \u00e7\u0131kan bir ula\u011f\u0131n mesaj kutusunu \u00e7almak onun i\u00e7in hayli s\u0131radan bir g\u00f6revdi. Fakat kutunun i\u00e7inde d\u00f6rt krali\u00e7enin vah\u015fice \u00f6ld\u00fcr\u00fcl\u00fc\u015flerinin kayd\u0131n\u0131n oldu\u011funu ne Keralie ne de ulak Varin biliyordu.Pe\u015flerinde \u00fclkenin en tehlikeli katili varken ikilinin g\u00fc\u00e7lerini birle\u015ftirmekten ve b\u00fcy\u00fck komplonun ard\u0131ndaki s\u0131r perdesini aralarken kendi hayatlar\u0131n\u0131 da kurtarabilmeyi ummaktan ba\u015fka \u00e7areleri yoktu.\u201cFantastik ve gerilim t\u00fcrlerinin kusursuz birle\u015fimi.\u201d \u2014Entertainment Weekly\u201cAstrid Scholte, elinizden d\u00fc\u015f\u00fcremeyece\u011finiz bir romana imza atm\u0131\u015f.\u201d \u2014Refinery29\u201cD\u00f6rt \u00d6l\u00fc Krali\u00e7e, sizi s\u00fcrekli tetikte tutacak karanl\u0131k bir hik\u00e2ye. Hem fantastik okurlar\u0131 hem de cinayet bulmacalar\u0131 merakl\u0131lar\u0131 i\u00e7in m\u00fckemmel.\u201d \u2014Kerri Maniscalco\u201cT\u00fcm o sinematik gerilimi, karga\u015fas\u0131 ve \u015fok edici d\u00f6n\u00fc\u015fleriyle D\u00f6rt \u00d6l\u00fc Krali\u00e7e kesinlikle yeni favoriniz olacak.\u201d \u2014Sarah Glenn Marsh\u201cAstrid Scholte, fantastik okurlar\u0131na son sayfaya kadar merak i\u00e7inde kalacaklar\u0131 yepyeni bir deneyim ya\u015fat\u0131yor.\u201d \u2014Beth Revis\u201cBu yazar\u0131 g\u00f6zden ka\u00e7\u0131rmak istemezsiniz.\u201d \u2014Kirkus\u201cTekrar kar\u015f\u0131la\u015fmak i\u00e7in yan\u0131p tutu\u015faca\u011f\u0131n\u0131z karakterlerle tan\u0131\u015faca\u011f\u0131n\u0131z, entrika dolu bir macera.\u201d \u2014Publishers Weekly\u201cYazar, farkl\u0131 anlat\u0131c\u0131larla ge\u00e7mi\u015fe d\u00f6n\u00fc\u015fleri ba\u015far\u0131yla y\u00f6neterek soluk solu\u011fa okuyaca\u011f\u0131n\u0131z bir aksiyon yaratm\u0131\u015f.\u201d \u2014Booklist\u201cHik\u00e2ye sizi hi\u00e7 beklemedi\u011finiz yerlere g\u00f6t\u00fcrecek. Fantastik kitapl\u0131klar\u0131n\u0131n olmazsa olmaz\u0131.\u201d \u2014School Library Journal\u201cB\u00fcy\u00fcleyici zaman ak\u0131\u015f\u0131na \u00f6yle bir kap\u0131lacaks\u0131n\u0131z ki sonunda ba\u015fa d\u00f6nmeden edemeyeceksiniz.\u201d \u2014BCCB<\/p>\n","protected":false},"excerpt":{"rendered":"<p>Koca bir yalan. \u0130ki yasak a\u015fk. Katili yakalamak i\u00e7in \u00fc\u00e7 g\u00fcn.Quadara, birbirinden alabildi\u011fine farkl\u0131 d\u00f6rt b\u00f6lgeye b\u00f6l\u00fcnm\u00fc\u015ft\u00fc: tar\u0131m toplumu Archia, geli\u015fime inanan Eonia, ticaret merkezi Toria<span class=\"excerpt-hellip\"> [\u2026]<\/span><\/p>\n","protected":false},"featured_media":0,"template":"","meta":{"_monsterinsights_skip_tracking":false,"_monsterinsights_sitenote_active":false,"_monsterinsights_sitenote_note":"","_monsterinsights_sitenote_category":0},"product_brand":[],"product_cat":[12291],"product_tag":[],"class_list":{"0":"post-725469","1":"product","2":"type-product","3":"status-publish","5":"product_cat-edebiyat","6":"pa_cilt-ciltli","7":"pa_tur-kitap","8":"pa_yayinevi-yabanci-yayinevi","9":"pa_yazar-astrid-scholte","11":"first","12":"instock","13":"sale","14":"shipping-taxable","15":"purchasable","16":"product-type-simple"},"_links":{"self":[{"href":"https:\/\/roveyayinevi.com.tr\/index.php\/wp-json\/wp\/v2\/product\/725469","targetHints":{"allow":["GET"]}}],"collection":[{"href":"https:\/\/roveyayinevi.com.tr\/index.php\/wp-json\/wp\/v2\/product"}],"about":[{"href":"https:\/\/roveyayinevi.com.tr\/index.php\/wp-json\/wp\/v2\/types\/product"}],"wp:attachment":[{"href":"https:\/\/roveyayinevi.com.tr\/index.php\/wp-json\/wp\/v2\/media?parent=725469"}],"wp:term":[{"taxonomy":"product_brand","embeddable":true,"href":"https:\/\/roveyayinevi.com.tr\/index.php\/wp-json\/wp\/v2\/product_brand?post=725469"},{"taxonomy":"product_cat","embeddable":true,"href":"https:\/\/roveyayinevi.com.tr\/index.php\/wp-json\/wp\/v2\/product_cat?post=725469"},{"taxonomy":"product_tag","embeddable":true,"href":"https:\/\/roveyayinevi.com.tr\/index.php\/wp-json\/wp\/v2\/product_tag?post=725469"}],"curies":[{"name":"wp","href":"https:\/\/api.w.org\/{rel}","templated":true}]}}