{"id":725467,"date":"2025-08-27T19:50:59","date_gmt":"2025-08-27T16:50:59","guid":{"rendered":"https:\/\/roveyayinevi.com.tr\/index.php\/urun\/beni-nereden-vuralim\/"},"modified":"2026-04-13T02:40:47","modified_gmt":"2026-04-12T23:40:47","slug":"beni-nereden-vuralim","status":"publish","type":"product","link":"https:\/\/roveyayinevi.com.tr\/index.php\/urun\/beni-nereden-vuralim\/","title":{"rendered":"Beni Nereden Vural\u0131m?"},"content":{"rendered":"<p>\u00d6p\u00fclmeyen aln\u0131 vural\u0131m, bulunmayan damar\u0131G\u00f6r\u00fc\u015f\u00fcr\u00fcz derken g\u00f6r\u00fc\u015fmeyece\u011fini bilmeyi,At\u0131lm\u0131\u015f y\u00fcz\u00fc\u011f\u00fcn izini, g\u0131rtlaktan ta\u015fan \u00e7izgiyi,Sevmedi\u011fimiz \u015feylere d\u00f6n\u00fc\u015fmeyi vural\u0131m<\/p>\n","protected":false},"excerpt":{"rendered":"<p>\u00d6p\u00fclmeyen aln\u0131 vural\u0131m, bulunmayan damar\u0131G\u00f6r\u00fc\u015f\u00fcr\u00fcz derken g\u00f6r\u00fc\u015fmeyece\u011fini bilmeyi,At\u0131lm\u0131\u015f y\u00fcz\u00fc\u011f\u00fcn izini, g\u0131rtlaktan ta\u015fan \u00e7izgiyi,Sevmedi\u011fimiz \u015feylere d\u00f6n\u00fc\u015fmeyi vural\u0131m<\/p>\n","protected":false},"featured_media":0,"template":"","meta":{"_monsterinsights_skip_tracking":false,"_monsterinsights_sitenote_active":false,"_monsterinsights_sitenote_note":"","_monsterinsights_sitenote_category":0},"product_brand":[],"product_cat":[12291,12509],"product_tag":[],"class_list":{"0":"post-725467","1":"product","2":"type-product","3":"status-publish","5":"product_cat-edebiyat","6":"product_cat-siir","7":"pa_cilt-ciltsiz","8":"pa_tur-kitap","9":"pa_yayinevi-ithaki-yayinlari","10":"pa_yazar-zeynep-tugce-karadag","12":"first","13":"instock","14":"sale","15":"shipping-taxable","16":"purchasable","17":"product-type-simple"},"_links":{"self":[{"href":"https:\/\/roveyayinevi.com.tr\/index.php\/wp-json\/wp\/v2\/product\/725467","targetHints":{"allow":["GET"]}}],"collection":[{"href":"https:\/\/roveyayinevi.com.tr\/index.php\/wp-json\/wp\/v2\/product"}],"about":[{"href":"https:\/\/roveyayinevi.com.tr\/index.php\/wp-json\/wp\/v2\/types\/product"}],"wp:attachment":[{"href":"https:\/\/roveyayinevi.com.tr\/index.php\/wp-json\/wp\/v2\/media?parent=725467"}],"wp:term":[{"taxonomy":"product_brand","embeddable":true,"href":"https:\/\/roveyayinevi.com.tr\/index.php\/wp-json\/wp\/v2\/product_brand?post=725467"},{"taxonomy":"product_cat","embeddable":true,"href":"https:\/\/roveyayinevi.com.tr\/index.php\/wp-json\/wp\/v2\/product_cat?post=725467"},{"taxonomy":"product_tag","embeddable":true,"href":"https:\/\/roveyayinevi.com.tr\/index.php\/wp-json\/wp\/v2\/product_tag?post=725467"}],"curies":[{"name":"wp","href":"https:\/\/api.w.org\/{rel}","templated":true}]}}