{"id":725466,"date":"2025-08-27T19:50:58","date_gmt":"2025-08-27T16:50:58","guid":{"rendered":"https:\/\/roveyayinevi.com.tr\/index.php\/urun\/hilkat-ile-garibe\/"},"modified":"2026-04-16T02:33:29","modified_gmt":"2026-04-15T23:33:29","slug":"hilkat-ile-garibe","status":"publish","type":"product","link":"https:\/\/roveyayinevi.com.tr\/index.php\/urun\/hilkat-ile-garibe\/","title":{"rendered":"Hilkat ile Garibe"},"content":{"rendered":"<p>Her \u015fey bulan\u0131k, sayfalar, renkler, insanlar, y\u00fczler, her \u015fey.  Aynadaki bu\u011fu silindik\u00e7e y\u00fcz bir kat daha bulan\u0131k, sevmeyi inatla deneyen insan, \u0131\u015f\u0131\u011f\u0131n d\u00fc\u015ft\u00fc\u011f\u00fc renk, harflerin birbirine girdi\u011fi sayfa, hepsi.Bakt\u0131\u011f\u0131 ve g\u00f6rd\u00fc\u011f\u00fc aras\u0131nda bir yerde debelenip duruyor herkes. Ne ger\u00e7e\u011fi yoklamak m\u00fcmk\u00fcn oluyor ne de kalbi tartmak. Kendimizi bulmak istiyoruz ama \u00e7ok kalabal\u0131k. \u00dcstelik g\u00f6zlerimiz bozuk de\u011fil d\u00fcnya bulan\u0131k. B\u00fclent Y\u0131ld\u0131z, Hilkat ile Garibe roman\u0131yla hepimizin ihtiyac\u0131 olan bir aray\u0131\u015fa \u00e7a\u011f\u0131r\u0131yor okuru. \u00dcstelik oyun oynayarak, ironiden vazge\u00e7meden ve usul usul yap\u0131yor bunu.\u201cHer \u015feyi bilen olarak hayata g\u00f6zlerini a\u00e7an insan, her \u015feyi unutan olarak hayata g\u00f6zlerini kapar. Do\u011farken ruhumuzda, benli\u011fimizde ve genlerimizde olan bilgileri, sesleri ve nefesleri ya\u015fl\u0131l\u0131\u011fa do\u011fru yol ald\u0131\u011f\u0131m\u0131zda birer birer d\u00fc\u015f\u00fcr\u00fcp arkam\u0131zda b\u0131rak\u0131r, sonra arkam\u0131zda b\u0131rakt\u0131klar\u0131m\u0131z\u0131 da unutup kaybeder, her \u015feyken hi\u00e7e do\u011fru devriliriz. \u0130\u015fte d\u00fc\u015f\u00fcr\u00fcp kaybetti\u011fimiz o \u015feyleri ad\u0131na hayat denilen tuhaf \u015fey al\u0131r, ba\u011f\u0131rsaklar\u0131nda \u00f6\u011f\u00fct\u00fcp kendine ait k\u0131lar ve sonra kar\u015f\u0131m\u0131za zaman olarak \u00e7\u0131kar\u0131p onu da bize kar\u015f\u0131 kullan\u0131r. Asl\u0131nda ba\u015flang\u0131\u00e7ta bir hi\u00e7tir hayat. Ama bizden \u00e7ald\u0131klar\u0131yla bir anda her \u015fey oluverir.\u201d<\/p>\n","protected":false},"excerpt":{"rendered":"<p>Her \u015fey bulan\u0131k, sayfalar, renkler, insanlar, y\u00fczler, her \u015fey. Aynadaki bu\u011fu silindik\u00e7e y\u00fcz bir kat daha bulan\u0131k, sevmeyi inatla deneyen insan, \u0131\u015f\u0131\u011f\u0131n d\u00fc\u015ft\u00fc\u011f\u00fc renk, harflerin birbirine<span class=\"excerpt-hellip\"> [\u2026]<\/span><\/p>\n","protected":false},"featured_media":0,"template":"","meta":{"_monsterinsights_skip_tracking":false,"_monsterinsights_sitenote_active":false,"_monsterinsights_sitenote_note":"","_monsterinsights_sitenote_category":0},"product_brand":[],"product_cat":[12291,12711],"product_tag":[],"class_list":{"0":"post-725466","1":"product","2":"type-product","3":"status-publish","5":"product_cat-edebiyat","6":"product_cat-roman-oyku","7":"pa_cilt-ciltsiz","8":"pa_tur-kitap","9":"pa_yayinevi-ithaki-yayinlari","10":"pa_yazar-bulent-yildiz","12":"first","13":"instock","14":"sale","15":"shipping-taxable","16":"purchasable","17":"product-type-simple"},"_links":{"self":[{"href":"https:\/\/roveyayinevi.com.tr\/index.php\/wp-json\/wp\/v2\/product\/725466","targetHints":{"allow":["GET"]}}],"collection":[{"href":"https:\/\/roveyayinevi.com.tr\/index.php\/wp-json\/wp\/v2\/product"}],"about":[{"href":"https:\/\/roveyayinevi.com.tr\/index.php\/wp-json\/wp\/v2\/types\/product"}],"wp:attachment":[{"href":"https:\/\/roveyayinevi.com.tr\/index.php\/wp-json\/wp\/v2\/media?parent=725466"}],"wp:term":[{"taxonomy":"product_brand","embeddable":true,"href":"https:\/\/roveyayinevi.com.tr\/index.php\/wp-json\/wp\/v2\/product_brand?post=725466"},{"taxonomy":"product_cat","embeddable":true,"href":"https:\/\/roveyayinevi.com.tr\/index.php\/wp-json\/wp\/v2\/product_cat?post=725466"},{"taxonomy":"product_tag","embeddable":true,"href":"https:\/\/roveyayinevi.com.tr\/index.php\/wp-json\/wp\/v2\/product_tag?post=725466"}],"curies":[{"name":"wp","href":"https:\/\/api.w.org\/{rel}","templated":true}]}}