{"id":725462,"date":"2025-08-27T19:50:54","date_gmt":"2025-08-27T16:50:54","guid":{"rendered":"https:\/\/roveyayinevi.com.tr\/index.php\/urun\/merhamet\/"},"modified":"2026-04-16T02:33:29","modified_gmt":"2026-04-15T23:33:29","slug":"merhamet","status":"publish","type":"product","link":"https:\/\/roveyayinevi.com.tr\/index.php\/urun\/merhamet\/","title":{"rendered":"Merhamet"},"content":{"rendered":"<p>Cnn Tarafindan Son On Y\u0131l\u0131n En Etkileyici Kitaplarindan Biri Olarak G\u00f6sterildi.New York Times, Washington Post, Boston Globe,Seattle Times, Esquire ve Time onu Y\u0131l\u0131n En \u0130yi Kitaplar\u0131ndan Biri se\u00e7tiBryan Stevenson, en \u00e7aresiz durumda olanlar\u0131 ve sesleri umutsuzca kaybolup gidenleri  \u2013yoksullar\u0131, haks\u0131z h\u00fck\u00fcm giymi\u015fleri, a\u011f\u0131r ceza sisteminin en u\u00e7 sa\u00e7aklar\u0131nda kalm\u0131\u015f kad\u0131n ve \u00e7ocuklar\u0131\u2013 savunmak i\u00e7in E\u015fit Adalet \u0130nisiyatifi (EJI) adl\u0131 kazan\u00e7 amac\u0131 g\u00fctmeyen hukuk firmas\u0131n\u0131 kurdu\u011funda hen\u00fcz gen\u00e7 bir avukatt\u0131. Ald\u0131\u011f\u0131 ilk davalardan biri, kendisinin i\u015flemedi\u011fini ileri s\u00fcrd\u00fc\u011f\u00fc bir cinayet y\u00fcz\u00fcnden idama mahkum edilmi\u015f gen\u00e7 bir adam olan Walter McMillian\u2019\u0131n dosyas\u0131yd\u0131. Dava, Bryan\u2019\u0131 bir komplo, politik sistem ve hukuksal m\u00fccadele a\u011f\u0131n\u0131n i\u00e7ine \u00e7ekerek merhamet ve adalet anlay\u0131\u015f\u0131n\u0131 sonsuza dek de\u011fi\u015ftirdi.Merhamet, idealist ve yetenekli gen\u00e7 bir avukat\u0131n unutulmaz hikayesini anlat\u0131rken, savundu\u011fu ki\u015filerin hayatlar\u0131na dokunakl\u0131 bir pencere a\u00e7\u0131yor ve ger\u00e7ek adalet aray\u0131\u015f\u0131nda \u015fefkatin \u00f6nemini vurgulayan ilham verici bir arg\u00fcman sunuyor<\/p>\n","protected":false},"excerpt":{"rendered":"<p>Cnn Tarafindan Son On Y\u0131l\u0131n En Etkileyici Kitaplarindan Biri Olarak G\u00f6sterildi.New York Times, Washington Post, Boston Globe,Seattle Times, Esquire ve Time onu Y\u0131l\u0131n En \u0130yi Kitaplar\u0131ndan<span class=\"excerpt-hellip\"> [\u2026]<\/span><\/p>\n","protected":false},"featured_media":0,"template":"","meta":{"_monsterinsights_skip_tracking":false,"_monsterinsights_sitenote_active":false,"_monsterinsights_sitenote_note":"","_monsterinsights_sitenote_category":0},"product_brand":[],"product_cat":[12291,12711],"product_tag":[],"class_list":{"0":"post-725462","1":"product","2":"type-product","3":"status-publish","5":"product_cat-edebiyat","6":"product_cat-roman-oyku","7":"pa_cilt-ciltsiz","8":"pa_tur-kitap","9":"pa_yayinevi-koridor-yayincilik","10":"pa_yazar-bryan-stevenson","12":"first","13":"instock","14":"sale","15":"shipping-taxable","16":"purchasable","17":"product-type-simple"},"_links":{"self":[{"href":"https:\/\/roveyayinevi.com.tr\/index.php\/wp-json\/wp\/v2\/product\/725462","targetHints":{"allow":["GET"]}}],"collection":[{"href":"https:\/\/roveyayinevi.com.tr\/index.php\/wp-json\/wp\/v2\/product"}],"about":[{"href":"https:\/\/roveyayinevi.com.tr\/index.php\/wp-json\/wp\/v2\/types\/product"}],"wp:attachment":[{"href":"https:\/\/roveyayinevi.com.tr\/index.php\/wp-json\/wp\/v2\/media?parent=725462"}],"wp:term":[{"taxonomy":"product_brand","embeddable":true,"href":"https:\/\/roveyayinevi.com.tr\/index.php\/wp-json\/wp\/v2\/product_brand?post=725462"},{"taxonomy":"product_cat","embeddable":true,"href":"https:\/\/roveyayinevi.com.tr\/index.php\/wp-json\/wp\/v2\/product_cat?post=725462"},{"taxonomy":"product_tag","embeddable":true,"href":"https:\/\/roveyayinevi.com.tr\/index.php\/wp-json\/wp\/v2\/product_tag?post=725462"}],"curies":[{"name":"wp","href":"https:\/\/api.w.org\/{rel}","templated":true}]}}