{"id":725461,"date":"2025-08-27T19:50:54","date_gmt":"2025-08-27T16:50:54","guid":{"rendered":"https:\/\/roveyayinevi.com.tr\/index.php\/urun\/uyum-saglayan-liderlik-uygulamalari\/"},"modified":"2026-04-16T02:33:29","modified_gmt":"2026-04-15T23:33:29","slug":"uyum-saglayan-liderlik-uygulamalari","status":"publish","type":"product","link":"https:\/\/roveyayinevi.com.tr\/index.php\/urun\/uyum-saglayan-liderlik-uygulamalari\/","title":{"rendered":"Uyum Sa\u011flayan Liderlik Uygulamalar\u0131"},"content":{"rendered":"<p>\u201cE\u011fer uyum sa\u011flama sorunlar\u0131nda a\u015fama kaydedebilmek istiyorsan\u0131z, \u00e7at\u0131\u015fmalar\u0131 ortadan kald\u0131r\u0131lmas\u0131 veya etkisizle\u015ftirilmesi gereken \u015feyler olarak de\u011fil, araman\u0131z, ortaya \u00e7\u0131karman\u0131z, beslemeniz ve dikkatli bir \u015fekilde y\u00f6netilmesi gereken, sizi \u00e7\u00f6z\u00fcme g\u00f6t\u00fcrecek olan \u015feyler olarak g\u00f6rmelisiniz. Organizasyonel harmoniyi, yeni \u00e7\u00f6z\u00fcmler ortaya \u00e7\u0131karma sanat\u0131 olarak d\u00fc\u015f\u00fcn\u00fcn. \u00c7at\u0131\u015fmalar, \u00fcst\u00fcnk\u00f6r\u00fc de\u011fil ger\u00e7ek harmoniye ula\u015fabilmek i\u00e7in hayati kaynaklard\u0131r.\u201dLiderlik \u00fczerine s\u00f6ylenmi\u015f t\u00fcm s\u00f6zleri unutun! Bu kitap, size organizasyonunuzu ve d\u00fcnyay\u0131 de\u011fi\u015ftirmek i\u00e7in ara\u00e7lar ve taktikler sunacak, ger\u00e7ek anlamda liderlik etmenin ne oldu\u011funu g\u00f6sterecek.\u201cUyum sa\u011flayan liderlik, insanlar\u0131n s\u00fcrekli olarak mevcut i\u015f tan\u0131mlar\u0131n\u0131n \u00f6tesine ge\u00e7mesini sa\u011flayan bir liderlik yaratma i\u015fidir.\u201d<\/p>\n","protected":false},"excerpt":{"rendered":"<p>\u201cE\u011fer uyum sa\u011flama sorunlar\u0131nda a\u015fama kaydedebilmek istiyorsan\u0131z, \u00e7at\u0131\u015fmalar\u0131 ortadan kald\u0131r\u0131lmas\u0131 veya etkisizle\u015ftirilmesi gereken \u015feyler olarak de\u011fil, araman\u0131z, ortaya \u00e7\u0131karman\u0131z, beslemeniz ve dikkatli bir \u015fekilde y\u00f6netilmesi gereken,<span class=\"excerpt-hellip\"> [\u2026]<\/span><\/p>\n","protected":false},"featured_media":0,"template":"","meta":{"_monsterinsights_skip_tracking":false,"_monsterinsights_sitenote_active":false,"_monsterinsights_sitenote_note":"","_monsterinsights_sitenote_category":0},"product_brand":[],"product_cat":[13043,17647],"product_tag":[],"class_list":{"0":"post-725461","1":"product","2":"type-product","3":"status-publish","5":"product_cat-ekonomi","6":"product_cat-is-dunyasi","7":"pa_cilt-ciltsiz","8":"pa_tur-kitap","9":"pa_yayinevi-bilgi-yayinevi","10":"pa_yazar-bilgi-yayinevi-kolektif","12":"first","13":"instock","14":"sale","15":"shipping-taxable","16":"purchasable","17":"product-type-simple"},"_links":{"self":[{"href":"https:\/\/roveyayinevi.com.tr\/index.php\/wp-json\/wp\/v2\/product\/725461","targetHints":{"allow":["GET"]}}],"collection":[{"href":"https:\/\/roveyayinevi.com.tr\/index.php\/wp-json\/wp\/v2\/product"}],"about":[{"href":"https:\/\/roveyayinevi.com.tr\/index.php\/wp-json\/wp\/v2\/types\/product"}],"wp:attachment":[{"href":"https:\/\/roveyayinevi.com.tr\/index.php\/wp-json\/wp\/v2\/media?parent=725461"}],"wp:term":[{"taxonomy":"product_brand","embeddable":true,"href":"https:\/\/roveyayinevi.com.tr\/index.php\/wp-json\/wp\/v2\/product_brand?post=725461"},{"taxonomy":"product_cat","embeddable":true,"href":"https:\/\/roveyayinevi.com.tr\/index.php\/wp-json\/wp\/v2\/product_cat?post=725461"},{"taxonomy":"product_tag","embeddable":true,"href":"https:\/\/roveyayinevi.com.tr\/index.php\/wp-json\/wp\/v2\/product_tag?post=725461"}],"curies":[{"name":"wp","href":"https:\/\/api.w.org\/{rel}","templated":true}]}}