{"id":725458,"date":"2025-08-27T19:50:51","date_gmt":"2025-08-27T16:50:51","guid":{"rendered":"https:\/\/roveyayinevi.com.tr\/index.php\/urun\/bir-kopruden-gectik\/"},"modified":"2026-04-16T02:33:29","modified_gmt":"2026-04-15T23:33:29","slug":"bir-kopruden-gectik","status":"publish","type":"product","link":"https:\/\/roveyayinevi.com.tr\/index.php\/urun\/bir-kopruden-gectik\/","title":{"rendered":"Bir K\u00f6pr\u00fcden Ge\u00e7tik"},"content":{"rendered":"<p>Bir K\u00f6pr\u00fcden Ge\u00e7tik, Suriye sava\u015f\u0131n\u0131 k\u00f6kenlerinden \u015fimdiki deh\u015fetine kadar kronolojik olarak sekiz b\u00f6l\u00fcmde anlat\u0131yor: Otoriterle\u015fme, Umudun H\u00fcsran\u0131, Devrim, Bask\u0131, Askerile\u015fme, Canl\u0131 Sava\u015f, G\u00f6\u00e7 ve Yans\u0131malar.Wendy Pearlman bu kitab\u0131 yazarken, Ortado\u011fu ve Avrupa&#8217;da y\u00fczlerce Suriyeli ile r\u00f6portaj yaparak d\u00f6rt y\u0131l ge\u00e7irdi. Evlerinde kald\u0131, yemeklerini payla\u015ft\u0131, \u00e7ocuklar\u0131yla oynad\u0131, hastaneleri ziyaret etti, \u015fiddet ve yurdundan olman\u0131n insani deneyimlerini kayda ald\u0131. K\u0131talararas\u0131 y\u00fczlerce r\u00f6portaja dayanan Bir K\u00f6pr\u00fcden Ge\u00e7tik, Suriye \u00e7at\u0131\u015fmas\u0131n\u0131, sadece o s\u00fcre\u00e7te hayatlar\u0131 de\u011fi\u015fen erkek ve kad\u0131nlardan olu\u015fan bir kesitin kelimeleriyle anlat\u0131yor. \u0130\u00e7ten ifadelerle \u015fiirsel par\u00e7alar\u0131n nefes kesici mozai\u011fi olan bu kitap, sadece hik\u00e2ye anlat\u0131m g\u00fcc\u00fcn\u00fcn de\u011fil, ayn\u0131 zamanda karanl\u0131\u011fa umut, cesaret ve ahlaki inan\u00e7lar\u0131yla kar\u015f\u0131 duranlar\u0131n direncinin de kan\u0131t\u0131.&#8221;T\u00fcm d\u00fcnyadan politikac\u0131 ve yorumcular Suriyelilerden ac\u0131nacak ma\u011fdurlar, korunacak bedenler, su\u00e7lanacak radikaller, korkulacak veya engellenecek tehditler olarak bahsediyor. Suriyelileri k\u00fcresel bir problem olarak ele alan s\u00f6zler kas\u0131rgas\u0131n\u0131n i\u00e7inde, ger\u00e7ek Suriyelileri birer insan olarak dinleme \u015fans\u0131n\u0131 bulmak zor olabiliyor. Bu kitap, bu \u015fans\u0131 sunuyor.&#8221; &#8211; Wendy Pearlman\u201cHerkes Suriyeliler hakk\u0131nda konu\u015fuyor ama \u00e7ok az\u0131 ger\u00e7ekten onlarla konu\u015fuyor. Bir K\u00f6pr\u00fcden Ge\u00e7tik bunu tersine \u00e7eviriyor. Y\u00fcrekleri donduran bu \u0131st\u0131rap ve zafer \u00f6yk\u00fcleri, krizin nas\u0131l ortaya \u00e7\u0131kt\u0131\u011f\u0131n\u0131 yans\u0131tmak \u00fczere kronolojik ve tematik olarak m\u00fckemmel \u015fekilde birbirine ba\u011flanm\u0131\u015f.\u201d &#8211; The Guardian\u201c\u0130\u00e7g\u00f6r\u00fc ile dolu bir define sand\u0131\u011f\u0131. Suriyelilerin ger\u00e7ek, insanc\u0131l seslerini tekrar g\u00fcndeme getiriyor.\u201d &#8211; The New Arab\u201cBu kitap ac\u0131maya de\u011fil, empati kurmaya \u00e7a\u011f\u0131r\u0131yor. Ger\u00e7e\u011fin k\u0131r\u0131lganla\u015ft\u0131\u011f\u0131 zamanlarda, unutulmaya kar\u015f\u0131 belle\u011fin teyiti niteli\u011finde.\u201d &#8211; Times Literary Supplement\u201cG\u00fc\u00e7l\u00fc\u2026 umut dolu.\u201d- Publishers Weekly\u201cDokunakl\u0131 ve insanc\u0131l bir derleme.\u201d &#8211; Kirkus\u201c\u0130nsan\u0131n ahlaki de\u011ferlerini y\u00fckselten bu tan\u0131kl\u0131k mutlaka okunmal\u0131.\u201d &#8211; Booklist<\/p>\n","protected":false},"excerpt":{"rendered":"<p>Bir K\u00f6pr\u00fcden Ge\u00e7tik, Suriye sava\u015f\u0131n\u0131 k\u00f6kenlerinden \u015fimdiki deh\u015fetine kadar kronolojik olarak sekiz b\u00f6l\u00fcmde anlat\u0131yor: Otoriterle\u015fme, Umudun H\u00fcsran\u0131, Devrim, Bask\u0131, Askerile\u015fme, Canl\u0131 Sava\u015f, G\u00f6\u00e7 ve Yans\u0131malar.Wendy Pearlman<span class=\"excerpt-hellip\"> [\u2026]<\/span><\/p>\n","protected":false},"featured_media":0,"template":"","meta":{"_monsterinsights_skip_tracking":false,"_monsterinsights_sitenote_active":false,"_monsterinsights_sitenote_note":"","_monsterinsights_sitenote_category":0},"product_brand":[],"product_cat":[13701,12291],"product_tag":[],"class_list":{"0":"post-725458","1":"product","2":"type-product","3":"status-publish","5":"product_cat-ani-mektup-gunluk","6":"product_cat-edebiyat","7":"pa_cilt-ciltsiz","8":"pa_tur-kitap","9":"pa_yayinevi-bilgi-yayinevi","10":"pa_yazar-wendy-pearlman","12":"first","13":"instock","14":"sale","15":"shipping-taxable","16":"purchasable","17":"product-type-simple"},"_links":{"self":[{"href":"https:\/\/roveyayinevi.com.tr\/index.php\/wp-json\/wp\/v2\/product\/725458","targetHints":{"allow":["GET"]}}],"collection":[{"href":"https:\/\/roveyayinevi.com.tr\/index.php\/wp-json\/wp\/v2\/product"}],"about":[{"href":"https:\/\/roveyayinevi.com.tr\/index.php\/wp-json\/wp\/v2\/types\/product"}],"wp:attachment":[{"href":"https:\/\/roveyayinevi.com.tr\/index.php\/wp-json\/wp\/v2\/media?parent=725458"}],"wp:term":[{"taxonomy":"product_brand","embeddable":true,"href":"https:\/\/roveyayinevi.com.tr\/index.php\/wp-json\/wp\/v2\/product_brand?post=725458"},{"taxonomy":"product_cat","embeddable":true,"href":"https:\/\/roveyayinevi.com.tr\/index.php\/wp-json\/wp\/v2\/product_cat?post=725458"},{"taxonomy":"product_tag","embeddable":true,"href":"https:\/\/roveyayinevi.com.tr\/index.php\/wp-json\/wp\/v2\/product_tag?post=725458"}],"curies":[{"name":"wp","href":"https:\/\/api.w.org\/{rel}","templated":true}]}}