{"id":725457,"date":"2025-08-27T19:50:50","date_gmt":"2025-08-27T16:50:50","guid":{"rendered":"https:\/\/roveyayinevi.com.tr\/index.php\/urun\/ucus\/"},"modified":"2026-04-16T02:33:29","modified_gmt":"2026-04-15T23:33:29","slug":"ucus","status":"publish","type":"product","link":"https:\/\/roveyayinevi.com.tr\/index.php\/urun\/ucus\/","title":{"rendered":"U\u00e7u\u015f"},"content":{"rendered":"<p>Lucy bir \u015feyleri tamir etmekte hep ba\u015far\u0131l\u0131yd\u0131 ve babas\u0131n\u0131n birazc\u0131k fazla yard\u0131ma ihtiyac\u0131 oluyordu; sonu\u00e7ta ikisi ba\u015f ba\u015fayd\u0131.Bu y\u00fczden, Lucy kanad\u0131 k\u0131r\u0131k minik bir ku\u015f buldu\u011funda onu da d\u00fczeltebilece\u011finden emindi.Ama k\u0131r\u0131lan her \u015fey d\u00fczeltilemezdi.U\u00e7u\u015f, \u015fartlar ne olursa olsun kararl\u0131l\u0131\u011f\u0131n ve ya\u015fanan bir kayb\u0131n \u00fczerine sevginin, harika resimler e\u015fli\u011finde anlat\u0131ld\u0131\u011f\u0131 g\u00fczel bir hik\u00e2ye.<\/p>\n","protected":false},"excerpt":{"rendered":"<p>Lucy bir \u015feyleri tamir etmekte hep ba\u015far\u0131l\u0131yd\u0131 ve babas\u0131n\u0131n birazc\u0131k fazla yard\u0131ma ihtiyac\u0131 oluyordu; sonu\u00e7ta ikisi ba\u015f ba\u015fayd\u0131.Bu y\u00fczden, Lucy kanad\u0131 k\u0131r\u0131k minik bir ku\u015f buldu\u011funda<span class=\"excerpt-hellip\"> [\u2026]<\/span><\/p>\n","protected":false},"featured_media":0,"template":"","meta":{"_monsterinsights_skip_tracking":false,"_monsterinsights_sitenote_active":false,"_monsterinsights_sitenote_note":"","_monsterinsights_sitenote_category":0},"product_brand":[],"product_cat":[12275,12274],"product_tag":[],"class_list":{"0":"post-725457","1":"product","2":"type-product","3":"status-publish","5":"product_cat-6-12-yas-kitaplari","6":"product_cat-cocuk-ve-genclik-kitaplari","7":"pa_cilt-ciltsiz","8":"pa_tur-kitap","9":"pa_yayinevi-bilgi-yayinevi","10":"pa_yazar-jess-mcgeachin","12":"first","13":"instock","14":"sale","15":"shipping-taxable","16":"purchasable","17":"product-type-simple"},"_links":{"self":[{"href":"https:\/\/roveyayinevi.com.tr\/index.php\/wp-json\/wp\/v2\/product\/725457","targetHints":{"allow":["GET"]}}],"collection":[{"href":"https:\/\/roveyayinevi.com.tr\/index.php\/wp-json\/wp\/v2\/product"}],"about":[{"href":"https:\/\/roveyayinevi.com.tr\/index.php\/wp-json\/wp\/v2\/types\/product"}],"wp:attachment":[{"href":"https:\/\/roveyayinevi.com.tr\/index.php\/wp-json\/wp\/v2\/media?parent=725457"}],"wp:term":[{"taxonomy":"product_brand","embeddable":true,"href":"https:\/\/roveyayinevi.com.tr\/index.php\/wp-json\/wp\/v2\/product_brand?post=725457"},{"taxonomy":"product_cat","embeddable":true,"href":"https:\/\/roveyayinevi.com.tr\/index.php\/wp-json\/wp\/v2\/product_cat?post=725457"},{"taxonomy":"product_tag","embeddable":true,"href":"https:\/\/roveyayinevi.com.tr\/index.php\/wp-json\/wp\/v2\/product_tag?post=725457"}],"curies":[{"name":"wp","href":"https:\/\/api.w.org\/{rel}","templated":true}]}}