{"id":725456,"date":"2025-08-27T19:50:49","date_gmt":"2025-08-27T16:50:49","guid":{"rendered":"https:\/\/roveyayinevi.com.tr\/index.php\/urun\/charles-darwin-bir-devrim\/"},"modified":"2026-04-16T02:33:29","modified_gmt":"2026-04-15T23:33:29","slug":"charles-darwin-bir-devrim","status":"publish","type":"product","link":"https:\/\/roveyayinevi.com.tr\/index.php\/urun\/charles-darwin-bir-devrim\/","title":{"rendered":"Charles Darwin Bir Devrim"},"content":{"rendered":"<p>Yirmi iki ya\u015f\u0131ndaki gen\u00e7 \u0130ngiliz do\u011fabilimcisi ve yerbilimci Charles Darwin, bir gemiyle g\u00fcney yar\u0131mk\u00fcreye yolculuk eder. Bu b\u00f6lgede ya\u015fayan canl\u0131lar inan\u0131lmaz bir \u00e7e\u015fitlilik sergilemektedir. Bu ilham verici yolculuk s\u0131ras\u0131nda son derece \u00f6nemli bilimsel ke\u015fifler ortaya \u00e7\u0131kacakt\u0131r. Darwin, yapt\u0131\u011f\u0131 g\u00f6zlemlerin sonucunda baz\u0131 t\u00fcrlerin de\u011fi\u015fimlere uyum g\u00f6stermesini ve hayatta kalmas\u0131n\u0131 sa\u011flayan bir do\u011fal se\u00e7ilimin var oldu\u011funu anlar. B\u00f6ylece evrim teorisini kurar. Elinizdeki bu kitap, hayat\u0131n\u0131n ilk g\u00fcnlerinden itibaren Darwin&#8217;in ser\u00fcvenini ve ara\u015ft\u0131rmalar\u0131n\u0131 takip ederek bir bilim insan\u0131n\u0131n ilk ad\u0131mlar\u0131n\u0131, saha g\u00f6zlemlerinden teori \u00fcretmeye nas\u0131l vard\u0131\u011f\u0131n\u0131 anlamam\u0131z\u0131 sa\u011fl\u0131yor. Gemide tutulan bilimsel notlardan olu\u015fmu\u015f bu belgesel eser, Darwin gibi g\u00f6rd\u00fc\u011f\u00fc her \u015feyi sorgulayarak \u00f6\u011frenmeye \u00e7al\u0131\u015fan, merak eden, ara\u015ft\u0131ran t\u00fcm \u00e7ocuklar ve bilim d\u00fcnyas\u0131na ilgi duyan her ya\u015ftan okur i\u00e7in kusursuz bir rehber niteli\u011finde.\u00d6\u011fretmen-ara\u015ft\u0131rmac\u0131, sistematik bilimci ve ulusal do\u011fal tarih m\u00fczesi profes\u00f6r\u00fc Guillaume Lacointre&#8217;\u0131n \u00f6ns\u00f6z\u00fcyle birlikte<\/p>\n","protected":false},"excerpt":{"rendered":"<p>Yirmi iki ya\u015f\u0131ndaki gen\u00e7 \u0130ngiliz do\u011fabilimcisi ve yerbilimci Charles Darwin, bir gemiyle g\u00fcney yar\u0131mk\u00fcreye yolculuk eder. Bu b\u00f6lgede ya\u015fayan canl\u0131lar inan\u0131lmaz bir \u00e7e\u015fitlilik sergilemektedir. Bu ilham<span class=\"excerpt-hellip\"> [\u2026]<\/span><\/p>\n","protected":false},"featured_media":0,"template":"","meta":{"_monsterinsights_skip_tracking":false,"_monsterinsights_sitenote_active":false,"_monsterinsights_sitenote_note":"","_monsterinsights_sitenote_category":0},"product_brand":[],"product_cat":[12274],"product_tag":[],"class_list":{"0":"post-725456","1":"product","2":"type-product","3":"status-publish","5":"product_cat-cocuk-ve-genclik-kitaplari","6":"pa_cilt-ciltsiz","7":"pa_tur-kitap","8":"pa_yayinevi-bilgi-yayinevi","9":"pa_yazar-annabelle-kremer","11":"first","12":"instock","13":"sale","14":"shipping-taxable","15":"purchasable","16":"product-type-simple"},"_links":{"self":[{"href":"https:\/\/roveyayinevi.com.tr\/index.php\/wp-json\/wp\/v2\/product\/725456","targetHints":{"allow":["GET"]}}],"collection":[{"href":"https:\/\/roveyayinevi.com.tr\/index.php\/wp-json\/wp\/v2\/product"}],"about":[{"href":"https:\/\/roveyayinevi.com.tr\/index.php\/wp-json\/wp\/v2\/types\/product"}],"wp:attachment":[{"href":"https:\/\/roveyayinevi.com.tr\/index.php\/wp-json\/wp\/v2\/media?parent=725456"}],"wp:term":[{"taxonomy":"product_brand","embeddable":true,"href":"https:\/\/roveyayinevi.com.tr\/index.php\/wp-json\/wp\/v2\/product_brand?post=725456"},{"taxonomy":"product_cat","embeddable":true,"href":"https:\/\/roveyayinevi.com.tr\/index.php\/wp-json\/wp\/v2\/product_cat?post=725456"},{"taxonomy":"product_tag","embeddable":true,"href":"https:\/\/roveyayinevi.com.tr\/index.php\/wp-json\/wp\/v2\/product_tag?post=725456"}],"curies":[{"name":"wp","href":"https:\/\/api.w.org\/{rel}","templated":true}]}}