{"id":725454,"date":"2025-08-27T19:50:48","date_gmt":"2025-08-27T16:50:48","guid":{"rendered":"https:\/\/roveyayinevi.com.tr\/index.php\/urun\/akilli-virus-savascisi-cocuklar-icin-yardimlasma-kilavuzu\/"},"modified":"2026-04-16T02:33:29","modified_gmt":"2026-04-15T23:33:29","slug":"akilli-virus-savascisi-cocuklar-icin-yardimlasma-kilavuzu","status":"publish","type":"product","link":"https:\/\/roveyayinevi.com.tr\/index.php\/urun\/akilli-virus-savascisi-cocuklar-icin-yardimlasma-kilavuzu\/","title":{"rendered":"Ak\u0131ll\u0131 Vir\u00fcs Sava\u015f\u00e7\u0131s\u0131 ! &#8211; \u00c7ocuklar \u0130\u00e7in Yard\u0131mla\u015fma K\u0131lavuzu"},"content":{"rendered":"<p>Karantinada bir Vir\u00fcs Sava\u015f\u00e7\u0131s\u0131\u2019n\u0131n g\u00fcn\u00fcn\u00fc daha iyi ge\u00e7irmek i\u00e7in nas\u0131l yararl\u0131 olaca\u011f\u0131n\u0131 \u00f6\u011fren! Mutlulu\u011fu yayman\u0131n ve kom\u015fular\u0131 \u015fenlendirmenin p\u00fcf noktalar\u0131n\u0131 \u00f6\u011fren. Normal kalmak i\u00e7in kendini stres yaratmayan \u015feylerle me\u015fgul etmenin p\u00fcf noktalar\u0131n\u0131 \u00f6\u011fren. Anlay\u0131\u015fl\u0131 olman\u0131n, ailenle ili\u015fkilerine ve sana ne kadar iyi geldi\u011fini \u00f6\u011fren.<\/p>\n","protected":false},"excerpt":{"rendered":"<p>Karantinada bir Vir\u00fcs Sava\u015f\u00e7\u0131s\u0131\u2019n\u0131n g\u00fcn\u00fcn\u00fc daha iyi ge\u00e7irmek i\u00e7in nas\u0131l yararl\u0131 olaca\u011f\u0131n\u0131 \u00f6\u011fren! Mutlulu\u011fu yayman\u0131n ve kom\u015fular\u0131 \u015fenlendirmenin p\u00fcf noktalar\u0131n\u0131 \u00f6\u011fren. Normal kalmak i\u00e7in kendini stres<span class=\"excerpt-hellip\"> [\u2026]<\/span><\/p>\n","protected":false},"featured_media":0,"template":"","meta":{"_monsterinsights_skip_tracking":false,"_monsterinsights_sitenote_active":false,"_monsterinsights_sitenote_note":"","_monsterinsights_sitenote_category":0},"product_brand":[],"product_cat":[12274,12284],"product_tag":[],"class_list":{"0":"post-725454","1":"product","2":"type-product","3":"status-publish","5":"product_cat-cocuk-ve-genclik-kitaplari","6":"product_cat-hikayeler","7":"pa_cilt-ciltsiz","8":"pa_tur-kitap","9":"pa_yayinevi-is-bankasi-kultur-yayinlari","10":"pa_yazar-eloise-macgregor","12":"first","13":"instock","14":"sale","15":"shipping-taxable","16":"purchasable","17":"product-type-simple"},"_links":{"self":[{"href":"https:\/\/roveyayinevi.com.tr\/index.php\/wp-json\/wp\/v2\/product\/725454","targetHints":{"allow":["GET"]}}],"collection":[{"href":"https:\/\/roveyayinevi.com.tr\/index.php\/wp-json\/wp\/v2\/product"}],"about":[{"href":"https:\/\/roveyayinevi.com.tr\/index.php\/wp-json\/wp\/v2\/types\/product"}],"wp:attachment":[{"href":"https:\/\/roveyayinevi.com.tr\/index.php\/wp-json\/wp\/v2\/media?parent=725454"}],"wp:term":[{"taxonomy":"product_brand","embeddable":true,"href":"https:\/\/roveyayinevi.com.tr\/index.php\/wp-json\/wp\/v2\/product_brand?post=725454"},{"taxonomy":"product_cat","embeddable":true,"href":"https:\/\/roveyayinevi.com.tr\/index.php\/wp-json\/wp\/v2\/product_cat?post=725454"},{"taxonomy":"product_tag","embeddable":true,"href":"https:\/\/roveyayinevi.com.tr\/index.php\/wp-json\/wp\/v2\/product_tag?post=725454"}],"curies":[{"name":"wp","href":"https:\/\/api.w.org\/{rel}","templated":true}]}}