{"id":725453,"date":"2025-08-27T19:50:47","date_gmt":"2025-08-27T16:50:47","guid":{"rendered":"https:\/\/roveyayinevi.com.tr\/index.php\/urun\/akilli-virus-savascisi-cocuklar-icin-zaman-gecirme-kilavuzu\/"},"modified":"2026-04-16T02:33:29","modified_gmt":"2026-04-15T23:33:29","slug":"akilli-virus-savascisi-cocuklar-icin-zaman-gecirme-kilavuzu","status":"publish","type":"product","link":"https:\/\/roveyayinevi.com.tr\/index.php\/urun\/akilli-virus-savascisi-cocuklar-icin-zaman-gecirme-kilavuzu\/","title":{"rendered":"Ak\u0131ll\u0131 Vir\u00fcs Sava\u015f\u00e7\u0131s\u0131 ! &#8211; \u00c7ocuklar \u0130\u00e7in Zaman Ge\u00e7irme K\u0131lavuzu"},"content":{"rendered":"<p>Ak\u0131ll\u0131 bir Vir\u00fcs Sava\u015f\u00e7\u0131s\u0131\u2019n\u0131n kendisini nas\u0131l oyalayaca\u011f\u0131n\u0131 \u00f6\u011fren! Senin gibi anlay\u0131\u015fl\u0131 Vir\u00fcs Sava\u015f\u00e7\u0131lar\u0131n\u0131n oynayabilece\u011fi sessiz oyunlar bul. Kendi yiyece\u011fini yeti\u015ftirmeye, ev i\u015flerine yard\u0131m etmeye ve sanatsal \u015feyler yapmaya \u00e7al\u0131\u015f. Aile bireyleri i\u00e7in evde spor g\u00fcn\u00fc d\u00fczenle ve d\u0131\u015far\u0131da g\u00fcvenli bir \u015fekilde nas\u0131l e\u011flenebilece\u011fini ke\u015ffet.<\/p>\n","protected":false},"excerpt":{"rendered":"<p>Ak\u0131ll\u0131 bir Vir\u00fcs Sava\u015f\u00e7\u0131s\u0131\u2019n\u0131n kendisini nas\u0131l oyalayaca\u011f\u0131n\u0131 \u00f6\u011fren! Senin gibi anlay\u0131\u015fl\u0131 Vir\u00fcs Sava\u015f\u00e7\u0131lar\u0131n\u0131n oynayabilece\u011fi sessiz oyunlar bul. Kendi yiyece\u011fini yeti\u015ftirmeye, ev i\u015flerine yard\u0131m etmeye ve sanatsal<span class=\"excerpt-hellip\"> [\u2026]<\/span><\/p>\n","protected":false},"featured_media":0,"template":"","meta":{"_monsterinsights_skip_tracking":false,"_monsterinsights_sitenote_active":false,"_monsterinsights_sitenote_note":"","_monsterinsights_sitenote_category":0},"product_brand":[],"product_cat":[12274,12284],"product_tag":[],"class_list":{"0":"post-725453","1":"product","2":"type-product","3":"status-publish","5":"product_cat-cocuk-ve-genclik-kitaplari","6":"product_cat-hikayeler","7":"pa_cilt-ciltsiz","8":"pa_tur-kitap","9":"pa_yayinevi-is-bankasi-kultur-yayinlari","10":"pa_yazar-eloise-macgregor","12":"first","13":"instock","14":"sale","15":"shipping-taxable","16":"purchasable","17":"product-type-simple"},"_links":{"self":[{"href":"https:\/\/roveyayinevi.com.tr\/index.php\/wp-json\/wp\/v2\/product\/725453","targetHints":{"allow":["GET"]}}],"collection":[{"href":"https:\/\/roveyayinevi.com.tr\/index.php\/wp-json\/wp\/v2\/product"}],"about":[{"href":"https:\/\/roveyayinevi.com.tr\/index.php\/wp-json\/wp\/v2\/types\/product"}],"wp:attachment":[{"href":"https:\/\/roveyayinevi.com.tr\/index.php\/wp-json\/wp\/v2\/media?parent=725453"}],"wp:term":[{"taxonomy":"product_brand","embeddable":true,"href":"https:\/\/roveyayinevi.com.tr\/index.php\/wp-json\/wp\/v2\/product_brand?post=725453"},{"taxonomy":"product_cat","embeddable":true,"href":"https:\/\/roveyayinevi.com.tr\/index.php\/wp-json\/wp\/v2\/product_cat?post=725453"},{"taxonomy":"product_tag","embeddable":true,"href":"https:\/\/roveyayinevi.com.tr\/index.php\/wp-json\/wp\/v2\/product_tag?post=725453"}],"curies":[{"name":"wp","href":"https:\/\/api.w.org\/{rel}","templated":true}]}}