{"id":725451,"date":"2025-08-27T19:50:45","date_gmt":"2025-08-27T16:50:45","guid":{"rendered":"https:\/\/roveyayinevi.com.tr\/index.php\/urun\/elif-korona-zamanlarinda-cesaret-veriyor-ilk-okuma-kitabim\/"},"modified":"2026-04-16T02:33:29","modified_gmt":"2026-04-15T23:33:29","slug":"elif-korona-zamanlarinda-cesaret-veriyor-ilk-okuma-kitabim","status":"publish","type":"product","link":"https:\/\/roveyayinevi.com.tr\/index.php\/urun\/elif-korona-zamanlarinda-cesaret-veriyor-ilk-okuma-kitabim\/","title":{"rendered":"Elif Korona Zamanlar\u0131nda Cesaret Veriyor &#8211; \u0130lk Okuma Kitab\u0131m"},"content":{"rendered":"<p>Elif de bu d\u00f6nemde d\u00fcnyadaki \u00e7ocuklar gibi anaokuluna gidemiyor, arkada\u015flar\u0131yla parkta oynayam\u0131yor. Annesi ve babas\u0131 t\u00fcm bunlara ko*rona isimli bir vir\u00fcs\u00fcn neden oldu\u011funu anlatt\u0131. S\u00f6z konusu vir\u00fcs belli bir s\u00fcre hayat\u0131m\u0131z\u0131 etkilemeye devam edecek. Vir\u00fcs\u00fcn ve sebep oldu\u011fu hastal\u0131\u011f\u0131n hayat\u0131m\u0131z\u0131 neden bu kadar etkiledi\u011fini \u00e7ocuklara uygun bir dille anlatabiliriz. Hastal\u0131\u011fa yakalanmamak i\u00e7in hangi \u00f6nlemleri almam\u0131z gerekti\u011fini anlatan \u00f6yk\u00fc, \u00e7ocuklar\u0131n sorular\u0131n\u0131 da yan\u0131tlayacakt\u0131r: Vir\u00fcs nedir ve vir\u00fcs\u00fc neden g\u00f6remiyorum? Akrabalar\u0131mla ve arkada\u015flar\u0131mla arama neden sosyal mesafe koymal\u0131y\u0131m? D\u00fczenli olarak el y\u0131kamak neden bu kadar \u00f6nemli? Karantina ne anlama geliyor? Evde can\u0131m s\u0131k\u0131l\u0131rsa neler yapabilirim?<\/p>\n","protected":false},"excerpt":{"rendered":"<p>Elif de bu d\u00f6nemde d\u00fcnyadaki \u00e7ocuklar gibi anaokuluna gidemiyor, arkada\u015flar\u0131yla parkta oynayam\u0131yor. Annesi ve babas\u0131 t\u00fcm bunlara ko*rona isimli bir vir\u00fcs\u00fcn neden oldu\u011funu anlatt\u0131. S\u00f6z konusu<span class=\"excerpt-hellip\"> [\u2026]<\/span><\/p>\n","protected":false},"featured_media":0,"template":"","meta":{"_monsterinsights_skip_tracking":false,"_monsterinsights_sitenote_active":false,"_monsterinsights_sitenote_note":"","_monsterinsights_sitenote_category":0},"product_brand":[],"product_cat":[12274,12284],"product_tag":[],"class_list":{"0":"post-725451","1":"product","2":"type-product","3":"status-publish","5":"product_cat-cocuk-ve-genclik-kitaplari","6":"product_cat-hikayeler","7":"pa_cilt-ciltsiz","8":"pa_tur-kitap","9":"pa_yayinevi-is-bankasi-kultur-yayinlari","10":"pa_yazar-liane-schneider","12":"first","13":"instock","14":"sale","15":"shipping-taxable","16":"purchasable","17":"product-type-simple"},"_links":{"self":[{"href":"https:\/\/roveyayinevi.com.tr\/index.php\/wp-json\/wp\/v2\/product\/725451","targetHints":{"allow":["GET"]}}],"collection":[{"href":"https:\/\/roveyayinevi.com.tr\/index.php\/wp-json\/wp\/v2\/product"}],"about":[{"href":"https:\/\/roveyayinevi.com.tr\/index.php\/wp-json\/wp\/v2\/types\/product"}],"wp:attachment":[{"href":"https:\/\/roveyayinevi.com.tr\/index.php\/wp-json\/wp\/v2\/media?parent=725451"}],"wp:term":[{"taxonomy":"product_brand","embeddable":true,"href":"https:\/\/roveyayinevi.com.tr\/index.php\/wp-json\/wp\/v2\/product_brand?post=725451"},{"taxonomy":"product_cat","embeddable":true,"href":"https:\/\/roveyayinevi.com.tr\/index.php\/wp-json\/wp\/v2\/product_cat?post=725451"},{"taxonomy":"product_tag","embeddable":true,"href":"https:\/\/roveyayinevi.com.tr\/index.php\/wp-json\/wp\/v2\/product_tag?post=725451"}],"curies":[{"name":"wp","href":"https:\/\/api.w.org\/{rel}","templated":true}]}}