{"id":725450,"date":"2025-08-27T19:50:44","date_gmt":"2025-08-27T16:50:44","guid":{"rendered":"https:\/\/roveyayinevi.com.tr\/index.php\/urun\/bizim-sokagin-hikayesi\/"},"modified":"2026-04-03T02:40:54","modified_gmt":"2026-04-02T23:40:54","slug":"bizim-sokagin-hikayesi","status":"publish","type":"product","link":"https:\/\/roveyayinevi.com.tr\/index.php\/urun\/bizim-sokagin-hikayesi\/","title":{"rendered":"Bizim Soka\u011f\u0131n Hikayesi"},"content":{"rendered":"<p>P\u0131nar ve arkada\u015flar\u0131, yaz tatilindeydi. Adana\u2019n\u0131n o me\u015fhur yaz s\u0131caklar\u0131nda, oyun oynay\u0131p sohbet etseler de \u00e7ok s\u0131k\u0131lmaya ba\u015flam\u0131\u015flard\u0131. Bir g\u00fcn, ya\u015famlar\u0131n\u0131 de\u011fi\u015ftirecek, harika bir \u015fey oldu.\u00d6\u011fretmenleri, reng\u00e2renk, kitap dolu bir minib\u00fcsle \u00e7\u0131kageldi ve \u00e7ocuklar\u0131 kitaplar\u0131n muhte\u015fem d\u00fcnyas\u0131yla tan\u0131\u015ft\u0131rd\u0131. O zamana dek kitap okuman\u0131n ne kadar e\u011flenceli oldu\u011funu bilmeyen \u00e7ocuklar, birbirinden keyifli g\u00fcnler ge\u00e7irdiler. Okuman\u0131n g\u00fczelli\u011fini, payla\u015fman\u0131n zevkini ke\u015ffettiler.Hadi, P\u0131nar ve arkada\u015flar\u0131na sen de kat\u0131l!<\/p>\n","protected":false},"excerpt":{"rendered":"<p>P\u0131nar ve arkada\u015flar\u0131, yaz tatilindeydi. Adana\u2019n\u0131n o me\u015fhur yaz s\u0131caklar\u0131nda, oyun oynay\u0131p sohbet etseler de \u00e7ok s\u0131k\u0131lmaya ba\u015flam\u0131\u015flard\u0131. Bir g\u00fcn, ya\u015famlar\u0131n\u0131 de\u011fi\u015ftirecek, harika bir \u015fey oldu.\u00d6\u011fretmenleri,<span class=\"excerpt-hellip\"> [\u2026]<\/span><\/p>\n","protected":false},"featured_media":0,"template":"","meta":{"_monsterinsights_skip_tracking":false,"_monsterinsights_sitenote_active":false,"_monsterinsights_sitenote_note":"","_monsterinsights_sitenote_category":0},"product_brand":[],"product_cat":[12274,12284],"product_tag":[],"class_list":{"0":"post-725450","1":"product","2":"type-product","3":"status-publish","5":"product_cat-cocuk-ve-genclik-kitaplari","6":"product_cat-hikayeler","7":"pa_cilt-ciltsiz","8":"pa_tur-kitap","9":"pa_yayinevi-is-bankasi-kultur-yayinlari","10":"pa_yazar-hira-ayse-ozsoy","12":"first","13":"instock","14":"sale","15":"shipping-taxable","16":"purchasable","17":"product-type-simple"},"_links":{"self":[{"href":"https:\/\/roveyayinevi.com.tr\/index.php\/wp-json\/wp\/v2\/product\/725450","targetHints":{"allow":["GET"]}}],"collection":[{"href":"https:\/\/roveyayinevi.com.tr\/index.php\/wp-json\/wp\/v2\/product"}],"about":[{"href":"https:\/\/roveyayinevi.com.tr\/index.php\/wp-json\/wp\/v2\/types\/product"}],"wp:attachment":[{"href":"https:\/\/roveyayinevi.com.tr\/index.php\/wp-json\/wp\/v2\/media?parent=725450"}],"wp:term":[{"taxonomy":"product_brand","embeddable":true,"href":"https:\/\/roveyayinevi.com.tr\/index.php\/wp-json\/wp\/v2\/product_brand?post=725450"},{"taxonomy":"product_cat","embeddable":true,"href":"https:\/\/roveyayinevi.com.tr\/index.php\/wp-json\/wp\/v2\/product_cat?post=725450"},{"taxonomy":"product_tag","embeddable":true,"href":"https:\/\/roveyayinevi.com.tr\/index.php\/wp-json\/wp\/v2\/product_tag?post=725450"}],"curies":[{"name":"wp","href":"https:\/\/api.w.org\/{rel}","templated":true}]}}