{"id":725449,"date":"2025-08-27T19:50:44","date_gmt":"2025-08-27T16:50:44","guid":{"rendered":"https:\/\/roveyayinevi.com.tr\/index.php\/urun\/ingilterenin-kisa-tarihi\/"},"modified":"2026-02-03T02:47:39","modified_gmt":"2026-02-02T23:47:39","slug":"ingilterenin-kisa-tarihi","status":"publish","type":"product","link":"https:\/\/roveyayinevi.com.tr\/index.php\/urun\/ingilterenin-kisa-tarihi\/","title":{"rendered":"\u0130ngiltere\u2019nin K\u0131sa Tarihi"},"content":{"rendered":"<p>\u0130ngilizlerin isimlerinin nereden geldi\u011finden Viking istilas\u0131na, tarihin ilk anayasas\u0131 olarak kabul edilen Magna Carta\u2019dan Y\u00fcz Y\u0131l Sava\u015flar\u0131\u2019na, Yorklar ve Lancasterlar aras\u0131ndaki G\u00fcller Sava\u015f\u0131neticesinde h\u00e2kimiyet kazanan Tudorlardan Winston Churchill\u2019e, \u0130\u00e7 Sava\u015f\u2019tan Britanya \u0130mparatorlu\u011fu\u2019nun \u201cd\u00fcnya h\u00e2kimiyetini\u201d eski kolonisi Amerika\u2019ya kaybedi\u015fine dek \u00fclkenin politik, k\u00fclt\u00fcrel, sosyal ve iktisadi d\u00f6n\u00fc\u015f\u00fcm\u00fcn\u00fc b\u00fcy\u00fck bir titizlikle ortaya koyan \u0130ngiltere\u2019nin K\u0131sa Tarihi, bu ilgi \u00e7ekici hik\u00e2yeyi en geni\u015f a\u00e7\u0131dan anlatma iddias\u0131n\u0131 ba\u015far\u0131l\u0131 bir \u015fekilde yerine getiriyor.Simon Jenkins, Saksonlardan g\u00fcn\u00fcm\u00fcze \u0130ngiltere tarihini b\u00fcy\u00fck tabloya yerle\u015ftiriyor. Geni\u015f bir zaman aral\u0131\u011f\u0131nda, incelikli bir \u00fcslupla, t\u00fcm \u00f6nemli karakterleri ve olaylar\u0131 ayr\u0131nt\u0131lar\u0131yla naklediyor. \u0130ngilizleri, Britonlar ve Britanyal\u0131lardan ayr\u0131 bir yere koyarak sadece \u0130ngiltere\u2019ye odaklan\u0131yor ve tarihin belki de en \u015fatafatl\u0131 ge\u00e7mi\u015fine sahip bu ulusun k\u00f6kenlerine iniyor. \u201cBir ulus siyasal bir varl\u0131kt\u0131r ve onun do\u011fumu ve geli\u015fmesi, monarklar, askerler, siyaset\u00e7iler, sokaktaki kalabal\u0131klar ya da daha yak\u0131n zamanlardaki se\u00e7men kitlesi gibi onun i\u00e7inde g\u00fc\u00e7kullananlar\u0131n anlat\u0131s\u0131d\u0131r. Ben tarihi d\u00fcz bir kronolojiden daha fazla bir \u015fey, sebep ve sonu\u00e7lar zincirindeki halkalar olarak g\u00f6r\u00fcyorum. Bug\u00fcn \u0130ngiltere\u2019nin bulundu\u011fu yere nas\u0131l geldi\u011finin s\u0131rr\u0131n\u0131 saklayan bu zincirdir.\u201dSIMON JENKIN<\/p>\n","protected":false},"excerpt":{"rendered":"<p>\u0130ngilizlerin isimlerinin nereden geldi\u011finden Viking istilas\u0131na, tarihin ilk anayasas\u0131 olarak kabul edilen Magna Carta\u2019dan Y\u00fcz Y\u0131l Sava\u015flar\u0131\u2019na, Yorklar ve Lancasterlar aras\u0131ndaki G\u00fcller Sava\u015f\u0131neticesinde h\u00e2kimiyet kazanan Tudorlardan<span class=\"excerpt-hellip\"> [\u2026]<\/span><\/p>\n","protected":false},"featured_media":0,"template":"","meta":{"_monsterinsights_skip_tracking":false,"_monsterinsights_sitenote_active":false,"_monsterinsights_sitenote_note":"","_monsterinsights_sitenote_category":0},"product_brand":[],"product_cat":[12312,12304],"product_tag":[],"class_list":{"0":"post-725449","1":"product","2":"type-product","3":"status-publish","5":"product_cat-diger","6":"product_cat-tarih","7":"pa_cilt-ciltsiz","8":"pa_tur-kitap","9":"pa_yayinevi-iletisim-yayinlari","10":"pa_yazar-simon-jenkins","12":"first","13":"instock","14":"sale","15":"shipping-taxable","16":"purchasable","17":"product-type-simple"},"_links":{"self":[{"href":"https:\/\/roveyayinevi.com.tr\/index.php\/wp-json\/wp\/v2\/product\/725449","targetHints":{"allow":["GET"]}}],"collection":[{"href":"https:\/\/roveyayinevi.com.tr\/index.php\/wp-json\/wp\/v2\/product"}],"about":[{"href":"https:\/\/roveyayinevi.com.tr\/index.php\/wp-json\/wp\/v2\/types\/product"}],"wp:attachment":[{"href":"https:\/\/roveyayinevi.com.tr\/index.php\/wp-json\/wp\/v2\/media?parent=725449"}],"wp:term":[{"taxonomy":"product_brand","embeddable":true,"href":"https:\/\/roveyayinevi.com.tr\/index.php\/wp-json\/wp\/v2\/product_brand?post=725449"},{"taxonomy":"product_cat","embeddable":true,"href":"https:\/\/roveyayinevi.com.tr\/index.php\/wp-json\/wp\/v2\/product_cat?post=725449"},{"taxonomy":"product_tag","embeddable":true,"href":"https:\/\/roveyayinevi.com.tr\/index.php\/wp-json\/wp\/v2\/product_tag?post=725449"}],"curies":[{"name":"wp","href":"https:\/\/api.w.org\/{rel}","templated":true}]}}