{"id":725447,"date":"2025-08-27T19:50:42","date_gmt":"2025-08-27T16:50:42","guid":{"rendered":"https:\/\/roveyayinevi.com.tr\/index.php\/urun\/turkiyede-kurtaj-akp-ve-biyopolitika\/"},"modified":"2026-04-16T02:33:29","modified_gmt":"2026-04-15T23:33:29","slug":"turkiyede-kurtaj-akp-ve-biyopolitika","status":"publish","type":"product","link":"https:\/\/roveyayinevi.com.tr\/index.php\/urun\/turkiyede-kurtaj-akp-ve-biyopolitika\/","title":{"rendered":"T\u00fcrkiye\u2019de K\u00fcrtaj Akp Ve Biyopolitika"},"content":{"rendered":"<p>\u201cBu kitap, T\u00fcrkiye\u2019de k\u00fcrtaj\u0131n biyopolitikas\u0131n\u0131n, AKP d\u00f6neminde derinle\u015fti\u011fini ve ya\u015fam\u0131n her alan\u0131na n\u00fcfuz etti\u011fini \u00f6ne s\u00fcrer ve bu ba\u011flamda kullan\u0131lan teknikler ve s\u00f6ylemlerin kendinden \u00f6nceki d\u00f6nemlerden ayr\u0131ld\u0131\u011f\u0131, neoliberal ve muhafazak\u00e2r politikalar\u0131n milliyet\u00e7i ve cinsiyet\u00e7i ataklarla y\u00fcr\u00fct\u00fcld\u00fc\u011f\u00fc iddias\u0131na dayan\u0131r.\u201dK\u00fcrtaj, kad\u0131nlar\u0131n kendi hayatlar\u0131na sahip \u00e7\u0131kma m\u00fccadelelerindeki zorlu konulardan biridir. Elinizdeki kitap, tarihsel bir perspektiften k\u00fcrtaj politikalar\u0131n\u0131 ele al\u0131yor. K\u00fcrtaj ve do\u011fum kontrol\u00fc ne zaman \u00f6zel alan\u0131n kuytular\u0131ndan \u00e7\u0131k\u0131p devlet politikalar\u0131n\u0131n konusuhaline geldi? Kad\u0131nlar\u0131n bedenleri \u00fczerindeki denetimlerinin kar\u015f\u0131s\u0131na \u201cfet\u00fcs\u00fcn ya\u015fam hakk\u0131\u201dn\u0131n \u00e7\u0131kar\u0131lmas\u0131n\u0131n anlam\u0131 neydi? 20. y\u00fczy\u0131ldaki n\u00fcfus politikalar\u0131 ile g\u00fcn\u00fcm\u00fcz\u00fcn biyopolitikas\u0131 aras\u0131nda ne t\u00fcrden s\u00fcreklilikler ve kopu\u015flar var? Feministler bu zorlu konuyu nas\u0131l tart\u0131\u015ft\u0131lar? Kad\u0131nlar\u0131n hayatlar\u0131na, bedenlerine, \u00f6zg\u00fcrl\u00fcklerine ve cinsiyet e\u015fitli\u011fi \ufb01krinin her t\u00fcrl\u00fc tezah\u00fcr\u00fcne kar\u015f\u0131 sald\u0131r\u0131lar\u0131nh\u0131z kazand\u0131\u011f\u0131 bir d\u00f6nemde, k\u00fcrtaj\u0131n feminist tart\u0131\u015fmas\u0131na dair bu kapsaml\u0131 \u00e7al\u0131\u015fma, zihin ve ufuk a\u00e7\u0131c\u0131.<\/p>\n","protected":false},"excerpt":{"rendered":"<p>\u201cBu kitap, T\u00fcrkiye\u2019de k\u00fcrtaj\u0131n biyopolitikas\u0131n\u0131n, AKP d\u00f6neminde derinle\u015fti\u011fini ve ya\u015fam\u0131n her alan\u0131na n\u00fcfuz etti\u011fini \u00f6ne s\u00fcrer ve bu ba\u011flamda kullan\u0131lan teknikler ve s\u00f6ylemlerin kendinden \u00f6nceki d\u00f6nemlerden<span class=\"excerpt-hellip\"> [\u2026]<\/span><\/p>\n","protected":false},"featured_media":0,"template":"","meta":{"_monsterinsights_skip_tracking":false,"_monsterinsights_sitenote_active":false,"_monsterinsights_sitenote_note":"","_monsterinsights_sitenote_category":0},"product_brand":[],"product_cat":[14741,13488],"product_tag":[],"class_list":{"0":"post-725447","1":"product","2":"type-product","3":"status-publish","5":"product_cat-kadin-sorunlari-feminizm","6":"product_cat-toplum-ve-insan","7":"pa_cilt-ciltsiz","8":"pa_tur-kitap","9":"pa_yayinevi-iletisim-yayinlari","10":"pa_yazar-sedef-erkmen","12":"first","13":"instock","14":"sale","15":"shipping-taxable","16":"purchasable","17":"product-type-simple"},"_links":{"self":[{"href":"https:\/\/roveyayinevi.com.tr\/index.php\/wp-json\/wp\/v2\/product\/725447","targetHints":{"allow":["GET"]}}],"collection":[{"href":"https:\/\/roveyayinevi.com.tr\/index.php\/wp-json\/wp\/v2\/product"}],"about":[{"href":"https:\/\/roveyayinevi.com.tr\/index.php\/wp-json\/wp\/v2\/types\/product"}],"wp:attachment":[{"href":"https:\/\/roveyayinevi.com.tr\/index.php\/wp-json\/wp\/v2\/media?parent=725447"}],"wp:term":[{"taxonomy":"product_brand","embeddable":true,"href":"https:\/\/roveyayinevi.com.tr\/index.php\/wp-json\/wp\/v2\/product_brand?post=725447"},{"taxonomy":"product_cat","embeddable":true,"href":"https:\/\/roveyayinevi.com.tr\/index.php\/wp-json\/wp\/v2\/product_cat?post=725447"},{"taxonomy":"product_tag","embeddable":true,"href":"https:\/\/roveyayinevi.com.tr\/index.php\/wp-json\/wp\/v2\/product_tag?post=725447"}],"curies":[{"name":"wp","href":"https:\/\/api.w.org\/{rel}","templated":true}]}}