{"id":725441,"date":"2025-08-27T19:50:37","date_gmt":"2025-08-27T16:50:37","guid":{"rendered":"https:\/\/roveyayinevi.com.tr\/index.php\/urun\/siyasette-burokraside-cezaevinde-alaattin-cakici\/"},"modified":"2026-04-16T02:33:29","modified_gmt":"2026-04-15T23:33:29","slug":"siyasette-burokraside-cezaevinde-alaattin-cakici","status":"publish","type":"product","link":"https:\/\/roveyayinevi.com.tr\/index.php\/urun\/siyasette-burokraside-cezaevinde-alaattin-cakici\/","title":{"rendered":"Siyasette B\u00fcrokraside Cezaevinde Alaattin \u00c7ak\u0131c\u0131"},"content":{"rendered":"<p>Racon kesen, adalet da\u011f\u0131tan, hara\u00e7 alan organizasyonlar nas\u0131l olu\u015ftu?Emniyet, \u00c7ak\u0131c\u0131\u2019y\u0131 yakalayabilmek i\u00e7in neden \u00f6rt\u00fcl\u00fc \u00f6denek sistemine ge\u00e7ti?Mahkeme ba\u015fkan\u0131n\u0131n, \u201cM\u0130T mensubu musunuz?\u201d sorusuna \u00c7ak\u0131c\u0131 ne dedi?Malki cinayetinin perde arkas\u0131nda neler ya\u015fand\u0131? Cinayet Hizbullah\u2019a nas\u0131l uzand\u0131?\u00c7ak\u0131c\u0131, hangi bakanlarla, kamu g\u00f6revlileriyle telefonla konu\u015fuyordu?\u201cBeni yok etmeyi kafas\u0131na koymu\u015ftu\u201d dedi\u011fi ki\u015fi kimdi?Ergenekon duru\u015fmalar\u0131nda neden alk\u0131\u015flar aras\u0131nda salondan \u00e7\u0131kt\u0131?Alaattin \u00c7ak\u0131c\u0131, nefes kesen operasyonlarla yurtd\u0131\u015f\u0131nda yakaland\u0131. Ona her gitti\u011fi yerde d\u00f6rt be\u015f koruma e\u015flik ediyor, hatta yakalanmamas\u0131 i\u00e7in \u00f6zel u\u00e7ak bile tahsis ediliyordu. T\u00fcrkiye\u2019den her t\u00fcrl\u00fc bilgiyi al\u0131yordu. Bazen bilgi aktaran, \u201cOradan ayr\u0131ls\u0131n\u201d diyenler aras\u0131nda siyaset\u00e7iler bile vard\u0131. Gitmedi\u011fi \u00fclke kalmad\u0131. Kendi anlat\u0131m\u0131na g\u00f6re d\u00fcnya etraf\u0131nda d\u00f6rt tur att\u0131. O ka\u00e7t\u0131, g\u00fcvenlik g\u00fc\u00e7leri kovalad\u0131. Cezaevi hayat\u0131 tam 23 y\u0131l s\u00fcrd\u00fc. Bunun 16 y\u0131l\u0131 aral\u0131ks\u0131z cezaevinde ge\u00e7ti.Ara\u015ft\u0131rmac\u0131 gazeteci-yazar Sayg\u0131 \u00d6zt\u00fcrk, mahkeme dosyalar\u0131nda yer alan telefon konu\u015fmalar\u0131n\u0131, ifadeleri, Meclis tutanaklar\u0131n\u0131 inceledi; bu kitap i\u00e7in konu\u015fan ki\u015filerin anlat\u0131mlar\u0131yla bir araya getirip siyasetteki, b\u00fcrokrasideki, cezaevindeki Alaattin \u00c7ak\u0131c\u0131\u2019n\u0131n portresini \u00e7izdi\u2026<\/p>\n","protected":false},"excerpt":{"rendered":"<p>Racon kesen, adalet da\u011f\u0131tan, hara\u00e7 alan organizasyonlar nas\u0131l olu\u015ftu?Emniyet, \u00c7ak\u0131c\u0131\u2019y\u0131 yakalayabilmek i\u00e7in neden \u00f6rt\u00fcl\u00fc \u00f6denek sistemine ge\u00e7ti?Mahkeme ba\u015fkan\u0131n\u0131n, \u201cM\u0130T mensubu musunuz?\u201d sorusuna \u00c7ak\u0131c\u0131 ne dedi?Malki cinayetinin<span class=\"excerpt-hellip\"> [\u2026]<\/span><\/p>\n","protected":false},"featured_media":0,"template":"","meta":{"_monsterinsights_skip_tracking":false,"_monsterinsights_sitenote_active":false,"_monsterinsights_sitenote_note":"","_monsterinsights_sitenote_category":0},"product_brand":[],"product_cat":[13590,12337],"product_tag":[],"class_list":{"0":"post-725441","1":"product","2":"type-product","3":"status-publish","5":"product_cat-arastirma-inceleme-politika-siyaset","6":"product_cat-politika-siyaset","7":"pa_cilt-ciltsiz","8":"pa_tur-kitap","9":"pa_yayinevi-dogan-kitap","10":"pa_yazar-saygi-ozturk","12":"first","13":"instock","14":"sale","15":"shipping-taxable","16":"purchasable","17":"product-type-simple"},"_links":{"self":[{"href":"https:\/\/roveyayinevi.com.tr\/index.php\/wp-json\/wp\/v2\/product\/725441","targetHints":{"allow":["GET"]}}],"collection":[{"href":"https:\/\/roveyayinevi.com.tr\/index.php\/wp-json\/wp\/v2\/product"}],"about":[{"href":"https:\/\/roveyayinevi.com.tr\/index.php\/wp-json\/wp\/v2\/types\/product"}],"wp:attachment":[{"href":"https:\/\/roveyayinevi.com.tr\/index.php\/wp-json\/wp\/v2\/media?parent=725441"}],"wp:term":[{"taxonomy":"product_brand","embeddable":true,"href":"https:\/\/roveyayinevi.com.tr\/index.php\/wp-json\/wp\/v2\/product_brand?post=725441"},{"taxonomy":"product_cat","embeddable":true,"href":"https:\/\/roveyayinevi.com.tr\/index.php\/wp-json\/wp\/v2\/product_cat?post=725441"},{"taxonomy":"product_tag","embeddable":true,"href":"https:\/\/roveyayinevi.com.tr\/index.php\/wp-json\/wp\/v2\/product_tag?post=725441"}],"curies":[{"name":"wp","href":"https:\/\/api.w.org\/{rel}","templated":true}]}}