{"id":725439,"date":"2025-08-27T19:50:35","date_gmt":"2025-08-27T16:50:35","guid":{"rendered":"https:\/\/roveyayinevi.com.tr\/index.php\/urun\/yeminin-arkeolojisi-dilin-kutsal-ayini\/"},"modified":"2026-04-16T02:33:29","modified_gmt":"2026-04-15T23:33:29","slug":"yeminin-arkeolojisi-dilin-kutsal-ayini","status":"publish","type":"product","link":"https:\/\/roveyayinevi.com.tr\/index.php\/urun\/yeminin-arkeolojisi-dilin-kutsal-ayini\/","title":{"rendered":"Yeminin Arkeolojisi: Dilin Kutsal Ayini"},"content":{"rendered":"<p>&#8220;T\u0131pk\u0131 Foucault&#8217;nun s\u00f6zlerinde oldu\u011fu gibi insan, &#8216;ya\u015fayan varl\u0131k olarak, siyasetinde kendi varolu\u015funu, mesele eden hayvand\u0131r&#8217; ve bunun yan\u0131 s\u0131ra insan, dilinde kendi ya\u015fam\u0131n\u0131 mesele eden ya\u015fayan varl\u0131kt\u0131r. Asl\u0131nda bu iki tan\u0131m birbirinden ayr\u0131lamaz ve temel olarak birbirine dayal\u0131d\u0131r. Kendisini konu\u015fan olarak ke\u015ffeden ya\u015fayan varl\u0131\u011f\u0131n, onun arac\u0131l\u0131\u011f\u0131yla s\u00f6zleri i\u00e7in sorumlu olmaya karar verdi\u011fi ve kendisini logos&#8217;a adayarak&#8221; dile sahip ya\u015fayan varl\u0131k&#8221; olarak kurdu\u011fu, antropojenik operat\u00f6r olarak anla\u015f\u0131lan yemin, bu iki tan\u0131m\u0131n kesi\u015fme noktas\u0131nda konumlan\u0131r. Yeminin vuku bulabilmesi i\u00e7in asl\u0131nda, her \u015feyden \u00f6nce, ya\u015fam\u0131 ve dili, eylemleri ve s\u00f6zleri bir \u015fekilde ay\u0131rt edebilmek ve bir araya getirebilmek \u015fartt\u0131r. (&#8230;) \u0130lk vaat, tabiri caizse a\u015fk\u0131nsal, ilk sacratio, insan\u0131n dili eylemin kar\u015f\u0131s\u0131na koyarak, dilin i\u00e7inde kendisini riske atabildi\u011fi, kendisini logos&#8217;a vaat edebildi\u011fi bu b\u00f6l\u00fcnme arac\u0131l\u0131\u011f\u0131yla \u00fcretilir:&#8217; Bu kitap, Giorgio Agamben&#8217;in Kutsal \u0130nsan \u2014 Egemen \u0130ktidar ve \u00c7\u0131plak Hayat eseriyle ba\u015flayan serinin \u00f6nemli d\u00fc\u011f\u00fcm noktalar\u0131ndan birini olu\u015fturuyor. Paolo Prodi&#8217;den ilhamla ba\u015flad\u0131\u011f\u0131 soru\u015fturmas\u0131nda Agamben yemini, dil ile siyasal iktidar\u0131n ara kesitine yerle\u015ftirmekle biyopolitika, egemenlik, yasa, din ve dil aras\u0131ndaki \u00e7oklu ili\u015fkiye olduk\u00e7a \u00f6zg\u00fcn bir \u0131\u015f\u0131k tutuyor. Yeminin sadece dinsel olanla ili\u015fkili bir \u015fekilde ele al\u0131namayaca\u011f\u0131n\u0131 belirten Agamben, tam aksine yeminde s\u00f6z konusu olan dilsel deneyimden yasa ve dinin ne\u015fet etti\u011fini belirtiyor. Bu kitap okurunu, sadece Agamben&#8217;in \u00f6zg\u00fcn izle\u011fi ve metodolojisini takip etmeye de\u011fil ayn\u0131 zamanda egemenlik, yasa, dil ve din aras\u0131ndaki girift ili\u015fkiyi farkl\u0131 bir a\u00e7\u0131dan g\u00f6rmeye de davet ediyor.<\/p>\n","protected":false},"excerpt":{"rendered":"<p>&#8220;T\u0131pk\u0131 Foucault&#8217;nun s\u00f6zlerinde oldu\u011fu gibi insan, &#8216;ya\u015fayan varl\u0131k olarak, siyasetinde kendi varolu\u015funu, mesele eden hayvand\u0131r&#8217; ve bunun yan\u0131 s\u0131ra insan, dilinde kendi ya\u015fam\u0131n\u0131 mesele eden ya\u015fayan<span class=\"excerpt-hellip\"> [\u2026]<\/span><\/p>\n","protected":false},"featured_media":0,"template":"","meta":{"_monsterinsights_skip_tracking":false,"_monsterinsights_sitenote_active":false,"_monsterinsights_sitenote_note":"","_monsterinsights_sitenote_category":0},"product_brand":[],"product_cat":[12388,15536],"product_tag":[],"class_list":{"0":"post-725439","1":"product","2":"type-product","3":"status-publish","5":"product_cat-felsefe","6":"product_cat-siyaset-felsefesi","7":"pa_cilt-ciltsiz","8":"pa_tur-kitap","9":"pa_yayinevi-nika-yayinevi","10":"pa_yazar-giorgio-agamben","12":"first","13":"instock","14":"sale","15":"shipping-taxable","16":"purchasable","17":"product-type-simple"},"_links":{"self":[{"href":"https:\/\/roveyayinevi.com.tr\/index.php\/wp-json\/wp\/v2\/product\/725439","targetHints":{"allow":["GET"]}}],"collection":[{"href":"https:\/\/roveyayinevi.com.tr\/index.php\/wp-json\/wp\/v2\/product"}],"about":[{"href":"https:\/\/roveyayinevi.com.tr\/index.php\/wp-json\/wp\/v2\/types\/product"}],"wp:attachment":[{"href":"https:\/\/roveyayinevi.com.tr\/index.php\/wp-json\/wp\/v2\/media?parent=725439"}],"wp:term":[{"taxonomy":"product_brand","embeddable":true,"href":"https:\/\/roveyayinevi.com.tr\/index.php\/wp-json\/wp\/v2\/product_brand?post=725439"},{"taxonomy":"product_cat","embeddable":true,"href":"https:\/\/roveyayinevi.com.tr\/index.php\/wp-json\/wp\/v2\/product_cat?post=725439"},{"taxonomy":"product_tag","embeddable":true,"href":"https:\/\/roveyayinevi.com.tr\/index.php\/wp-json\/wp\/v2\/product_tag?post=725439"}],"curies":[{"name":"wp","href":"https:\/\/api.w.org\/{rel}","templated":true}]}}