{"id":725436,"date":"2025-08-27T19:50:33","date_gmt":"2025-08-27T16:50:33","guid":{"rendered":"https:\/\/roveyayinevi.com.tr\/index.php\/urun\/bir-kum-yoresi-almanagi-ve-oradan-buradan-eskizler\/"},"modified":"2026-04-16T02:33:28","modified_gmt":"2026-04-15T23:33:28","slug":"bir-kum-yoresi-almanagi-ve-oradan-buradan-eskizler","status":"publish","type":"product","link":"https:\/\/roveyayinevi.com.tr\/index.php\/urun\/bir-kum-yoresi-almanagi-ve-oradan-buradan-eskizler\/","title":{"rendered":"Bir Kum Y\u00f6resi Almana\u011fi Ve Oradan Buradan Eskizler"},"content":{"rendered":"<p>Topra\u011f\u0131 tahrip ediyoruz \u00e7\u00fcnk\u00fc onu bize ait bir m\u00fclk olarak g\u00f6r\u00fcyoruz. Topra\u011f\u0131 bizim de ait oldu\u011fumuz bir topluluk olarak g\u00f6rmeye ba\u015flad\u0131\u011f\u0131m\u0131zda onu sevgi ve sayg\u0131yla kullanmaya ba\u015flayabiliriz.\u201dD\u00fcnyada uzun bir ge\u00e7mi\u015fe sahip do\u011fa koruma hareketini derinden etkileyen sadece birka\u00e7 d\u00fc\u015f\u00fcn\u00fcr vard\u0131r. ABD\u2019de yaban\u0131l alanlar sisteminin ve yaban hayat\u0131 ekolojisinin \u00f6nc\u00fcs\u00fc Aldo Leopold da bu isimlerden biridir. \u0130ngiliz Guardian gazetesinin 2015 y\u0131l\u0131nda d\u00fcnyay\u0131 de\u011fi\u015ftiren on kitap aras\u0131na se\u00e7ti\u011fi do\u011fa koruma klasi\u011fi Bir Kum Y\u00f6resi Almana\u011f\u0131\u2019nda Leopold, ekoloji bilimini tarihle, felsefeyle, edebiyatla birle\u015ftirerek okuru \u201cBir Da\u011f Gibi D\u00fc\u015f\u00fcnmeye\u201d davet ediyor. Do\u011fayla ve canl\u0131larla kurdu\u011fu empatiyle, \u015fiirsel diliyle, n\u00fckteli s\u00f6zleriyle i\u00e7imize i\u015fleyerek, yediden yetmi\u015fe herkesi do\u011fa korumac\u0131 yap\u0131yor. Bizleri gelece\u011fimizin yeg\u00e2ne teminat\u0131 olan do\u011fan\u0131n zenginliklerini g\u00f6r\u00fcp \u201cya\u015fad\u0131\u011f\u0131m\u0131z topraklar\u0131 bozmadan var olmaya\u201d \u00e7a\u011f\u0131r\u0131yor. \u0130nsan\u0131n etik geli\u015fiminin son a\u015famas\u0131 topra\u011fa moral de\u011fer verebilmektir dedi\u011fi \u00fcnl\u00fc \u201cToprak Eti\u011fi\u201d yaz\u0131s\u0131yla mevcut de\u011ferler sistemini k\u00f6k\u00fcnden de\u011fi\u015ftiriyor. T\u00fcm d\u00fcnyada milyonlar\u0131n elinden d\u00fc\u015f\u00fcrmedi\u011fi Bir Kum Y\u00f6resi Almana\u011f\u0131, yery\u00fcz\u00fcn\u00fcn yaralar\u0131n\u0131 vakit ge\u00e7irmeden sarmaya ba\u015flamam\u0131z gereken 21. y\u00fczy\u0131lda \u00e7evre tarihi, koruma biyolojisi, restorasyon ekolojisi, ekolojik ekonomi gibi yeni a\u00e7\u0131l\u0131mlar\u0131yla e\u011fitimi, siyaseti, k\u00fclt\u00fcr\u00fc, toplumsal hayat\u0131 derinden etkilemeye devam ediyor&#8230; gelece\u011fin ekoloji \u00e7a\u011f\u0131na do\u011fru yeni ufuklar a\u00e7\u0131yor.<\/p>\n","protected":false},"excerpt":{"rendered":"<p>Topra\u011f\u0131 tahrip ediyoruz \u00e7\u00fcnk\u00fc onu bize ait bir m\u00fclk olarak g\u00f6r\u00fcyoruz. Topra\u011f\u0131 bizim de ait oldu\u011fumuz bir topluluk olarak g\u00f6rmeye ba\u015flad\u0131\u011f\u0131m\u0131zda onu sevgi ve sayg\u0131yla kullanmaya<span class=\"excerpt-hellip\"> [\u2026]<\/span><\/p>\n","protected":false},"featured_media":0,"template":"","meta":{"_monsterinsights_skip_tracking":false,"_monsterinsights_sitenote_active":false,"_monsterinsights_sitenote_note":"","_monsterinsights_sitenote_category":0},"product_brand":[],"product_cat":[13005,37328],"product_tag":[],"class_list":{"0":"post-725436","1":"product","2":"type-product","3":"status-publish","5":"product_cat-bilim-muhendislik","6":"product_cat-diger-bilim-muhendislik","7":"pa_cilt-ciltsiz","8":"pa_tur-kitap","9":"pa_yayinevi-is-bankasi-kultur-yayinlari","10":"pa_yazar-aldo-leopold","12":"first","13":"instock","14":"sale","15":"shipping-taxable","16":"purchasable","17":"product-type-simple"},"_links":{"self":[{"href":"https:\/\/roveyayinevi.com.tr\/index.php\/wp-json\/wp\/v2\/product\/725436","targetHints":{"allow":["GET"]}}],"collection":[{"href":"https:\/\/roveyayinevi.com.tr\/index.php\/wp-json\/wp\/v2\/product"}],"about":[{"href":"https:\/\/roveyayinevi.com.tr\/index.php\/wp-json\/wp\/v2\/types\/product"}],"wp:attachment":[{"href":"https:\/\/roveyayinevi.com.tr\/index.php\/wp-json\/wp\/v2\/media?parent=725436"}],"wp:term":[{"taxonomy":"product_brand","embeddable":true,"href":"https:\/\/roveyayinevi.com.tr\/index.php\/wp-json\/wp\/v2\/product_brand?post=725436"},{"taxonomy":"product_cat","embeddable":true,"href":"https:\/\/roveyayinevi.com.tr\/index.php\/wp-json\/wp\/v2\/product_cat?post=725436"},{"taxonomy":"product_tag","embeddable":true,"href":"https:\/\/roveyayinevi.com.tr\/index.php\/wp-json\/wp\/v2\/product_tag?post=725436"}],"curies":[{"name":"wp","href":"https:\/\/api.w.org\/{rel}","templated":true}]}}