{"id":725435,"date":"2025-08-27T19:50:32","date_gmt":"2025-08-27T16:50:32","guid":{"rendered":"https:\/\/roveyayinevi.com.tr\/index.php\/urun\/geometri-4\/"},"modified":"2026-04-16T02:33:28","modified_gmt":"2026-04-15T23:33:28","slug":"geometri-4","status":"publish","type":"product","link":"https:\/\/roveyayinevi.com.tr\/index.php\/urun\/geometri-4\/","title":{"rendered":"Geometri"},"content":{"rendered":"<p>\u201cD\u00fcnyada her \u015fey i\u00e7in, maddiyat i\u00e7in, maneviyat i\u00e7in, hayat i\u00e7in, muvaffakiyet i\u00e7in en hakiki m\u00fcr\u015fit ilimdir, fendir.\u201d Mustafa Kemal Atat\u00fcrk H\u00e2kimiyeti Milliye, 25 Eyl\u00fcl 1924T\u00fcrk Dili Tetkik Cemiyeti\u2019nin 12 Temmuz 1932\u2019de kurulmas\u0131ndan sonra ba\u015flayan Dil Devrimi\u2019yle T\u00fcrk\u00e7eyi sade bir dil haline getirme ve yabanc\u0131 k\u00f6kenli kelimelerden ar\u0131nd\u0131rma \u00e7al\u0131\u015fmalar\u0131 h\u0131z kazan\u0131r. Yabanc\u0131 dillerden, \u00f6zellikle Arap\u00e7a ve Fars\u00e7adan al\u0131nan bilim, fen, sanat ve teknik terimlerin T\u00fcrk\u00e7ele\u015ftirilmesi i\u00e7in komisyonlar kurulur. Son derece a\u011f\u0131r Osmanl\u0131ca terimlerin kullan\u0131ld\u0131\u011f\u0131 \u201cgeometri\u201d, eski deyi\u015fle \u201chendese\u201d i\u00e7in ise bu \u00e7al\u0131\u015fmay\u0131 bizzat Mustafa Kemal Atat\u00fcrk yapar. Atat\u00fcrk, 1936 y\u0131l\u0131nda toplanan III. T\u00fcrk Dil Kurultay\u0131\u2019n\u0131n hemen ard\u0131ndan \u201cgeometri \u00f6\u011fretenlerle, bu konuda kitap yazacaklara k\u0131lavuz\u201d olmas\u0131 amac\u0131yla Dolmabah\u00e7e Saray\u0131\u2019nda Geometri kitab\u0131n\u0131 kaleme al\u0131r. E\u011fitime ve bilime verdi\u011fi \u00f6nemi her zaman vurgulayan Mustafa Kemal Atat\u00fcrk, ilk olarak 1937 y\u0131l\u0131nda K\u00fclt\u00fcr Bakanl\u0131\u011f\u0131 taraf\u0131ndan bas\u0131lan bu kitapla, kendisinin t\u00fcretti\u011fi ve g\u00fcn\u00fcm\u00fczde kullan\u0131lan pek \u00e7ok geometri terimini dilimize kazand\u0131rm\u0131\u015ft\u0131r<\/p>\n","protected":false},"excerpt":{"rendered":"<p>\u201cD\u00fcnyada her \u015fey i\u00e7in, maddiyat i\u00e7in, maneviyat i\u00e7in, hayat i\u00e7in, muvaffakiyet i\u00e7in en hakiki m\u00fcr\u015fit ilimdir, fendir.\u201d Mustafa Kemal Atat\u00fcrk H\u00e2kimiyeti Milliye, 25 Eyl\u00fcl 1924T\u00fcrk Dili<span class=\"excerpt-hellip\"> [\u2026]<\/span><\/p>\n","protected":false},"featured_media":0,"template":"","meta":{"_monsterinsights_skip_tracking":false,"_monsterinsights_sitenote_active":false,"_monsterinsights_sitenote_note":"","_monsterinsights_sitenote_category":0},"product_brand":[],"product_cat":[13005,16724],"product_tag":[],"class_list":{"0":"post-725435","1":"product","2":"type-product","3":"status-publish","5":"product_cat-bilim-muhendislik","6":"product_cat-matematik","7":"pa_cilt-ciltsiz","8":"pa_tur-kitap","9":"pa_yayinevi-is-bankasi-kultur-yayinlari","10":"pa_yazar-mustafa-kemal-ataturk","12":"first","13":"instock","14":"sale","15":"shipping-taxable","16":"purchasable","17":"product-type-simple"},"_links":{"self":[{"href":"https:\/\/roveyayinevi.com.tr\/index.php\/wp-json\/wp\/v2\/product\/725435","targetHints":{"allow":["GET"]}}],"collection":[{"href":"https:\/\/roveyayinevi.com.tr\/index.php\/wp-json\/wp\/v2\/product"}],"about":[{"href":"https:\/\/roveyayinevi.com.tr\/index.php\/wp-json\/wp\/v2\/types\/product"}],"wp:attachment":[{"href":"https:\/\/roveyayinevi.com.tr\/index.php\/wp-json\/wp\/v2\/media?parent=725435"}],"wp:term":[{"taxonomy":"product_brand","embeddable":true,"href":"https:\/\/roveyayinevi.com.tr\/index.php\/wp-json\/wp\/v2\/product_brand?post=725435"},{"taxonomy":"product_cat","embeddable":true,"href":"https:\/\/roveyayinevi.com.tr\/index.php\/wp-json\/wp\/v2\/product_cat?post=725435"},{"taxonomy":"product_tag","embeddable":true,"href":"https:\/\/roveyayinevi.com.tr\/index.php\/wp-json\/wp\/v2\/product_tag?post=725435"}],"curies":[{"name":"wp","href":"https:\/\/api.w.org\/{rel}","templated":true}]}}