{"id":725434,"date":"2025-08-27T19:50:32","date_gmt":"2025-08-27T16:50:32","guid":{"rendered":"https:\/\/roveyayinevi.com.tr\/index.php\/urun\/felsefe-yapma-sanati\/"},"modified":"2026-04-16T02:33:28","modified_gmt":"2026-04-15T23:33:28","slug":"felsefe-yapma-sanati","status":"publish","type":"product","link":"https:\/\/roveyayinevi.com.tr\/index.php\/urun\/felsefe-yapma-sanati\/","title":{"rendered":"Felsefe Yapma Sanat\u0131"},"content":{"rendered":"<p>Bertrand Russell\u2019\u0131n II. D\u00fcnya Sava\u015f\u0131 s\u0131ras\u0131nda yazd\u0131\u011f\u0131 denemelerden baz\u0131lar\u0131 ilk defa bu kitapta bir araya geldi. Bu y\u0131llarda yazar, Amerikan \u00fcniversitelerinde felsefe \u00f6\u011fretmekte ve Amerikan \u00f6\u011frenci kitlesi \u00fczerinde gittik\u00e7e b\u00fcy\u00fcyen bir etki b\u0131rakmaktayd\u0131.Burada toplanan denemeler \u00f6zellikle matematik, felsefe ve mant\u0131k alanlar\u0131nda \u201cak\u0131l y\u00fcr\u00fctme sanat\u0131\u201d ile ilgilidir. \u00d6nemli felsefi konular\u0131n \u00f6z\u00fcne ula\u015fma yetene\u011fine ve felsefi analizlerin derinli\u011fini ustaca sergilemesine ra\u011fmen Russell\u2019\u0131n anlat\u0131m\u0131n\u0131n bu denli a\u00e7\u0131k se\u00e7ik olu\u015fu \u015fa\u015f\u0131rt\u0131c\u0131d\u0131r.<\/p>\n","protected":false},"excerpt":{"rendered":"<p>Bertrand Russell\u2019\u0131n II. D\u00fcnya Sava\u015f\u0131 s\u0131ras\u0131nda yazd\u0131\u011f\u0131 denemelerden baz\u0131lar\u0131 ilk defa bu kitapta bir araya geldi. Bu y\u0131llarda yazar, Amerikan \u00fcniversitelerinde felsefe \u00f6\u011fretmekte ve Amerikan \u00f6\u011frenci<span class=\"excerpt-hellip\"> [\u2026]<\/span><\/p>\n","protected":false},"featured_media":0,"template":"","meta":{"_monsterinsights_skip_tracking":false,"_monsterinsights_sitenote_active":false,"_monsterinsights_sitenote_note":"","_monsterinsights_sitenote_category":0},"product_brand":[],"product_cat":[12388,13555],"product_tag":[],"class_list":{"0":"post-725434","1":"product","2":"type-product","3":"status-publish","5":"product_cat-felsefe","6":"product_cat-genel-felsefe","7":"pa_cilt-ciltsiz","8":"pa_tur-kitap","9":"pa_yayinevi-profil-kitap","10":"pa_yazar-bertrand-russell","12":"first","13":"instock","14":"sale","15":"shipping-taxable","16":"purchasable","17":"product-type-simple"},"_links":{"self":[{"href":"https:\/\/roveyayinevi.com.tr\/index.php\/wp-json\/wp\/v2\/product\/725434","targetHints":{"allow":["GET"]}}],"collection":[{"href":"https:\/\/roveyayinevi.com.tr\/index.php\/wp-json\/wp\/v2\/product"}],"about":[{"href":"https:\/\/roveyayinevi.com.tr\/index.php\/wp-json\/wp\/v2\/types\/product"}],"wp:attachment":[{"href":"https:\/\/roveyayinevi.com.tr\/index.php\/wp-json\/wp\/v2\/media?parent=725434"}],"wp:term":[{"taxonomy":"product_brand","embeddable":true,"href":"https:\/\/roveyayinevi.com.tr\/index.php\/wp-json\/wp\/v2\/product_brand?post=725434"},{"taxonomy":"product_cat","embeddable":true,"href":"https:\/\/roveyayinevi.com.tr\/index.php\/wp-json\/wp\/v2\/product_cat?post=725434"},{"taxonomy":"product_tag","embeddable":true,"href":"https:\/\/roveyayinevi.com.tr\/index.php\/wp-json\/wp\/v2\/product_tag?post=725434"}],"curies":[{"name":"wp","href":"https:\/\/api.w.org\/{rel}","templated":true}]}}