{"id":725433,"date":"2025-08-27T19:50:31","date_gmt":"2025-08-27T16:50:31","guid":{"rendered":"https:\/\/roveyayinevi.com.tr\/index.php\/urun\/pratik-sihrin-el-kitabi\/"},"modified":"2026-04-16T02:33:28","modified_gmt":"2026-04-15T23:33:28","slug":"pratik-sihrin-el-kitabi","status":"publish","type":"product","link":"https:\/\/roveyayinevi.com.tr\/index.php\/urun\/pratik-sihrin-el-kitabi\/","title":{"rendered":"Pratik Sihrin El Kitab\u0131"},"content":{"rendered":"<p>Sihre inan\u0131r m\u0131s\u0131n\u0131z?Asl\u0131nda bu kitab\u0131 okumak i\u00e7in inanman\u0131z da \u015fart de\u011fil.\u0130\u015fte bu kitap size, sihrin, kendinize ve etraf\u0131n\u0131zdakilere g\u00fczel ve mucizevi \u015feyler ya\u015fatmaktan ibaret oldu\u011funu s\u00f6yl\u00fcyor.Bu pratik rehberi kullanarak, hayat\u0131n\u0131z\u0131n belli a\u015famalar\u0131nda sihir yapmay\u0131, sezgisel yeteneklerinizi ve \u015fifa g\u00fcc\u00fcn\u00fcz\u00fc geli\u015ftirmeyi kolayl\u0131kla ba\u015farabilirsiniz.\u00c7akralardan \u015fifal\u0131 bitkilere, efsunlardan kristallere, horoskoptan tarot kartlar\u0131na ve \u00e7ok daha fazlas\u0131na de\u011finen bu \u015firin kitap size i\u015f, a\u015fk ve sa\u011fl\u0131k a\u00e7\u0131s\u0131ndan hayat\u0131n\u0131zda esenlik elde etmenize yard\u0131mc\u0131 olacak!<\/p>\n","protected":false},"excerpt":{"rendered":"<p>Sihre inan\u0131r m\u0131s\u0131n\u0131z?Asl\u0131nda bu kitab\u0131 okumak i\u00e7in inanman\u0131z da \u015fart de\u011fil.\u0130\u015fte bu kitap size, sihrin, kendinize ve etraf\u0131n\u0131zdakilere g\u00fczel ve mucizevi \u015feyler ya\u015fatmaktan ibaret oldu\u011funu s\u00f6yl\u00fcyor.Bu<span class=\"excerpt-hellip\"> [\u2026]<\/span><\/p>\n","protected":false},"featured_media":0,"template":"","meta":{"_monsterinsights_skip_tracking":false,"_monsterinsights_sitenote_active":false,"_monsterinsights_sitenote_note":"","_monsterinsights_sitenote_category":0},"product_brand":[],"product_cat":[18082,15563],"product_tag":[],"class_list":{"0":"post-725433","1":"product","2":"type-product","3":"status-publish","5":"product_cat-astroloji-fal-ruya","6":"product_cat-hobi","7":"pa_cilt-ciltsiz","8":"pa_tur-kitap","9":"pa_yayinevi-profil-kitap","10":"pa_yazar-sarah-bartlett","12":"first","13":"instock","14":"sale","15":"shipping-taxable","16":"purchasable","17":"product-type-simple"},"_links":{"self":[{"href":"https:\/\/roveyayinevi.com.tr\/index.php\/wp-json\/wp\/v2\/product\/725433","targetHints":{"allow":["GET"]}}],"collection":[{"href":"https:\/\/roveyayinevi.com.tr\/index.php\/wp-json\/wp\/v2\/product"}],"about":[{"href":"https:\/\/roveyayinevi.com.tr\/index.php\/wp-json\/wp\/v2\/types\/product"}],"wp:attachment":[{"href":"https:\/\/roveyayinevi.com.tr\/index.php\/wp-json\/wp\/v2\/media?parent=725433"}],"wp:term":[{"taxonomy":"product_brand","embeddable":true,"href":"https:\/\/roveyayinevi.com.tr\/index.php\/wp-json\/wp\/v2\/product_brand?post=725433"},{"taxonomy":"product_cat","embeddable":true,"href":"https:\/\/roveyayinevi.com.tr\/index.php\/wp-json\/wp\/v2\/product_cat?post=725433"},{"taxonomy":"product_tag","embeddable":true,"href":"https:\/\/roveyayinevi.com.tr\/index.php\/wp-json\/wp\/v2\/product_tag?post=725433"}],"curies":[{"name":"wp","href":"https:\/\/api.w.org\/{rel}","templated":true}]}}