{"id":725432,"date":"2025-08-27T19:50:30","date_gmt":"2025-08-27T16:50:30","guid":{"rendered":"https:\/\/roveyayinevi.com.tr\/index.php\/urun\/kocalarin-gizli-hayati\/"},"modified":"2026-04-16T02:33:28","modified_gmt":"2026-04-15T23:33:28","slug":"kocalarin-gizli-hayati","status":"publish","type":"product","link":"https:\/\/roveyayinevi.com.tr\/index.php\/urun\/kocalarin-gizli-hayati\/","title":{"rendered":"Kocalar\u0131n Gizli Hayat\u0131"},"content":{"rendered":"<p>Erke\u011fin g\u00f6z\u00fcnden evlilik hayat\u0131 neye benzer?Bek\u00e2rl\u0131ktan kocal\u0131\u011fa ve babal\u0131\u011fa ge\u00e7i\u015f bunalt\u0131c\u0131 oluyor mu?Erkekler ger\u00e7ekten ev i\u015fi yapmay\u0131 bilmiyor mu?Kocalar\u0131m\u0131z arkada\u015flar\u0131yla ne konu\u015fuyor?Bir daha \u00e2\u015f\u0131k olamayacaklar\u0131n\u0131 d\u00fc\u015f\u00fcn\u00fcp \u00fcz\u00fcl\u00fcyorlar m\u0131? Bo\u015fanan bir\u00e7ok erkek neden k\u0131sa s\u00fcre sonra yeniden evleniyor? Cinsiyetler aras\u0131ndaki g\u00fc\u00e7 dengesizli\u011fini a\u00e7\u0131k\u00e7a ortaya koymak, yeniden d\u00fczenlemek ve ili\u015fkilerimize daha iyi y\u00f6n vermek istiyorsak, m\u00fcmk\u00fcn oldu\u011funca tarafs\u0131z bi\u00e7imde ve t\u00fcm mizah anlay\u0131\u015f\u0131m\u0131zla, d\u00fcnyan\u0131n bir erke\u011fin kafas\u0131n\u0131n i\u00e7inden nas\u0131l g\u00f6r\u00fcnd\u00fc\u011f\u00fcne bakmam\u0131z gerekiyor. Melissa Katsoulis&#8217;in hedefi en m\u00fckemmel ya da en berbat kocay\u0131 bulmak de\u011fil. Evli erkeklerle konu\u015fup onlar\u0131n d\u00fcnyas\u0131n\u0131 anlamaya \u00e7al\u0131\u015f\u0131yor.  <\/p>\n","protected":false},"excerpt":{"rendered":"<p>Erke\u011fin g\u00f6z\u00fcnden evlilik hayat\u0131 neye benzer?Bek\u00e2rl\u0131ktan kocal\u0131\u011fa ve babal\u0131\u011fa ge\u00e7i\u015f bunalt\u0131c\u0131 oluyor mu?Erkekler ger\u00e7ekten ev i\u015fi yapmay\u0131 bilmiyor mu?Kocalar\u0131m\u0131z arkada\u015flar\u0131yla ne konu\u015fuyor?Bir daha \u00e2\u015f\u0131k olamayacaklar\u0131n\u0131 d\u00fc\u015f\u00fcn\u00fcp<span class=\"excerpt-hellip\"> [\u2026]<\/span><\/p>\n","protected":false},"featured_media":0,"template":"","meta":{"_monsterinsights_skip_tracking":false,"_monsterinsights_sitenote_active":false,"_monsterinsights_sitenote_note":"","_monsterinsights_sitenote_category":0},"product_brand":[],"product_cat":[26396,13488],"product_tag":[],"class_list":{"0":"post-725432","1":"product","2":"type-product","3":"status-publish","5":"product_cat-kadin-erkek-iliskileri","6":"product_cat-toplum-ve-insan","7":"pa_cilt-ciltsiz","8":"pa_tur-kitap","9":"pa_yayinevi-profil-kitap","10":"pa_yazar-melissa-katsoulis","12":"first","13":"instock","14":"sale","15":"shipping-taxable","16":"purchasable","17":"product-type-simple"},"_links":{"self":[{"href":"https:\/\/roveyayinevi.com.tr\/index.php\/wp-json\/wp\/v2\/product\/725432","targetHints":{"allow":["GET"]}}],"collection":[{"href":"https:\/\/roveyayinevi.com.tr\/index.php\/wp-json\/wp\/v2\/product"}],"about":[{"href":"https:\/\/roveyayinevi.com.tr\/index.php\/wp-json\/wp\/v2\/types\/product"}],"wp:attachment":[{"href":"https:\/\/roveyayinevi.com.tr\/index.php\/wp-json\/wp\/v2\/media?parent=725432"}],"wp:term":[{"taxonomy":"product_brand","embeddable":true,"href":"https:\/\/roveyayinevi.com.tr\/index.php\/wp-json\/wp\/v2\/product_brand?post=725432"},{"taxonomy":"product_cat","embeddable":true,"href":"https:\/\/roveyayinevi.com.tr\/index.php\/wp-json\/wp\/v2\/product_cat?post=725432"},{"taxonomy":"product_tag","embeddable":true,"href":"https:\/\/roveyayinevi.com.tr\/index.php\/wp-json\/wp\/v2\/product_tag?post=725432"}],"curies":[{"name":"wp","href":"https:\/\/api.w.org\/{rel}","templated":true}]}}