{"id":725431,"date":"2025-08-27T19:50:29","date_gmt":"2025-08-27T16:50:29","guid":{"rendered":"https:\/\/roveyayinevi.com.tr\/index.php\/urun\/kaf-daginin-ardi-belki\/"},"modified":"2026-04-16T02:33:28","modified_gmt":"2026-04-15T23:33:28","slug":"kaf-daginin-ardi-belki","status":"publish","type":"product","link":"https:\/\/roveyayinevi.com.tr\/index.php\/urun\/kaf-daginin-ardi-belki\/","title":{"rendered":"Kaf Da\u011f\u0131n\u0131n Ard\u0131 Belki"},"content":{"rendered":"<p>Ayaklar\u0131 yere m\u0131hlanm\u0131\u015ft\u0131 sanki. Midesindeki ac\u0131 keskinle\u015fti. Geri d\u00f6nd\u00fc, kunda\u011fa s\u0131k\u0131 s\u0131k\u0131 yap\u0131\u015farak korkulu\u011fa dayand\u0131. A\u015fa\u011f\u0131da sular kayn\u0131yor, pervane bo\u011fuk homurtularla d\u00f6n\u00fcyordu.Kundak, sular\u0131n ilk darbesiyle yukar\u0131 s\u0131\u00e7rad\u0131 bir an. Sonra pembe k\u00f6p\u00fckler f\u0131\u015fk\u0131rd\u0131 aklar\u0131n yan\u0131 s\u0131ra.Kamaraya girdi kad\u0131n.<\/p>\n","protected":false},"excerpt":{"rendered":"<p>Ayaklar\u0131 yere m\u0131hlanm\u0131\u015ft\u0131 sanki. Midesindeki ac\u0131 keskinle\u015fti. Geri d\u00f6nd\u00fc, kunda\u011fa s\u0131k\u0131 s\u0131k\u0131 yap\u0131\u015farak korkulu\u011fa dayand\u0131. A\u015fa\u011f\u0131da sular kayn\u0131yor, pervane bo\u011fuk homurtularla d\u00f6n\u00fcyordu.Kundak, sular\u0131n ilk darbesiyle yukar\u0131<span class=\"excerpt-hellip\"> [\u2026]<\/span><\/p>\n","protected":false},"featured_media":0,"template":"","meta":{"_monsterinsights_skip_tracking":false,"_monsterinsights_sitenote_active":false,"_monsterinsights_sitenote_note":"","_monsterinsights_sitenote_category":0},"product_brand":[],"product_cat":[12291,12711],"product_tag":[],"class_list":{"0":"post-725431","1":"product","2":"type-product","3":"status-publish","5":"product_cat-edebiyat","6":"product_cat-roman-oyku","7":"pa_cilt-ciltsiz","8":"pa_tur-kitap","9":"pa_yayinevi-kirmizi-kedi-yayinevi","10":"pa_yazar-mine-g-kirikkanat","12":"first","13":"instock","14":"sale","15":"shipping-taxable","16":"purchasable","17":"product-type-simple"},"_links":{"self":[{"href":"https:\/\/roveyayinevi.com.tr\/index.php\/wp-json\/wp\/v2\/product\/725431","targetHints":{"allow":["GET"]}}],"collection":[{"href":"https:\/\/roveyayinevi.com.tr\/index.php\/wp-json\/wp\/v2\/product"}],"about":[{"href":"https:\/\/roveyayinevi.com.tr\/index.php\/wp-json\/wp\/v2\/types\/product"}],"wp:attachment":[{"href":"https:\/\/roveyayinevi.com.tr\/index.php\/wp-json\/wp\/v2\/media?parent=725431"}],"wp:term":[{"taxonomy":"product_brand","embeddable":true,"href":"https:\/\/roveyayinevi.com.tr\/index.php\/wp-json\/wp\/v2\/product_brand?post=725431"},{"taxonomy":"product_cat","embeddable":true,"href":"https:\/\/roveyayinevi.com.tr\/index.php\/wp-json\/wp\/v2\/product_cat?post=725431"},{"taxonomy":"product_tag","embeddable":true,"href":"https:\/\/roveyayinevi.com.tr\/index.php\/wp-json\/wp\/v2\/product_tag?post=725431"}],"curies":[{"name":"wp","href":"https:\/\/api.w.org\/{rel}","templated":true}]}}