{"id":725430,"date":"2025-08-27T19:50:29","date_gmt":"2025-08-27T16:50:29","guid":{"rendered":"https:\/\/roveyayinevi.com.tr\/index.php\/urun\/cumhuriyetin-sonbahari-2\/"},"modified":"2026-04-16T02:33:28","modified_gmt":"2026-04-15T23:33:28","slug":"cumhuriyetin-sonbahari-2","status":"publish","type":"product","link":"https:\/\/roveyayinevi.com.tr\/index.php\/urun\/cumhuriyetin-sonbahari-2\/","title":{"rendered":"Cumhuriyet\u2019in Sonbahar\u0131"},"content":{"rendered":"<p>AKP gericili\u011finin, 2020 y\u0131l\u0131nda yeni bir tarihsel viraj\u0131 alarak kar\u015f\u0131 devrim s\u00fcrecini derinle\u015ftirmeye \u00e7al\u0131\u015fmas\u0131 hem bir ba\u015far\u0131ya hem de bir ba\u015far\u0131s\u0131zl\u0131\u011fa i\u015faret ediyor. Ba\u015far\u0131, \u00e7\u00fcnk\u00fc Erdo\u011fan \u201ctek adam y\u00f6netimini\u201d \u015f\u00f6yle ya da b\u00f6yle kurdu. Ba\u015far\u0131s\u0131zl\u0131k, \u00e7\u00fcnk\u00fc Erdo\u011fan-AKP iktidar\u0131, b\u00fct\u00fcn g\u00fcc\u00fcne kar\u015f\u0131n \u201cyeni rejimi\u201d kurmakta ve onun kurumlar\u0131n\u0131 olu\u015fturmakta yetersiz kal\u0131yor, dahas\u0131 toplum direniyor.B\u00fct\u00fcn iktidarlar gibi, \u00e7ok b\u00fcy\u00fck ve \u00f6ng\u00f6r\u00fclemeyen do\u011fal bir afet olmad\u0131\u011f\u0131 s\u00fcrece Erdo\u011fan-AKP iktidar\u0131 kendili\u011finden y\u0131k\u0131lmayacakt\u0131r. Tam tersine Erdo\u011fan, iktidar\u0131 b\u0131rakmamak i\u00e7in direnecektir. O nedenle programl\u0131, s\u00fcrekli, kararl\u0131 ve cesaretli bir m\u00fccadele tarz\u0131ndan ve \u00e7izgisinden ba\u015fka \u00e7are yoktur.Bug\u00fcn \u015fu ikilemle kar\u015f\u0131 kar\u015f\u0131yay\u0131z; ya ilerici-ayd\u0131nlanmac\u0131 bir \u00e7\u00f6z\u00fcm \u00fcreterek bu umut krizini a\u015faca\u011f\u0131z ya da i\u00e7e do\u011fru kapanarak bir Ortado\u011fu \u00fclkesi haline gelece\u011fiz&#8230;<\/p>\n","protected":false},"excerpt":{"rendered":"<p>AKP gericili\u011finin, 2020 y\u0131l\u0131nda yeni bir tarihsel viraj\u0131 alarak kar\u015f\u0131 devrim s\u00fcrecini derinle\u015ftirmeye \u00e7al\u0131\u015fmas\u0131 hem bir ba\u015far\u0131ya hem de bir ba\u015far\u0131s\u0131zl\u0131\u011fa i\u015faret ediyor. Ba\u015far\u0131, \u00e7\u00fcnk\u00fc Erdo\u011fan<span class=\"excerpt-hellip\"> [\u2026]<\/span><\/p>\n","protected":false},"featured_media":0,"template":"","meta":{"_monsterinsights_skip_tracking":false,"_monsterinsights_sitenote_active":false,"_monsterinsights_sitenote_note":"","_monsterinsights_sitenote_category":0},"product_brand":[],"product_cat":[13590,12337],"product_tag":[],"class_list":{"0":"post-725430","1":"product","2":"type-product","3":"status-publish","5":"product_cat-arastirma-inceleme-politika-siyaset","6":"product_cat-politika-siyaset","7":"pa_cilt-ciltsiz","8":"pa_tur-kitap","9":"pa_yayinevi-kirmizi-kedi-yayinevi","10":"pa_yazar-merdan-yanardag","12":"first","13":"instock","14":"sale","15":"shipping-taxable","16":"purchasable","17":"product-type-simple"},"_links":{"self":[{"href":"https:\/\/roveyayinevi.com.tr\/index.php\/wp-json\/wp\/v2\/product\/725430","targetHints":{"allow":["GET"]}}],"collection":[{"href":"https:\/\/roveyayinevi.com.tr\/index.php\/wp-json\/wp\/v2\/product"}],"about":[{"href":"https:\/\/roveyayinevi.com.tr\/index.php\/wp-json\/wp\/v2\/types\/product"}],"wp:attachment":[{"href":"https:\/\/roveyayinevi.com.tr\/index.php\/wp-json\/wp\/v2\/media?parent=725430"}],"wp:term":[{"taxonomy":"product_brand","embeddable":true,"href":"https:\/\/roveyayinevi.com.tr\/index.php\/wp-json\/wp\/v2\/product_brand?post=725430"},{"taxonomy":"product_cat","embeddable":true,"href":"https:\/\/roveyayinevi.com.tr\/index.php\/wp-json\/wp\/v2\/product_cat?post=725430"},{"taxonomy":"product_tag","embeddable":true,"href":"https:\/\/roveyayinevi.com.tr\/index.php\/wp-json\/wp\/v2\/product_tag?post=725430"}],"curies":[{"name":"wp","href":"https:\/\/api.w.org\/{rel}","templated":true}]}}