{"id":725427,"date":"2025-08-27T19:49:54","date_gmt":"2025-08-27T16:49:54","guid":{"rendered":"https:\/\/roveyayinevi.com.tr\/index.php\/urun\/kevin-durant-ucan-adamlar\/"},"modified":"2026-04-16T02:33:28","modified_gmt":"2026-04-15T23:33:28","slug":"kevin-durant-ucan-adamlar","status":"publish","type":"product","link":"https:\/\/roveyayinevi.com.tr\/index.php\/urun\/kevin-durant-ucan-adamlar\/","title":{"rendered":"Kevin Durant &#8211; U\u00e7an Adamlar"},"content":{"rendered":"<p>Kevin Durant, 2007 NBA se\u00e7melerinde ikinci se\u00e7ilen oyuncu oldu\u011funda, y\u00fcksek beklentilerle kar\u015f\u0131 kar\u015f\u0131ya kald\u0131. Ancak Oklahoma City Thunder\u2019\u0131n h\u00fccum oyuncusu, beklentilerin de \u00fcst\u00fcne \u00e7\u0131kmay\u0131 ba\u015fard\u0131. Kevin, 2007-2008 sezonunda NBA Y\u0131l\u0131n \u00c7ayla\u011f\u0131 se\u00e7ildi ve o g\u00fcnden bu yana hep daha iyiye gitti. 2010\u2019da \u0130stanbul\u2019da d\u00fczenlenen ve ABD\u2019nin alt\u0131n madalyay\u0131 kazand\u0131\u011f\u0131 FIBA D\u00fcnya Kupas\u0131\u2019nda, turnuvan\u0131n en de\u011ferli oyuncusu se\u00e7ildi. Kevin, d\u00fcnyan\u0131n en iyi oyuncular\u0131ndan biri oldu\u011funu \u00e7oktan kan\u0131tlad\u0131. \u0130nan\u0131lmaz basketbolcu Kevin Durant\u2019\u0131n zirveye yolculu\u011fu hakk\u0131nda daha fazla bilgiyi bu kitapta bulabilirsiniz.<\/p>\n","protected":false},"excerpt":{"rendered":"<p>Kevin Durant, 2007 NBA se\u00e7melerinde ikinci se\u00e7ilen oyuncu oldu\u011funda, y\u00fcksek beklentilerle kar\u015f\u0131 kar\u015f\u0131ya kald\u0131. Ancak Oklahoma City Thunder\u2019\u0131n h\u00fccum oyuncusu, beklentilerin de \u00fcst\u00fcne \u00e7\u0131kmay\u0131 ba\u015fard\u0131. Kevin,<span class=\"excerpt-hellip\"> [\u2026]<\/span><\/p>\n","protected":false},"featured_media":0,"template":"","meta":{"_monsterinsights_skip_tracking":false,"_monsterinsights_sitenote_active":false,"_monsterinsights_sitenote_note":"","_monsterinsights_sitenote_category":0},"product_brand":[],"product_cat":[15563,15564],"product_tag":[],"class_list":{"0":"post-725427","1":"product","2":"type-product","3":"status-publish","5":"product_cat-hobi","6":"product_cat-spor","7":"pa_cilt-ciltsiz","8":"pa_tur-kitap","9":"pa_yayinevi-beyaz-balina-yayinlari","10":"pa_yazar-jeff-savage","12":"first","13":"instock","14":"sale","15":"shipping-taxable","16":"purchasable","17":"product-type-simple"},"_links":{"self":[{"href":"https:\/\/roveyayinevi.com.tr\/index.php\/wp-json\/wp\/v2\/product\/725427","targetHints":{"allow":["GET"]}}],"collection":[{"href":"https:\/\/roveyayinevi.com.tr\/index.php\/wp-json\/wp\/v2\/product"}],"about":[{"href":"https:\/\/roveyayinevi.com.tr\/index.php\/wp-json\/wp\/v2\/types\/product"}],"wp:attachment":[{"href":"https:\/\/roveyayinevi.com.tr\/index.php\/wp-json\/wp\/v2\/media?parent=725427"}],"wp:term":[{"taxonomy":"product_brand","embeddable":true,"href":"https:\/\/roveyayinevi.com.tr\/index.php\/wp-json\/wp\/v2\/product_brand?post=725427"},{"taxonomy":"product_cat","embeddable":true,"href":"https:\/\/roveyayinevi.com.tr\/index.php\/wp-json\/wp\/v2\/product_cat?post=725427"},{"taxonomy":"product_tag","embeddable":true,"href":"https:\/\/roveyayinevi.com.tr\/index.php\/wp-json\/wp\/v2\/product_tag?post=725427"}],"curies":[{"name":"wp","href":"https:\/\/api.w.org\/{rel}","templated":true}]}}