{"id":725425,"date":"2025-08-27T19:49:52","date_gmt":"2025-08-27T16:49:52","guid":{"rendered":"https:\/\/roveyayinevi.com.tr\/index.php\/urun\/uc-ornek-oyku-ve-bir-onsoz-2\/"},"modified":"2026-04-16T02:33:28","modified_gmt":"2026-04-15T23:33:28","slug":"uc-ornek-oyku-ve-bir-onsoz-2","status":"publish","type":"product","link":"https:\/\/roveyayinevi.com.tr\/index.php\/urun\/uc-ornek-oyku-ve-bir-onsoz-2\/","title":{"rendered":"\u00dc\u00e7 \u00d6rnek \u00d6yk\u00fc ve Bir \u00d6ns\u00f6z"},"content":{"rendered":"<p>1898 ku\u015fa\u011f\u0131n\u0131n en g\u00fc\u00e7l\u00fc kalemlerinden Miguel de Unamuno\u2019nun felsefesinin ve yaz\u0131n\u0131n\u0131n timsali olarak g\u00f6r\u00fclebilecek \u00dc\u00e7 \u00d6rnek \u00d6yk\u00fc ve Bir \u00d6ns\u00f6z\u2019de d\u00f6n\u00fcm noktas\u0131ndaki \u0130spanya\u2019ya g\u00f6kten \u00fc\u00e7 elma d\u00fc\u015f\u00fcyor. Ancak bu elmalar\u0131n tad\u0131 \u00e7ok ac\u0131! Tutkuya, gurura, k\u0131skan\u00e7l\u0131\u011fa ve a\u015fka dair eskimeyen fikirler i\u00e7eren her ibret dolu hik\u00e2yesinde Unamuno insanl\u0131k durumuna zaman\u0131n\u0131n \u00f6tesinde bir varolu\u015f\u00e7u pencereden bakarak abs\u00fcrd do\u011fam\u0131z\u0131 ve ihtiraslar\u0131m\u0131z\u0131 abart\u0131s\u0131z, sade ancak olduk\u00e7a \u00e7arp\u0131c\u0131 bir dille resmediyor.<\/p>\n","protected":false},"excerpt":{"rendered":"<p>1898 ku\u015fa\u011f\u0131n\u0131n en g\u00fc\u00e7l\u00fc kalemlerinden Miguel de Unamuno\u2019nun felsefesinin ve yaz\u0131n\u0131n\u0131n timsali olarak g\u00f6r\u00fclebilecek \u00dc\u00e7 \u00d6rnek \u00d6yk\u00fc ve Bir \u00d6ns\u00f6z\u2019de d\u00f6n\u00fcm noktas\u0131ndaki \u0130spanya\u2019ya g\u00f6kten \u00fc\u00e7 elma<span class=\"excerpt-hellip\"> [\u2026]<\/span><\/p>\n","protected":false},"featured_media":0,"template":"","meta":{"_monsterinsights_skip_tracking":false,"_monsterinsights_sitenote_active":false,"_monsterinsights_sitenote_note":"","_monsterinsights_sitenote_category":0},"product_brand":[],"product_cat":[12291,26797],"product_tag":[],"class_list":{"0":"post-725425","1":"product","2":"type-product","3":"status-publish","5":"product_cat-edebiyat","6":"product_cat-modern-klasikler","7":"pa_cilt-ciltsiz","8":"pa_tur-kitap","9":"pa_yayinevi-can-yayinlari","10":"pa_yazar-miguel-de-unamuno","12":"first","13":"instock","14":"sale","15":"shipping-taxable","16":"purchasable","17":"product-type-simple"},"_links":{"self":[{"href":"https:\/\/roveyayinevi.com.tr\/index.php\/wp-json\/wp\/v2\/product\/725425","targetHints":{"allow":["GET"]}}],"collection":[{"href":"https:\/\/roveyayinevi.com.tr\/index.php\/wp-json\/wp\/v2\/product"}],"about":[{"href":"https:\/\/roveyayinevi.com.tr\/index.php\/wp-json\/wp\/v2\/types\/product"}],"wp:attachment":[{"href":"https:\/\/roveyayinevi.com.tr\/index.php\/wp-json\/wp\/v2\/media?parent=725425"}],"wp:term":[{"taxonomy":"product_brand","embeddable":true,"href":"https:\/\/roveyayinevi.com.tr\/index.php\/wp-json\/wp\/v2\/product_brand?post=725425"},{"taxonomy":"product_cat","embeddable":true,"href":"https:\/\/roveyayinevi.com.tr\/index.php\/wp-json\/wp\/v2\/product_cat?post=725425"},{"taxonomy":"product_tag","embeddable":true,"href":"https:\/\/roveyayinevi.com.tr\/index.php\/wp-json\/wp\/v2\/product_tag?post=725425"}],"curies":[{"name":"wp","href":"https:\/\/api.w.org\/{rel}","templated":true}]}}