{"id":725423,"date":"2025-08-27T19:49:51","date_gmt":"2025-08-27T16:49:51","guid":{"rendered":"https:\/\/roveyayinevi.com.tr\/index.php\/urun\/latife-tekin-kitabi\/"},"modified":"2026-04-16T02:33:28","modified_gmt":"2026-04-15T23:33:28","slug":"latife-tekin-kitabi","status":"publish","type":"product","link":"https:\/\/roveyayinevi.com.tr\/index.php\/urun\/latife-tekin-kitabi\/","title":{"rendered":"Latife Tekin Kitab\u0131"},"content":{"rendered":"<p>D\u00fcnyada yazarak var olmak \u00e7ok \u00f6zel bir deneyim. O maceran\u0131n kendisinden ses vermek gerek. Bu yolculuklara neden \u00e7\u0131k\u0131ld\u0131\u011f\u0131n\u0131, b\u00fct\u00fcn bunlar\u0131 niye yapt\u0131\u011f\u0131n\u0131z\u0131 anlatmal\u0131s\u0131n\u0131z, sonu\u00e7ta bu da hal\u00fcsinasyon g\u00f6rmek gibi bir \u015fey. S\u00f6zc\u00fckler d\u00fcnyas\u0131n\u0131n i\u00e7ine giriyorsunuz ve orda hal\u00fcsinasyonlar g\u00f6rerek yol al\u0131yorsunuz. B\u00fct\u00fcn bunlara insan neden katlan\u0131yor, neden hevesle bu s\u00fcre\u00e7leri kuruyor?Yaln\u0131zca do\u011fup ya\u015fad\u0131\u011f\u0131 topraklarda de\u011fil uluslararas\u0131 \u00f6l\u00e7ekte usta yazarlardan Latife Tekin, \u00e7ok gen\u00e7 ya\u015fta meyvelerini vermeye ba\u015flayan, verimli, yenilik\u00e7i, enerji dolu yaz\u0131 hayat\u0131n\u0131n ortalar\u0131nda Pelin \u00d6zer\u2019in uzun soluklu bir s\u00f6yle\u015fi teklifine olumlu yan\u0131t verdi. Farkl\u0131 ku\u015faklardan ve deneyimlerden, birbirinden farkl\u0131 ya\u015fant\u0131lardan ge\u00e7en iki kad\u0131n\u0131n sesli-sessiz diyaloglar\u0131yla \u00fc\u00e7 y\u0131ll\u0131k bir \u00e7al\u0131\u015fman\u0131n ard\u0131ndan olu\u015fan bu kitap s\u00f6yle\u015fi t\u00fcr\u00fcn\u00fcn deneyselli\u011fini ve do\u011furganl\u0131\u011f\u0131n\u0131 mesken tutarken an\u0131, deneme, biyografi, otobiyografi, d\u00fc\u015f\u00fcnce, \u015fiir, anlat\u0131 gibi farkl\u0131 t\u00fcrlerin zenginli\u011fini, yaz\u0131 ve yazar\u0131n zaman\u0131n\u0131n ge\u00e7ip gitmezli\u011fini duyumsatmay\u0131 da hedeflemi\u015fti.\u0130lk bask\u0131s\u0131 on be\u015f y\u0131l \u00f6nce yap\u0131lan Latife Tekin Kitab\u0131, yetkin bir yazar\u0131n kendine, yaz\u0131s\u0131na, yazarl\u0131\u011fa d\u00fcr\u00fcst\u00e7e bakt\u0131\u011f\u0131 aynada yans\u0131yanlarla okurlar\u0131n ve \u00f6zellikle de yazma u\u011fra\u015f\u0131na y\u00fcrekten ba\u011flananlar\u0131n yolunu ayd\u0131nlatmay\u0131 s\u00fcrd\u00fcr\u00fcyor. \u0130lk g\u00fcnk\u00fc dile\u011fiyle: \u201cBug\u00fcnde eskisin sesi, gelecekte yeni kals\u0131n.\u201d<\/p>\n","protected":false},"excerpt":{"rendered":"<p>D\u00fcnyada yazarak var olmak \u00e7ok \u00f6zel bir deneyim. O maceran\u0131n kendisinden ses vermek gerek. Bu yolculuklara neden \u00e7\u0131k\u0131ld\u0131\u011f\u0131n\u0131, b\u00fct\u00fcn bunlar\u0131 niye yapt\u0131\u011f\u0131n\u0131z\u0131 anlatmal\u0131s\u0131n\u0131z, sonu\u00e7ta bu da<span class=\"excerpt-hellip\"> [\u2026]<\/span><\/p>\n","protected":false},"featured_media":0,"template":"","meta":{"_monsterinsights_skip_tracking":false,"_monsterinsights_sitenote_active":false,"_monsterinsights_sitenote_note":"","_monsterinsights_sitenote_category":0},"product_brand":[],"product_cat":[12291,30969],"product_tag":[],"class_list":{"0":"post-725423","1":"product","2":"type-product","3":"status-publish","5":"product_cat-edebiyat","6":"product_cat-soylesi-edebiyat","7":"pa_cilt-ciltsiz","8":"pa_tur-kitap","9":"pa_yayinevi-can-yayinlari","10":"pa_yazar-pelin-ozer","12":"first","13":"instock","14":"sale","15":"shipping-taxable","16":"purchasable","17":"product-type-simple"},"_links":{"self":[{"href":"https:\/\/roveyayinevi.com.tr\/index.php\/wp-json\/wp\/v2\/product\/725423","targetHints":{"allow":["GET"]}}],"collection":[{"href":"https:\/\/roveyayinevi.com.tr\/index.php\/wp-json\/wp\/v2\/product"}],"about":[{"href":"https:\/\/roveyayinevi.com.tr\/index.php\/wp-json\/wp\/v2\/types\/product"}],"wp:attachment":[{"href":"https:\/\/roveyayinevi.com.tr\/index.php\/wp-json\/wp\/v2\/media?parent=725423"}],"wp:term":[{"taxonomy":"product_brand","embeddable":true,"href":"https:\/\/roveyayinevi.com.tr\/index.php\/wp-json\/wp\/v2\/product_brand?post=725423"},{"taxonomy":"product_cat","embeddable":true,"href":"https:\/\/roveyayinevi.com.tr\/index.php\/wp-json\/wp\/v2\/product_cat?post=725423"},{"taxonomy":"product_tag","embeddable":true,"href":"https:\/\/roveyayinevi.com.tr\/index.php\/wp-json\/wp\/v2\/product_tag?post=725423"}],"curies":[{"name":"wp","href":"https:\/\/api.w.org\/{rel}","templated":true}]}}