{"id":725422,"date":"2025-08-27T19:49:50","date_gmt":"2025-08-27T16:49:50","guid":{"rendered":"https:\/\/roveyayinevi.com.tr\/index.php\/urun\/kayginin-anlami\/"},"modified":"2026-04-07T02:41:42","modified_gmt":"2026-04-06T23:41:42","slug":"kayginin-anlami","status":"publish","type":"product","link":"https:\/\/roveyayinevi.com.tr\/index.php\/urun\/kayginin-anlami\/","title":{"rendered":"Kayg\u0131n\u0131n Anlam\u0131"},"content":{"rendered":"<p>Can s\u0131k\u0131nt\u0131s\u0131ndan ka\u00e7ar\u0131z. \u0130\u00e7imizin bize s\u00f6yleyecekleri vard\u0131r. Bize derdini a\u00e7acakt\u0131r. Kayg\u0131n\u0131n bize anlatacaklar\u0131 vard\u0131r. Bizi kendi hikayemize \u00e7a\u011f\u0131racakt\u0131r. Oysa biz ka\u00e7ar\u0131z. \u0130\u00e7imizin inlemesini, a\u011flamas\u0131n\u0131 duymayaca\u011f\u0131m\u0131z kadar \u201cg\u00fcr\u00fclt\u00fc\u201dye ka\u00e7ar\u0131z. \u201cG\u00fcr\u00fclt\u00fc\u201dy\u00fc kendimiz \u00e7\u0131karmak pahas\u0131na yapar\u0131z bunu. Ac\u0131m\u0131z\u0131 hissetmemizi engelledi\u011fi i\u00e7in ka\u00e7may\u0131 bir iyile\u015fme sanar\u0131z. Karga\u015fan\u0131n i\u00e7inde yaram\u0131zdan saklan\u0131r\u0131z. Kendimize ve \u00f6zg\u00fcrl\u00fc\u011f\u00fcm\u00fcze giden yoldaki \u201cyapabilme olas\u0131l\u0131\u011f\u0131n\u0131n deh\u015feti\u201d bizi en \u00e7ok kendi olas\u0131l\u0131klar\u0131m\u0131zdan ve kendimizden ka\u00e7\u0131r\u0131r.Oysa insan kayg\u0131s\u0131na ve ac\u0131s\u0131na bakarak bulu\u015fur kendisiyle. Ka\u00e7t\u0131k\u00e7a k\u00fc\u00e7\u00fclen, yakla\u015ft\u0131k\u00e7a b\u00fcy\u00fcyen \u201c\u00f6z\u201d\u00fcn\u00fc kayg\u0131s\u0131nda ke\u015ffeder. Y\u00fczle\u015fmemek ve ka\u00e7may\u0131 se\u00e7mek \u201colma\u201dn\u0131n biraz da korkulu g\u00f6rkeminden ka\u00e7\u0131p \u201colmama\u201dy\u0131 se\u00e7mektir.Senin kendinle konu\u015fman laz\u0131m. Dert ettiklerini fark etmen laz\u0131m. Can\u0131n\u0131 yakanlar\u0131 hissetmen laz\u0131m. Kendine s\u00f6ylemen laz\u0131m. Hastay\u0131m zannediyorsun. De\u011filsin. Kendini hasta ediyorsun. B\u00fct\u00fcn h\u00fccrelerin kulak kesilmi\u015f dinliyor. Yetmiyor, \u00e7\u0131\u011fl\u0131k at\u0131yor. Dinlesen duyacaks\u0131n. Konu\u015fsan duyacaks\u0131n. Senin kendinle konu\u015fman laz\u0131m. Cem MumcuRollo MayD\u00fcnyan\u0131n en \u00fcnl\u00fc psikoterapistlerinden biri olan Rollo May\u2019in (1909-1994) eserlerinin en b\u00fcy\u00fck \u00f6zelli\u011fi, psikiyatri\/psikoloji okurlar\u0131n\u0131 a\u015f\u0131p genel okuyucuya ula\u015fabilmesidir. \u00d6rne\u011fin herkes\u00e7e bilinen ve s\u0131k\u00e7a kullan\u0131lan, \u201cSevginin kar\u015f\u0131t\u0131 nefret de\u011fil, kay\u0131ts\u0131zl\u0131kt\u0131r\u201d s\u00f6z\u00fc ona aittir.Rollo May\u2019in yay\u0131mlad\u0131\u011f\u0131m\u0131z di\u011fer kitaplar\u0131: A\u015fk ve \u0130rade, \u00d6zg\u00fcrl\u00fck ve Kader, Varolu\u015fun Ke\u015ffi, Kendini Arayan \u0130nsan, Psikoterapist ve Mitlere Yolculuk, Kafese Konan Adam, G\u00fc\u00e7 ve Masumiyet.<\/p>\n","protected":false},"excerpt":{"rendered":"<p>Can s\u0131k\u0131nt\u0131s\u0131ndan ka\u00e7ar\u0131z. \u0130\u00e7imizin bize s\u00f6yleyecekleri vard\u0131r. Bize derdini a\u00e7acakt\u0131r. Kayg\u0131n\u0131n bize anlatacaklar\u0131 vard\u0131r. Bizi kendi hikayemize \u00e7a\u011f\u0131racakt\u0131r. Oysa biz ka\u00e7ar\u0131z. \u0130\u00e7imizin inlemesini, a\u011flamas\u0131n\u0131 duymayaca\u011f\u0131m\u0131z kadar<span class=\"excerpt-hellip\"> [\u2026]<\/span><\/p>\n","protected":false},"featured_media":0,"template":"","meta":{"_monsterinsights_skip_tracking":false,"_monsterinsights_sitenote_active":false,"_monsterinsights_sitenote_note":"","_monsterinsights_sitenote_category":0},"product_brand":[],"product_cat":[12364,12376],"product_tag":[],"class_list":{"0":"post-725422","1":"product","2":"type-product","3":"status-publish","5":"product_cat-genel-konular","6":"product_cat-kisisel-gelisim","7":"pa_cilt-ciltsiz","8":"pa_tur-kitap","9":"pa_yayinevi-okuyan-us-yayin","10":"pa_yazar-rollo-may","12":"first","13":"instock","14":"sale","15":"shipping-taxable","16":"purchasable","17":"product-type-simple"},"_links":{"self":[{"href":"https:\/\/roveyayinevi.com.tr\/index.php\/wp-json\/wp\/v2\/product\/725422","targetHints":{"allow":["GET"]}}],"collection":[{"href":"https:\/\/roveyayinevi.com.tr\/index.php\/wp-json\/wp\/v2\/product"}],"about":[{"href":"https:\/\/roveyayinevi.com.tr\/index.php\/wp-json\/wp\/v2\/types\/product"}],"wp:attachment":[{"href":"https:\/\/roveyayinevi.com.tr\/index.php\/wp-json\/wp\/v2\/media?parent=725422"}],"wp:term":[{"taxonomy":"product_brand","embeddable":true,"href":"https:\/\/roveyayinevi.com.tr\/index.php\/wp-json\/wp\/v2\/product_brand?post=725422"},{"taxonomy":"product_cat","embeddable":true,"href":"https:\/\/roveyayinevi.com.tr\/index.php\/wp-json\/wp\/v2\/product_cat?post=725422"},{"taxonomy":"product_tag","embeddable":true,"href":"https:\/\/roveyayinevi.com.tr\/index.php\/wp-json\/wp\/v2\/product_tag?post=725422"}],"curies":[{"name":"wp","href":"https:\/\/api.w.org\/{rel}","templated":true}]}}