{"id":725417,"date":"2025-08-27T19:49:46","date_gmt":"2025-08-27T16:49:46","guid":{"rendered":"https:\/\/roveyayinevi.com.tr\/index.php\/urun\/dunyalar-savasi-4\/"},"modified":"2026-04-16T02:33:28","modified_gmt":"2026-04-15T23:33:28","slug":"dunyalar-savasi-4","status":"publish","type":"product","link":"https:\/\/roveyayinevi.com.tr\/index.php\/urun\/dunyalar-savasi-4\/","title":{"rendered":"D\u00fcnyalar Sava\u015f\u0131"},"content":{"rendered":"<p>G\u00f6kta\u015f\u0131 benzeri bir nesne \u0130ngiltere&#8217;nin kalbine indi\u011finde ge\u00aczegendeki t\u00fcm canl\u0131lar kendilerini bir sald\u0131r\u0131 alt\u0131nda bulmu\u015f\u00aclard\u0131. Merhametsiz bir t\u00fcr olan Marsl\u0131lar Is\u0131 I\u015f\u0131n\u0131 ve zehirli du\u00acmanla silahlanm\u0131\u015flard\u0131 ve yollar\u0131na \u00e7\u0131kan her \u015feyi yok etmek amac\u0131ndayd\u0131lar. \u0130simsiz kahraman\u0131m\u0131z hayatta kalmak i\u00e7in m\u00fccadele ederken gezegenin kaderi de belirsizdi.\u00c7a\u011fda\u015f bilimkurgunun \u00f6nc\u00fcs\u00fc olan H. G. Wells uzay yolculu\u00ac\u011fu ve ba\u015fka gezegenlerde ya\u015fayan canl\u0131lar\u0131n sald\u0131r\u0131s\u0131 gibi ya\u00acz\u0131nda ve sinemada \u00e7ok i\u015flenen konularda da ilkleri ortaya koy\u00acmu\u015ftur. 1897&#8217;de Birle\u015fik Krall\u0131k&#8217;ta tefrika edilen D\u00fcnyalar Sava\u015f\u0131 d\u00fcnya d\u0131\u015f\u0131 bir \u0131rkla sava\u015f\u0131 tasvir eden ilk \u00f6yk\u00fclerden biridir ve \u00e7ok say\u0131da uyarlamas\u0131 ile tekrar\u0131 olan bir eserdir.&#8221;Paras\u0131 olanlar\u0131n \u00e7o\u011funun Fransa &#8216;ya gitti\u011finden zerre kadar \u015f\u00fcphem yok, &#8221; dedi. \u00d6z\u00fcr dilesin mi, dilemesin mi, karars\u0131z kalm\u0131\u015f gibiydi. Benimle g\u00f6z g\u00f6ze gelince devam etti: &#8220;Bura\u00aclarda yiyecek bol. D\u00fckk\u00e2nlar konserve, \u015farap, i\u00e7ki ve maden sular\u0131yla dolu; \u00e7e\u015fmelerle suyollar\u0131nda kimse yok. Bunu bir yana b\u0131rakal\u0131m \u015fimdi, ne d\u00fc\u015f\u00fcnd\u00fc\u011f\u00fcm\u00fc anlat\u0131yordum sana. Kendi kendime dedim ki: &#8216;Bunlar ak\u0131ll\u0131 yarat\u0131klar ve belli ki bizi kendileri i\u00e7in yemek olarak g\u00f6r\u00fcyorlar. \u00d6nce bizi yerle bir edecekler &#8211; gemileri, makineleri, toplar\u0131, \u015fehirleri, b\u00fct\u00fcn bir d\u00fczenimizi ve \u00f6rg\u00fctlenmemizi yerle bir edecekler. Hepsi yok olacak. E\u011fer kar\u0131nca boyunda olsayd\u0131k can\u0131m\u0131z\u0131 kurtara\u00acbilirdik. Ama de\u011filiz. Duramayacak kadar iriyiz. \u0130lk kesin sonu\u00e7 bu. &#8216;Ne dersin? &#8220;<\/p>\n","protected":false},"excerpt":{"rendered":"<p>G\u00f6kta\u015f\u0131 benzeri bir nesne \u0130ngiltere&#8217;nin kalbine indi\u011finde ge\u00aczegendeki t\u00fcm canl\u0131lar kendilerini bir sald\u0131r\u0131 alt\u0131nda bulmu\u015f\u00aclard\u0131. Merhametsiz bir t\u00fcr olan Marsl\u0131lar Is\u0131 I\u015f\u0131n\u0131 ve zehirli du\u00acmanla silahlanm\u0131\u015flard\u0131<span class=\"excerpt-hellip\"> [\u2026]<\/span><\/p>\n","protected":false},"featured_media":0,"template":"","meta":{"_monsterinsights_skip_tracking":false,"_monsterinsights_sitenote_active":false,"_monsterinsights_sitenote_note":"","_monsterinsights_sitenote_category":0},"product_brand":[],"product_cat":[12540,12291],"product_tag":[],"class_list":{"0":"post-725417","1":"product","2":"type-product","3":"status-publish","5":"product_cat-bilim-kurgu","6":"product_cat-edebiyat","7":"pa_cilt-ciltsiz","8":"pa_tur-kitap","9":"pa_yayinevi-abis-yayincilik","10":"pa_yazar-herbert-george-wells","12":"first","13":"instock","14":"sale","15":"shipping-taxable","16":"purchasable","17":"product-type-simple"},"_links":{"self":[{"href":"https:\/\/roveyayinevi.com.tr\/index.php\/wp-json\/wp\/v2\/product\/725417","targetHints":{"allow":["GET"]}}],"collection":[{"href":"https:\/\/roveyayinevi.com.tr\/index.php\/wp-json\/wp\/v2\/product"}],"about":[{"href":"https:\/\/roveyayinevi.com.tr\/index.php\/wp-json\/wp\/v2\/types\/product"}],"wp:attachment":[{"href":"https:\/\/roveyayinevi.com.tr\/index.php\/wp-json\/wp\/v2\/media?parent=725417"}],"wp:term":[{"taxonomy":"product_brand","embeddable":true,"href":"https:\/\/roveyayinevi.com.tr\/index.php\/wp-json\/wp\/v2\/product_brand?post=725417"},{"taxonomy":"product_cat","embeddable":true,"href":"https:\/\/roveyayinevi.com.tr\/index.php\/wp-json\/wp\/v2\/product_cat?post=725417"},{"taxonomy":"product_tag","embeddable":true,"href":"https:\/\/roveyayinevi.com.tr\/index.php\/wp-json\/wp\/v2\/product_tag?post=725417"}],"curies":[{"name":"wp","href":"https:\/\/api.w.org\/{rel}","templated":true}]}}