{"id":725416,"date":"2025-08-27T19:49:45","date_gmt":"2025-08-27T16:49:45","guid":{"rendered":"https:\/\/roveyayinevi.com.tr\/index.php\/urun\/sekiz-randevu\/"},"modified":"2026-04-16T02:33:28","modified_gmt":"2026-04-15T23:33:28","slug":"sekiz-randevu","status":"publish","type":"product","link":"https:\/\/roveyayinevi.com.tr\/index.php\/urun\/sekiz-randevu\/","title":{"rendered":"Sekiz Randevu"},"content":{"rendered":"<p>Partnerinizle \u00e7ok \u00f6zel sekiz randevuya var m\u0131s\u0131n\u0131z?Her ili\u015fki ba\u015flang\u0131\u00e7taki heyecan ve tutkuyla s\u00fcrmez ama zaman\u0131n eskitti\u011fi duygular\u0131 tazelemek,sevgiyi g\u00fc\u00e7lendirmek m\u00fcmk\u00fcnd\u00fcr. Asl\u0131nda k\u00fc\u00e7\u00fck ve basit \u015feylerle; her g\u00fcn s\u00f6ylenen s\u00f6zler,yap\u0131lan jestler ve eylemlerle\u2026 Ama her \u015feyden \u00f6nemlisi birbirine ayr\u0131lan zamana \u00f6ncelik veayr\u0131cal\u0131k tan\u0131yarak\u2026G\u00fcven ve ba\u011fl\u0131l\u0131ktan seks, i\u015f ve para konular\u0131na, aile ve \u00e7ocuklardan e\u011flenceye ve hayallere kadarbir \u00e7iftin ya\u015fam\u0131ndaki hemen her \u015feyin konu\u015fuldu\u011fu \u00f6zel olarak planlanm\u0131\u015f sekiz randevud\u00fc\u015f\u00fcnebiliyor musunuz?Elinizdeki kitap bunu d\u00fc\u015f\u00fcnen ve ger\u00e7ekle\u015ftiren \u00e7iftlerin deneyimlerini ele al\u0131yor. Seattle\u2019dad\u00fcnyaca \u00fcnl\u00fc A\u015fk Laboratuvar\u0131\u2019n\u0131 kuran ve onlarca y\u0131l \u00e7ift ili\u015fkilerini ara\u015ft\u0131ran uzman yazar \u00e7ift,ya\u015fanm\u0131\u015f \u00f6rneklerden hareketle bu t\u00fcr randevularda bulu\u015fmay\u0131 \u00f6neriyor.Bunun kolay olmad\u0131\u011f\u0131n\u0131 d\u00fc\u015f\u00fcnebilirsiniz ama ger\u00e7ek bir sevgi hik\u00e2yesi bir peri masal\u0131 de\u011fildir;incinmeye a\u00e7\u0131k olmay\u0131 ve \u00e7abay\u0131 gerektirir. Sonu\u00e7ta kazan\u0131lacak \u00f6d\u00fcl \u00e7ok b\u00fcy\u00fck: Sevgi dolu bird\u00fcnya ve ya\u015fam boyu sevgiye dayal\u0131 ili\u015fki\u2026 \u00d6d\u00fcl bu ise denemeye de\u011fmez mi?<\/p>\n","protected":false},"excerpt":{"rendered":"<p>Partnerinizle \u00e7ok \u00f6zel sekiz randevuya var m\u0131s\u0131n\u0131z?Her ili\u015fki ba\u015flang\u0131\u00e7taki heyecan ve tutkuyla s\u00fcrmez ama zaman\u0131n eskitti\u011fi duygular\u0131 tazelemek,sevgiyi g\u00fc\u00e7lendirmek m\u00fcmk\u00fcnd\u00fcr. Asl\u0131nda k\u00fc\u00e7\u00fck ve basit \u015feylerle; her<span class=\"excerpt-hellip\"> [\u2026]<\/span><\/p>\n","protected":false},"featured_media":0,"template":"","meta":{"_monsterinsights_skip_tracking":false,"_monsterinsights_sitenote_active":false,"_monsterinsights_sitenote_note":"","_monsterinsights_sitenote_category":0},"product_brand":[],"product_cat":[14643,12291],"product_tag":[],"class_list":{"0":"post-725416","1":"product","2":"type-product","3":"status-publish","5":"product_cat-ask","6":"product_cat-edebiyat","7":"pa_cilt-ciltsiz","8":"pa_tur-kitap","9":"pa_yayinevi-kuraldisi-yayinevi","10":"pa_yazar-kuraldisi-yayinevi-kolektif","12":"first","13":"instock","14":"sale","15":"shipping-taxable","16":"purchasable","17":"product-type-simple"},"_links":{"self":[{"href":"https:\/\/roveyayinevi.com.tr\/index.php\/wp-json\/wp\/v2\/product\/725416","targetHints":{"allow":["GET"]}}],"collection":[{"href":"https:\/\/roveyayinevi.com.tr\/index.php\/wp-json\/wp\/v2\/product"}],"about":[{"href":"https:\/\/roveyayinevi.com.tr\/index.php\/wp-json\/wp\/v2\/types\/product"}],"wp:attachment":[{"href":"https:\/\/roveyayinevi.com.tr\/index.php\/wp-json\/wp\/v2\/media?parent=725416"}],"wp:term":[{"taxonomy":"product_brand","embeddable":true,"href":"https:\/\/roveyayinevi.com.tr\/index.php\/wp-json\/wp\/v2\/product_brand?post=725416"},{"taxonomy":"product_cat","embeddable":true,"href":"https:\/\/roveyayinevi.com.tr\/index.php\/wp-json\/wp\/v2\/product_cat?post=725416"},{"taxonomy":"product_tag","embeddable":true,"href":"https:\/\/roveyayinevi.com.tr\/index.php\/wp-json\/wp\/v2\/product_tag?post=725416"}],"curies":[{"name":"wp","href":"https:\/\/api.w.org\/{rel}","templated":true}]}}