{"id":725412,"date":"2025-08-27T19:49:41","date_gmt":"2025-08-27T16:49:41","guid":{"rendered":"https:\/\/roveyayinevi.com.tr\/index.php\/urun\/kus-ve-balik\/"},"modified":"2026-04-16T02:33:28","modified_gmt":"2026-04-15T23:33:28","slug":"kus-ve-balik","status":"publish","type":"product","link":"https:\/\/roveyayinevi.com.tr\/index.php\/urun\/kus-ve-balik\/","title":{"rendered":"Ku\u015f ve Bal\u0131k"},"content":{"rendered":"<p>Yamuk, yuvarlak ve d\u00fcz harflerin y\u00fcr\u00fcd\u00fc\u011f\u00fc sat\u0131rlarda her an d\u00fc\u015fecek gibi y\u00fcr\u00fcyen bir yazar vard\u0131.O beni yazd\u0131.Fakat harfler ya yar\u0131m b\u0131rak\u0131l\u0131yor, ya da sat\u0131r sonundan d\u00fc\u015f\u00fcp yok oluyorlard\u0131.O yazar\u0131 takip ettim.Ettim, kemiktim, kand\u0131m.Sonra damard\u0131m, damara a\u00e7\u0131lan kesiktim, damara dolan \u015fefkattim. Ne zaman ufac\u0131k evimin kap\u0131s\u0131ndan i\u00e7eriye ad\u0131m att\u0131 bir adam, onu d\u00fcnyama kabul ettim.Etti, kemikti, kand\u0131.Damard\u0131, damar\u0131 kopan b\u0131\u00e7akt\u0131 damara dolan a\u015fkt\u0131.Damar\u0131na kar\u0131\u015ft\u0131m,damar\u0131ma kar\u0131\u015ft\u0131.<\/p>\n","protected":false},"excerpt":{"rendered":"<p>Yamuk, yuvarlak ve d\u00fcz harflerin y\u00fcr\u00fcd\u00fc\u011f\u00fc sat\u0131rlarda her an d\u00fc\u015fecek gibi y\u00fcr\u00fcyen bir yazar vard\u0131.O beni yazd\u0131.Fakat harfler ya yar\u0131m b\u0131rak\u0131l\u0131yor, ya da sat\u0131r sonundan d\u00fc\u015f\u00fcp<span class=\"excerpt-hellip\"> [\u2026]<\/span><\/p>\n","protected":false},"featured_media":0,"template":"","meta":{"_monsterinsights_skip_tracking":false,"_monsterinsights_sitenote_active":false,"_monsterinsights_sitenote_note":"","_monsterinsights_sitenote_category":0},"product_brand":[],"product_cat":[12291,12711],"product_tag":[],"class_list":{"0":"post-725412","1":"product","2":"type-product","3":"status-publish","5":"product_cat-edebiyat","6":"product_cat-roman-oyku","7":"pa_cilt-ciltsiz","8":"pa_tur-kitap","9":"pa_yayinevi-herdem-kitap","10":"pa_yazar-melek-elmas-tan","12":"first","13":"instock","14":"sale","15":"shipping-taxable","16":"purchasable","17":"product-type-simple"},"_links":{"self":[{"href":"https:\/\/roveyayinevi.com.tr\/index.php\/wp-json\/wp\/v2\/product\/725412","targetHints":{"allow":["GET"]}}],"collection":[{"href":"https:\/\/roveyayinevi.com.tr\/index.php\/wp-json\/wp\/v2\/product"}],"about":[{"href":"https:\/\/roveyayinevi.com.tr\/index.php\/wp-json\/wp\/v2\/types\/product"}],"wp:attachment":[{"href":"https:\/\/roveyayinevi.com.tr\/index.php\/wp-json\/wp\/v2\/media?parent=725412"}],"wp:term":[{"taxonomy":"product_brand","embeddable":true,"href":"https:\/\/roveyayinevi.com.tr\/index.php\/wp-json\/wp\/v2\/product_brand?post=725412"},{"taxonomy":"product_cat","embeddable":true,"href":"https:\/\/roveyayinevi.com.tr\/index.php\/wp-json\/wp\/v2\/product_cat?post=725412"},{"taxonomy":"product_tag","embeddable":true,"href":"https:\/\/roveyayinevi.com.tr\/index.php\/wp-json\/wp\/v2\/product_tag?post=725412"}],"curies":[{"name":"wp","href":"https:\/\/api.w.org\/{rel}","templated":true}]}}