{"id":725411,"date":"2025-08-27T19:49:40","date_gmt":"2025-08-27T16:49:40","guid":{"rendered":"https:\/\/roveyayinevi.com.tr\/index.php\/urun\/gec-dogan-gunes\/"},"modified":"2026-04-16T02:33:28","modified_gmt":"2026-04-15T23:33:28","slug":"gec-dogan-gunes","status":"publish","type":"product","link":"https:\/\/roveyayinevi.com.tr\/index.php\/urun\/gec-dogan-gunes\/","title":{"rendered":"Ge\u00e7 Do\u011fan G\u00fcne\u015f"},"content":{"rendered":"<p>&#8220;Seni affetti\u011fimi s\u00f6ylemeyi bir t\u00fcrl\u00fc kendime yediremedim. Ne zaman ki hastaland\u0131m, \u00f6l\u00fcm d\u00f6\u015fe\u011finde yatacak duruma geldim, o zaman kalemi elime ald\u0131m. Sen benim deli, deli oldu\u011fu kadar da zeki k\u0131z\u0131ms\u0131n. Ka\u00e7\u0131p gitmene tabii ki \u00fcz\u00fcld\u00fcm ama biliyordum ki benim her tuttu\u011funu koparan k\u0131z\u0131m bunun da \u00fcstesinden gelecektir. S\u00f6z\u00fc uzatmaya gerek yok k\u0131z\u0131m, seni \u00e7oktan affettim. Tek eksi\u011fim \u00f6lmeden \u00f6nce sana s\u0131ms\u0131k\u0131 sar\u0131lamamak oldu\u2026\u201dBaban&#8230;<\/p>\n","protected":false},"excerpt":{"rendered":"<p>&#8220;Seni affetti\u011fimi s\u00f6ylemeyi bir t\u00fcrl\u00fc kendime yediremedim. Ne zaman ki hastaland\u0131m, \u00f6l\u00fcm d\u00f6\u015fe\u011finde yatacak duruma geldim, o zaman kalemi elime ald\u0131m. Sen benim deli, deli oldu\u011fu<span class=\"excerpt-hellip\"> [\u2026]<\/span><\/p>\n","protected":false},"featured_media":0,"template":"","meta":{"_monsterinsights_skip_tracking":false,"_monsterinsights_sitenote_active":false,"_monsterinsights_sitenote_note":"","_monsterinsights_sitenote_category":0},"product_brand":[],"product_cat":[12291,12711],"product_tag":[],"class_list":{"0":"post-725411","1":"product","2":"type-product","3":"status-publish","5":"product_cat-edebiyat","6":"product_cat-roman-oyku","7":"pa_cilt-ciltsiz","8":"pa_tur-kitap","9":"pa_yayinevi-lirik-yayincilik","10":"pa_yazar-hatice-yandi","12":"first","13":"instock","14":"sale","15":"shipping-taxable","16":"purchasable","17":"product-type-simple"},"_links":{"self":[{"href":"https:\/\/roveyayinevi.com.tr\/index.php\/wp-json\/wp\/v2\/product\/725411","targetHints":{"allow":["GET"]}}],"collection":[{"href":"https:\/\/roveyayinevi.com.tr\/index.php\/wp-json\/wp\/v2\/product"}],"about":[{"href":"https:\/\/roveyayinevi.com.tr\/index.php\/wp-json\/wp\/v2\/types\/product"}],"wp:attachment":[{"href":"https:\/\/roveyayinevi.com.tr\/index.php\/wp-json\/wp\/v2\/media?parent=725411"}],"wp:term":[{"taxonomy":"product_brand","embeddable":true,"href":"https:\/\/roveyayinevi.com.tr\/index.php\/wp-json\/wp\/v2\/product_brand?post=725411"},{"taxonomy":"product_cat","embeddable":true,"href":"https:\/\/roveyayinevi.com.tr\/index.php\/wp-json\/wp\/v2\/product_cat?post=725411"},{"taxonomy":"product_tag","embeddable":true,"href":"https:\/\/roveyayinevi.com.tr\/index.php\/wp-json\/wp\/v2\/product_tag?post=725411"}],"curies":[{"name":"wp","href":"https:\/\/api.w.org\/{rel}","templated":true}]}}