{"id":725410,"date":"2025-08-27T19:49:40","date_gmt":"2025-08-27T16:49:40","guid":{"rendered":"https:\/\/roveyayinevi.com.tr\/index.php\/urun\/hastane-onunde-incir-agaci\/"},"modified":"2026-04-16T02:33:28","modified_gmt":"2026-04-15T23:33:28","slug":"hastane-onunde-incir-agaci","status":"publish","type":"product","link":"https:\/\/roveyayinevi.com.tr\/index.php\/urun\/hastane-onunde-incir-agaci\/","title":{"rendered":"Hastane \u00d6n\u00fcnde \u0130ncir A\u011fac\u0131"},"content":{"rendered":"<p>Kom\u015fu k\u0131z\u0131 ile be\u015fik kertmesi olan gen\u00e7 askere gider. Burada vereme yakalan\u0131r. Hava de\u011fi\u015fimi diyerek Yozgat&#8217;a g\u00f6nderilir. Sevdi\u011finin ailesi; hasta oldu\u011fu i\u00e7in ona k\u0131zlar\u0131n\u0131 g\u00f6stermezler. Tedavi i\u00e7in \u0130stanbul&#8217;a gider ve hastaneye yatar. Hastane odas\u0131n\u0131n penceresinden g\u00f6rd\u00fc\u011f\u00fc incir a\u011fac\u0131ndan ald\u0131\u011f\u0131 ilhamla a\u015fa\u011f\u0131daki t\u00fcrk\u00fcy\u00fc s\u00f6yler. Hastal\u0131\u011f\u0131ndan kurtulamayan gen\u00e7ten geriye sevdi\u011fi k\u0131za yazd\u0131\u011f\u0131 bu t\u00fcrk\u00fc kal\u0131r.Hastane \u00f6n\u00fcnde incir a\u011fac\u0131Doktor bulamad\u0131 bana ilac\u0131Ba\u015ftabip geliyor zehirden ac\u0131Garip kald\u0131m y\u00fcre\u011fime derdolduEllerin vatan\u0131 bana yurdolduMezar\u0131m\u0131 kaz\u0131n bay\u0131ra d\u00fczeY\u00f6n\u00fcn\u00fc \u00e7evirin s\u0131ladan y\u00fczeBenden selam s\u00f6ylen sevdi\u011fim k\u0131zaBa\u015f\u0131na koysun karalar ba\u011flas\u0131nGurbet elde kald\u0131m diye a\u011flas\u0131n<\/p>\n","protected":false},"excerpt":{"rendered":"<p>Kom\u015fu k\u0131z\u0131 ile be\u015fik kertmesi olan gen\u00e7 askere gider. Burada vereme yakalan\u0131r. Hava de\u011fi\u015fimi diyerek Yozgat&#8217;a g\u00f6nderilir. Sevdi\u011finin ailesi; hasta oldu\u011fu i\u00e7in ona k\u0131zlar\u0131n\u0131 g\u00f6stermezler. Tedavi<span class=\"excerpt-hellip\"> [\u2026]<\/span><\/p>\n","protected":false},"featured_media":0,"template":"","meta":{"_monsterinsights_skip_tracking":false,"_monsterinsights_sitenote_active":false,"_monsterinsights_sitenote_note":"","_monsterinsights_sitenote_category":0},"product_brand":[],"product_cat":[12291,12711],"product_tag":[],"class_list":{"0":"post-725410","1":"product","2":"type-product","3":"status-publish","5":"product_cat-edebiyat","6":"product_cat-roman-oyku","7":"pa_cilt-ciltsiz","8":"pa_tur-kitap","9":"pa_yayinevi-lirik-yayincilik","10":"pa_yazar-erhan-ozkan","12":"first","13":"instock","14":"sale","15":"shipping-taxable","16":"purchasable","17":"product-type-simple"},"_links":{"self":[{"href":"https:\/\/roveyayinevi.com.tr\/index.php\/wp-json\/wp\/v2\/product\/725410","targetHints":{"allow":["GET"]}}],"collection":[{"href":"https:\/\/roveyayinevi.com.tr\/index.php\/wp-json\/wp\/v2\/product"}],"about":[{"href":"https:\/\/roveyayinevi.com.tr\/index.php\/wp-json\/wp\/v2\/types\/product"}],"wp:attachment":[{"href":"https:\/\/roveyayinevi.com.tr\/index.php\/wp-json\/wp\/v2\/media?parent=725410"}],"wp:term":[{"taxonomy":"product_brand","embeddable":true,"href":"https:\/\/roveyayinevi.com.tr\/index.php\/wp-json\/wp\/v2\/product_brand?post=725410"},{"taxonomy":"product_cat","embeddable":true,"href":"https:\/\/roveyayinevi.com.tr\/index.php\/wp-json\/wp\/v2\/product_cat?post=725410"},{"taxonomy":"product_tag","embeddable":true,"href":"https:\/\/roveyayinevi.com.tr\/index.php\/wp-json\/wp\/v2\/product_tag?post=725410"}],"curies":[{"name":"wp","href":"https:\/\/api.w.org\/{rel}","templated":true}]}}