{"id":725407,"date":"2025-08-27T19:49:37","date_gmt":"2025-08-27T16:49:37","guid":{"rendered":"https:\/\/roveyayinevi.com.tr\/index.php\/urun\/bak-su-gezegene\/"},"modified":"2026-04-16T02:33:28","modified_gmt":"2026-04-15T23:33:28","slug":"bak-su-gezegene","status":"publish","type":"product","link":"https:\/\/roveyayinevi.com.tr\/index.php\/urun\/bak-su-gezegene\/","title":{"rendered":"Bak \u015eu Gezegene"},"content":{"rendered":"<p>Haydi, muhte\u015fem bir yolculu\u011fa \u00e7\u0131kal\u0131m, g\u00f6ky\u00fcz\u00fcnde parlayan GEZEGENLERLE tan\u0131\u015fal\u0131m. Madem oralar arabayla gidemeyecek kadar uzak, biz de ROKETE atlad\u0131\u011f\u0131m\u0131z gibi u\u00e7ar\u0131z, \u00e7abucak!\u00c7ok satan \u00e7ocuk kitaplar\u0131n\u0131n \u00f6d\u00fcll\u00fc yazar\u0131 Caryl Hart\u2019tan, kafiyeli anlat\u0131m\u0131 ve g\u00f6z al\u0131c\u0131 \u00e7izimleriyle, gelece\u011fin ASTRONOTLARI i\u00e7in MUHTE\u015eEM bir resimli kitap<\/p>\n","protected":false},"excerpt":{"rendered":"<p>Haydi, muhte\u015fem bir yolculu\u011fa \u00e7\u0131kal\u0131m, g\u00f6ky\u00fcz\u00fcnde parlayan GEZEGENLERLE tan\u0131\u015fal\u0131m. Madem oralar arabayla gidemeyecek kadar uzak, biz de ROKETE atlad\u0131\u011f\u0131m\u0131z gibi u\u00e7ar\u0131z, \u00e7abucak!\u00c7ok satan \u00e7ocuk kitaplar\u0131n\u0131n \u00f6d\u00fcll\u00fc<span class=\"excerpt-hellip\"> [\u2026]<\/span><\/p>\n","protected":false},"featured_media":0,"template":"","meta":{"_monsterinsights_skip_tracking":false,"_monsterinsights_sitenote_active":false,"_monsterinsights_sitenote_note":"","_monsterinsights_sitenote_category":0},"product_brand":[],"product_cat":[12913,12274],"product_tag":[],"class_list":{"0":"post-725407","1":"product","2":"type-product","3":"status-publish","5":"product_cat-3-6-yas-kitaplari","6":"product_cat-cocuk-ve-genclik-kitaplari","7":"pa_cilt-ciltsiz","8":"pa_tur-kitap","9":"pa_yayinevi-domingo-yayinevi","10":"pa_yazar-caryl-hart","12":"first","13":"instock","14":"sale","15":"shipping-taxable","16":"purchasable","17":"product-type-simple"},"_links":{"self":[{"href":"https:\/\/roveyayinevi.com.tr\/index.php\/wp-json\/wp\/v2\/product\/725407","targetHints":{"allow":["GET"]}}],"collection":[{"href":"https:\/\/roveyayinevi.com.tr\/index.php\/wp-json\/wp\/v2\/product"}],"about":[{"href":"https:\/\/roveyayinevi.com.tr\/index.php\/wp-json\/wp\/v2\/types\/product"}],"wp:attachment":[{"href":"https:\/\/roveyayinevi.com.tr\/index.php\/wp-json\/wp\/v2\/media?parent=725407"}],"wp:term":[{"taxonomy":"product_brand","embeddable":true,"href":"https:\/\/roveyayinevi.com.tr\/index.php\/wp-json\/wp\/v2\/product_brand?post=725407"},{"taxonomy":"product_cat","embeddable":true,"href":"https:\/\/roveyayinevi.com.tr\/index.php\/wp-json\/wp\/v2\/product_cat?post=725407"},{"taxonomy":"product_tag","embeddable":true,"href":"https:\/\/roveyayinevi.com.tr\/index.php\/wp-json\/wp\/v2\/product_tag?post=725407"}],"curies":[{"name":"wp","href":"https:\/\/api.w.org\/{rel}","templated":true}]}}