{"id":725404,"date":"2025-08-27T19:49:35","date_gmt":"2025-08-27T16:49:35","guid":{"rendered":"https:\/\/roveyayinevi.com.tr\/index.php\/urun\/hunlar-2\/"},"modified":"2026-04-16T02:33:28","modified_gmt":"2026-04-15T23:33:28","slug":"hunlar-2","status":"publish","type":"product","link":"https:\/\/roveyayinevi.com.tr\/index.php\/urun\/hunlar-2\/","title":{"rendered":"Hunlar"},"content":{"rendered":"<p>Hunlar\u0131n D\u00fcnya tarihine hi\u00e7bir katk\u0131lar\u0131 olmayan y\u0131k\u0131c\u0131 bir halk oldu\u011funa ili\u015fkin yayg\u0131n kan\u0131ya meydan okuyan, hi\u00e7 sorulmam\u0131\u015f sorular\u0131 soran \u00f6zg\u00fcn bir ara\u015ft\u0131rma, Fransa&#8217;dan Man\u00e7urya&#8217;n\u0131n d\u00fczl\u00fcklerine kadar neredeyse b\u00fct\u00fcn Avrasya k\u0131tas\u0131n\u0131n muhtelif yerlerinde y\u00fczy\u0131llar boyunca Hun hakimiyeti d\u00f6nemi ya\u015fanm\u0131\u015ft\u0131r. Hunlar U\u00e7suz Bucaks\u0131z Avrasya&#8217;n\u0131n hemen her b\u00f6lgesinde imparatorluklar ve devlet d\u00fczeyi te\u015fekk\u00fcller tesis etmi\u015ftir. Bu ger\u00e7ekli\u011fe ra\u011fmen nedendir bilinmez, Hunlar\u0131n tarihleri s\u0131kl\u0131kla son d\u00f6nem Roma \u0130mparatorlu\u011fu ile Germen halklar\u0131n\u0131n ilk d\u00f6nem tarihinin dipnotu muamelesi g\u00f6rm\u00fc\u015ft\u00fcr. Yazar Bu dengesizli\u011fe parmak bas\u0131yor ve Hunlar\u0131n D\u00fcnya tarihine hi\u00e7bir katk\u0131lar\u0131 olmayan y\u0131k\u0131c\u0131 bir halk oldu\u011funa ili\u015fkin yayg\u0131n kan\u0131ya meydan okuyor. Hunlar\u0131n k\u0131ta Avrasya&#8217;s\u0131n\u0131n b\u00fcy\u00fck b\u00f6l\u00fcm\u00fcne yay\u0131lmas\u0131n\u0131n yol a\u00e7t\u0131\u011f\u0131 jeopolitik de\u011fi\u015fimleri analiz ederek Avrupa, \u00c7in ve Hint medeniyeti ile devlet idaresine yapt\u0131\u011f\u0131 katk\u0131lar\u0131 ortaya koyuyor. Yunan, Latin ve bunlara ek olarak eski \u00c7in kaynaklar\u0131 \u00fczerine derinlemesine ara\u015ft\u0131rmalar y\u00fcr\u00fctecek dil becerilerine sahip yazar\u0131m\u0131z Hunlara ili\u015fkin yepyeni bilgiler sunmakla kalm\u0131yor, bilindik kaynaklar\u0131n g\u00fcvenilirli\u011fini daha \u00f6nce hi\u00e7 sorulmam\u0131\u015f sorularla s\u0131n\u0131yor.<\/p>\n","protected":false},"excerpt":{"rendered":"<p>Hunlar\u0131n D\u00fcnya tarihine hi\u00e7bir katk\u0131lar\u0131 olmayan y\u0131k\u0131c\u0131 bir halk oldu\u011funa ili\u015fkin yayg\u0131n kan\u0131ya meydan okuyan, hi\u00e7 sorulmam\u0131\u015f sorular\u0131 soran \u00f6zg\u00fcn bir ara\u015ft\u0131rma, Fransa&#8217;dan Man\u00e7urya&#8217;n\u0131n d\u00fczl\u00fcklerine kadar<span class=\"excerpt-hellip\"> [\u2026]<\/span><\/p>\n","protected":false},"featured_media":0,"template":"","meta":{"_monsterinsights_skip_tracking":false,"_monsterinsights_sitenote_active":false,"_monsterinsights_sitenote_note":"","_monsterinsights_sitenote_category":0},"product_brand":[],"product_cat":[12370,12304],"product_tag":[],"class_list":{"0":"post-725404","1":"product","2":"type-product","3":"status-publish","5":"product_cat-arastirma-inceleme","6":"product_cat-tarih","7":"pa_cilt-ciltsiz","8":"pa_tur-kitap","9":"pa_yayinevi-gumbel-yayim","10":"pa_yazar-hyun-jin-kim","12":"first","13":"instock","14":"sale","15":"shipping-taxable","16":"purchasable","17":"product-type-simple"},"_links":{"self":[{"href":"https:\/\/roveyayinevi.com.tr\/index.php\/wp-json\/wp\/v2\/product\/725404","targetHints":{"allow":["GET"]}}],"collection":[{"href":"https:\/\/roveyayinevi.com.tr\/index.php\/wp-json\/wp\/v2\/product"}],"about":[{"href":"https:\/\/roveyayinevi.com.tr\/index.php\/wp-json\/wp\/v2\/types\/product"}],"wp:attachment":[{"href":"https:\/\/roveyayinevi.com.tr\/index.php\/wp-json\/wp\/v2\/media?parent=725404"}],"wp:term":[{"taxonomy":"product_brand","embeddable":true,"href":"https:\/\/roveyayinevi.com.tr\/index.php\/wp-json\/wp\/v2\/product_brand?post=725404"},{"taxonomy":"product_cat","embeddable":true,"href":"https:\/\/roveyayinevi.com.tr\/index.php\/wp-json\/wp\/v2\/product_cat?post=725404"},{"taxonomy":"product_tag","embeddable":true,"href":"https:\/\/roveyayinevi.com.tr\/index.php\/wp-json\/wp\/v2\/product_tag?post=725404"}],"curies":[{"name":"wp","href":"https:\/\/api.w.org\/{rel}","templated":true}]}}