{"id":725401,"date":"2025-08-27T19:49:33","date_gmt":"2025-08-27T16:49:33","guid":{"rendered":"https:\/\/roveyayinevi.com.tr\/index.php\/urun\/kure-sellesme\/"},"modified":"2026-04-16T02:33:28","modified_gmt":"2026-04-15T23:33:28","slug":"kure-sellesme","status":"publish","type":"product","link":"https:\/\/roveyayinevi.com.tr\/index.php\/urun\/kure-sellesme\/","title":{"rendered":"K\u00fcre-Selle\u015fme"},"content":{"rendered":"<p>Elinizde tuttu\u011funuz bu kitapta \u00fc\u00e7 kitap var!Mustafa Balbay, d\u00fcnyan\u0131n ve T\u00fcrkiye\u2019nin 2020 y\u0131l\u0131ndaki g\u00f6r\u00fcn\u00fcm\u00fcn\u00fc tarihsel derinlik i\u00e7inde kaleme ald\u0131.Kitab\u0131n birinci b\u00f6l\u00fcm\u00fcnde Kovid-19 salg\u0131n\u0131n\u0131n \u00e7\u0131k\u0131\u015f\u0131, genel sonu\u00e7lar\u0131 ve tarihteki salg\u0131nlar yer al\u0131yor.K\u00fcreselle\u015fmeye ili\u015fkin \u00f6zg\u00fcn yakla\u015f\u0131mlar ortaya koyan Balbay, salg\u0131nlar tarihini aktar\u0131rken d\u00fcnya gezilerindeki g\u00f6zlemlerini de okurla payla\u015f\u0131yor.\u0130kinci b\u00f6l\u00fcmde d\u00fcnyan\u0131n i\u00e7inde bulundu\u011fu durum, sol pencereden g\u00f6r\u00fcn\u00fcm, Kovid-19 salg\u0131n\u0131n\u0131n sonu\u00e7lar\u0131 \u0131\u015f\u0131\u011f\u0131nda k\u00fcreselle\u015fmenin analizi ve \u00e7\u0131k\u0131\u015f yollar\u0131 konu ediliyor.\u00dc\u00e7\u00fcnc\u00fc b\u00f6l\u00fcnde T\u00fcrkiye\u2019nin sorunlar\u0131n\u0131 \u00e7\u00f6zecek bir iktidar se\u00e7ene\u011fi olarak CHP yer al\u0131yor. Kurulu\u015fundan 2020\u2019ye dek t\u00fcm kurultaylar\u0131nsonu\u00e7lar\u0131, T\u00fcrkiye\u2019nin siyasi tarihinde CHP\u2019nin yeri ve CHP\u2019den beklenenler bu alandaki \u00e7al\u0131\u015fmalar\u0131 bilinen ayd\u0131nlar\u0131n g\u00f6r\u00fc\u015fleri \u0131\u015f\u0131ndaaktar\u0131l\u0131yor. B\u00f6l\u00fcm\u00fcn sonunda CHP Genel Ba\u015fkan\u0131 Kemal K\u0131l\u0131\u00e7daro\u011flu\u2019nun sol anlat\u0131m\u0131n\u0131, daha g\u00fczel bir T\u00fcrkiye ve d\u00fcnya i\u00e7in \u00f6nerilerini i\u00e7eren iki yaz\u0131s\u0131 var.Bu kitab\u0131n i\u00e7eri\u011finde r\u00f6portajlar, g\u00f6r\u00fc\u015fmeler ve \u00f6zel olarak kaleme al\u0131nan yaz\u0131lar \u00f6nemli bir zenginlik olu\u015fturuyor.Kitap sayfalar\u0131nda yer al\u0131\u015f s\u0131ras\u0131na g\u00f6re bu katk\u0131y\u0131 sa\u011flayanlar \u015f\u00f6yle:Prof. Dr. Emre Kongar, Kamil Erdo\u011fdu, Cenk Ba\u015flam\u0131\u015f, Ergin Y\u0131ld\u0131zo\u011flu, S\u00fcleyman Tosuno\u011flu, Mertcan \u0130pek, Prof. Dr. T\u00fcrkkaya Ata\u00f6v, HalilAk\u0131nc\u0131, Prof. Dr. Daron Acemo\u011flu, Prof. Dr. \u0130lhan Tekeli, Prof. Dr. \u0130onna Ku\u00e7uradi, \u00d6mer L\u00fctf\u00fc Av\u015far, Do\u011fan Suba\u015f\u0131, Prof. Dr. BilsayKuru\u00e7, Arzu \u00c7erkezo\u011flu, Do\u00e7. Dr. G\u00fclten U\u00e7an, Dr. Seren Selvin Korkmaz, Kemal Okuyan, Leyla K\u0131l\u0131\u00e7, \u00d6nder \u0130\u015fleyen, Mahmut L\u0131cal\u0131, Altan \u00d6ymen, Prof. Dr. Sencer Ayata, Erol Tuncer, Prof. Dr. Korkut Boratav, Fikret Bila, Prof. Dr. Hakk\u0131 Uyar, Kemal K\u0131l\u0131\u00e7daro\u011flu.Katk\u0131lar\u0131 nedeniyle \u00e7ok te\u015fekk\u00fcr ediyoruz.<\/p>\n","protected":false},"excerpt":{"rendered":"<p>Elinizde tuttu\u011funuz bu kitapta \u00fc\u00e7 kitap var!Mustafa Balbay, d\u00fcnyan\u0131n ve T\u00fcrkiye\u2019nin 2020 y\u0131l\u0131ndaki g\u00f6r\u00fcn\u00fcm\u00fcn\u00fc tarihsel derinlik i\u00e7inde kaleme ald\u0131.Kitab\u0131n birinci b\u00f6l\u00fcm\u00fcnde Kovid-19 salg\u0131n\u0131n\u0131n \u00e7\u0131k\u0131\u015f\u0131, genel sonu\u00e7lar\u0131<span class=\"excerpt-hellip\"> [\u2026]<\/span><\/p>\n","protected":false},"featured_media":0,"template":"","meta":{"_monsterinsights_skip_tracking":false,"_monsterinsights_sitenote_active":false,"_monsterinsights_sitenote_note":"","_monsterinsights_sitenote_category":0},"product_brand":[],"product_cat":[13590,12337],"product_tag":[],"class_list":{"0":"post-725401","1":"product","2":"type-product","3":"status-publish","5":"product_cat-arastirma-inceleme-politika-siyaset","6":"product_cat-politika-siyaset","7":"pa_cilt-ciltsiz","8":"pa_tur-kitap","9":"pa_yayinevi-cumhuriyet-kitaplari","10":"pa_yazar-mustafa-balbay","12":"first","13":"instock","14":"sale","15":"shipping-taxable","16":"purchasable","17":"product-type-simple"},"_links":{"self":[{"href":"https:\/\/roveyayinevi.com.tr\/index.php\/wp-json\/wp\/v2\/product\/725401","targetHints":{"allow":["GET"]}}],"collection":[{"href":"https:\/\/roveyayinevi.com.tr\/index.php\/wp-json\/wp\/v2\/product"}],"about":[{"href":"https:\/\/roveyayinevi.com.tr\/index.php\/wp-json\/wp\/v2\/types\/product"}],"wp:attachment":[{"href":"https:\/\/roveyayinevi.com.tr\/index.php\/wp-json\/wp\/v2\/media?parent=725401"}],"wp:term":[{"taxonomy":"product_brand","embeddable":true,"href":"https:\/\/roveyayinevi.com.tr\/index.php\/wp-json\/wp\/v2\/product_brand?post=725401"},{"taxonomy":"product_cat","embeddable":true,"href":"https:\/\/roveyayinevi.com.tr\/index.php\/wp-json\/wp\/v2\/product_cat?post=725401"},{"taxonomy":"product_tag","embeddable":true,"href":"https:\/\/roveyayinevi.com.tr\/index.php\/wp-json\/wp\/v2\/product_tag?post=725401"}],"curies":[{"name":"wp","href":"https:\/\/api.w.org\/{rel}","templated":true}]}}