{"id":725398,"date":"2025-08-27T19:49:31","date_gmt":"2025-08-27T16:49:31","guid":{"rendered":"https:\/\/roveyayinevi.com.tr\/index.php\/urun\/gramsci-ve-halk-egitimi\/"},"modified":"2026-04-16T02:33:28","modified_gmt":"2026-04-15T23:33:28","slug":"gramsci-ve-halk-egitimi","status":"publish","type":"product","link":"https:\/\/roveyayinevi.com.tr\/index.php\/urun\/gramsci-ve-halk-egitimi\/","title":{"rendered":"Gramsci Ve Halk E\u011fitimi"},"content":{"rendered":"<p>\u0130ngiliz e\u011fitimci Timothy D. Ireland, 1979\u2019dan bu yana ya\u015fad\u0131\u011f\u0131 Brezilya\u2019y\u0131 ve La-tin Amerika\u2019y\u0131 \u00e7ok iyi tan\u0131yan ve anlatan bir akademisyendir. 1987\u2019de bas\u0131lan bu monografik \u00e7al\u0131\u015fmas\u0131, aradan ge\u00e7en onca zamana kar\u015f\u0131n i\u00e7erdi\u011fi \u00f6zg\u00fcn bak\u0131\u015f a\u00e7\u0131s\u0131 ve tezleriyle okunmay\u0131 hak ediyor. Ireland, halk e\u011fitimi ve yeti\u015fkin e\u011fitimi kavramlar\u0131n\u0131, \u0130talya ve Brezilya \u00f6rnekle-rinin s\u0131n\u0131fsal, tarihsel ve politik analizleri \u00fczerinden ele al\u0131yor. Yakla\u015f\u0131m\u0131n\u0131 Gramsci\u2019nin temel kavramlar\u0131 (hegemonya, organik ayd\u0131n, parti, sa\u011fduyu, mevzi sava\u015f\u0131, pasif devrim vd.) \u00e7er\u00e7evesinde somutla\u015ft\u0131ran Ireland, zengin veriler, ta-rihsel ger\u00e7eklikler ve politik akt\u00f6rlerin (siyasal parti, politikac\u0131, e\u011fitimciler vd.) halk e\u011fitimine olan bak\u0131\u015flar\u0131n\u0131 ele\u015ftirel bi\u00e7imde ortaya koyuyor. Kitapta halk e\u011fitimi, teknik bir tamamlay\u0131c\u0131 e\u011fitim veya okuryazarl\u0131k meselesin-den ziyade, alabildi\u011fine kapsaml\u0131 ve makro d\u00fczeyde analiz edilmektedir. \u0130talya ile kar\u015f\u0131la\u015ft\u0131r\u0131lan Brezilya\u2019da halk e\u011fitimi kavram\u0131 ve olgusu, Kurtulu\u015f Teolojisi, askeri darbe, s\u0131n\u0131fsal m\u00fccadele, politik koalisyonlar, kom\u00fcnist partiler, sivil top-lum, liberal g\u00f6r\u00fc\u015fler, oligar\u015fik \u00e7evreler, ithal ikameci sanayile\u015fme, k\u0131rdan kente g\u00f6\u00e7, informal sekt\u00f6rde \u00e7al\u0131\u015fma, kapitalist \u00fcretim bi\u00e7imi, yoksulluk, halk tabaka-lar\u0131, Machismo gibi pek \u00e7ok parametre \u00e7er\u00e7evesinde i\u015flenmektedir. Ireland\u2019a g\u00f6re 1960\u2019lar\u0131n ba\u015f\u0131ndan bu yana ba\u015fta Paulo Freire olmak \u00fczere pek \u00e7ok halk e\u011fitimcinin \u00e7abalar\u0131yla yeti\u015fkin e\u011fitimine y\u00f6nelik yerli bir Latin Ameri-kal\u0131 yakla\u015f\u0131m ortaya \u00e7\u0131kt\u0131. Latin Amerika\u2019n\u0131n, ABD ve Avrupa\u2019da \u00fcretilen \u201ctoplum kalk\u0131nmas\u0131\u201d, \u201cya\u015fam boyu e\u011fitim\u201d ve \u201cyayg\u0131n e\u011fitim\u201d gibi \u00e7e\u015fitli yakla\u015f\u0131mlar\u0131n etkisinde kalsa da, kendine \u00f6zg\u00fc bi\u00e7imde geli\u015ftirdi\u011fi \u201cHalk E\u011fitimi\u201d (Popular Education), \u00f6rg\u00fcn e\u011fitim imk\u00e2n\u0131 bulamayan halk tabakalar\u0131 i\u00e7in ger\u00e7ek bir \u00e7\u00f6z\u00fcmd\u00fcr.<\/p>\n","protected":false},"excerpt":{"rendered":"<p>\u0130ngiliz e\u011fitimci Timothy D. Ireland, 1979\u2019dan bu yana ya\u015fad\u0131\u011f\u0131 Brezilya\u2019y\u0131 ve La-tin Amerika\u2019y\u0131 \u00e7ok iyi tan\u0131yan ve anlatan bir akademisyendir. 1987\u2019de bas\u0131lan bu monografik \u00e7al\u0131\u015fmas\u0131, aradan<span class=\"excerpt-hellip\"> [\u2026]<\/span><\/p>\n","protected":false},"featured_media":0,"template":"","meta":{"_monsterinsights_skip_tracking":false,"_monsterinsights_sitenote_active":false,"_monsterinsights_sitenote_note":"","_monsterinsights_sitenote_category":0},"product_brand":[],"product_cat":[12388,15536],"product_tag":[],"class_list":{"0":"post-725398","1":"product","2":"type-product","3":"status-publish","5":"product_cat-felsefe","6":"product_cat-siyaset-felsefesi","7":"pa_cilt-ciltsiz","8":"pa_tur-kitap","9":"pa_yayinevi-toz-yayinlari","10":"pa_yazar-timothy-d-ireland","12":"first","13":"instock","14":"sale","15":"shipping-taxable","16":"purchasable","17":"product-type-simple"},"_links":{"self":[{"href":"https:\/\/roveyayinevi.com.tr\/index.php\/wp-json\/wp\/v2\/product\/725398","targetHints":{"allow":["GET"]}}],"collection":[{"href":"https:\/\/roveyayinevi.com.tr\/index.php\/wp-json\/wp\/v2\/product"}],"about":[{"href":"https:\/\/roveyayinevi.com.tr\/index.php\/wp-json\/wp\/v2\/types\/product"}],"wp:attachment":[{"href":"https:\/\/roveyayinevi.com.tr\/index.php\/wp-json\/wp\/v2\/media?parent=725398"}],"wp:term":[{"taxonomy":"product_brand","embeddable":true,"href":"https:\/\/roveyayinevi.com.tr\/index.php\/wp-json\/wp\/v2\/product_brand?post=725398"},{"taxonomy":"product_cat","embeddable":true,"href":"https:\/\/roveyayinevi.com.tr\/index.php\/wp-json\/wp\/v2\/product_cat?post=725398"},{"taxonomy":"product_tag","embeddable":true,"href":"https:\/\/roveyayinevi.com.tr\/index.php\/wp-json\/wp\/v2\/product_tag?post=725398"}],"curies":[{"name":"wp","href":"https:\/\/api.w.org\/{rel}","templated":true}]}}